{"id":3139,"date":"2025-08-20T12:35:45","date_gmt":"2025-08-20T12:35:45","guid":{"rendered":"https:\/\/www.brikaelektrik.al\/?post_type=product&#038;p=3139"},"modified":"2025-08-20T12:35:45","modified_gmt":"2025-08-20T12:35:45","slug":"kuti-automati-gipsi-36m","status":"publish","type":"product","link":"https:\/\/www.brikaelektrik.al\/al\/produkt\/kuti-automati-gipsi-36m\/","title":{"rendered":"KUTI AUTOMATI GIPSI 36M"},"content":{"rendered":"<p><strong data-start=\"108\" data-end=\"117\">Seria<\/strong> 40CDI<br data-start=\"123\" data-end=\"126\" \/><strong data-start=\"126\" data-end=\"135\">Lloji<\/strong> Centralino p\u00ebr montim n\u00eb mur karton-gips<br data-start=\"176\" data-end=\"179\" \/><strong data-start=\"179\" data-end=\"189\" data-is-only-node=\"\">Ngjyra<\/strong> E bardh\u00eb (RAL 9016) der\u00eb transparent-tymosur<br data-start=\"234\" data-end=\"237\" \/><strong data-start=\"237\" data-end=\"250\">Materiali<\/strong> Teknopolimer pa halogjene GWT 850\u00b0C<br data-start=\"286\" data-end=\"289\" \/><strong data-start=\"289\" data-end=\"298\">Forma<\/strong> Panel modern me korniz\u00eb t\u00eb nxjerrshme dhe der\u00eb t\u00eb tymosur<br data-start=\"356\" data-end=\"359\" \/><strong data-start=\"359\" data-end=\"376\">P\u00ebrputhshm\u00ebri<\/strong> Bashkohet me elementin GW40425<br data-start=\"407\" data-end=\"410\" \/><strong data-start=\"410\" data-end=\"430\">Numri i moduleve<\/strong> 36 (2&#215;18)<br data-start=\"440\" data-end=\"443\" \/><strong data-start=\"443\" data-end=\"456\">Standardi<\/strong> CE i certifikuar<br data-start=\"473\" data-end=\"476\" \/><strong data-start=\"476\" data-end=\"488\">P\u00ebrmasat<\/strong> Gjer\u00ebsia 465 mm Lart\u00ebsia 505 mm Thell\u00ebsia 85 mm<br data-start=\"536\" data-end=\"539\" \/><strong data-start=\"539\" data-end=\"569\">Temperatura e funksionimit<\/strong> -15\u00b0C \u00f7 +60\u00b0C<br data-start=\"583\" data-end=\"586\" \/><strong data-start=\"586\" data-end=\"606\">Klasa e izolimit<\/strong> II<br data-start=\"609\" data-end=\"612\" \/><strong data-start=\"612\" data-end=\"644\">P\u00ebrputhshm\u00ebria me standardet<\/strong> EN 60670-1 IEC 60670-1 CEI 23-49<br data-start=\"677\" data-end=\"680\" \/><strong data-start=\"680\" data-end=\"723\">Testi i ngrohjes me filamentin e nxeht\u00eb<\/strong> 850\u00b0C<\/p>","protected":false},"excerpt":{"rendered":"<p>Seria 40CDILloji Centralino p\u00ebr montim n\u00eb mur karton-gipsNgjyra E bardh\u00eb (RAL 9016) der\u00eb transparent-tymosurMateriali Teknopolimer pa halogjene GWT 850\u00b0CForma Panel modern me korniz\u00eb t\u00eb nxjerrshme dhe der\u00eb t\u00eb tymosurP\u00ebrputhshm\u00ebri Bashkohet me elementin GW40425Numri i moduleve 36 (2&#215;18)Standardi CE i certifikuarP\u00ebrmasat Gjer\u00ebsia 465 mm Lart\u00ebsia 505 mm Thell\u00ebsia 85 mmTemperatura e funksionimit -15\u00b0C \u00f7 +60\u00b0CKlasa e [&hellip;]<\/p>","protected":false},"featured_media":3140,"comment_status":"open","ping_status":"closed","template":"","meta":{"_acf_changed":false},"product_brand":[],"product_cat":[40,69],"product_tag":[],"class_list":{"0":"post-3139","1":"product","2":"type-product","3":"status-publish","4":"has-post-thumbnail","6":"product_cat-serite-civile","7":"product_cat-gewiss-system","9":"first","10":"instock","11":"shipping-taxable","12":"product-type-simple"},"acf":[],"_links":{"self":[{"href":"https:\/\/www.brikaelektrik.al\/al\/wp-json\/wp\/v2\/product\/3139","targetHints":{"allow":["GET"]}}],"collection":[{"href":"https:\/\/www.brikaelektrik.al\/al\/wp-json\/wp\/v2\/product"}],"about":[{"href":"https:\/\/www.brikaelektrik.al\/al\/wp-json\/wp\/v2\/types\/product"}],"replies":[{"embeddable":true,"href":"https:\/\/www.brikaelektrik.al\/al\/wp-json\/wp\/v2\/comments?post=3139"}],"wp:featuredmedia":[{"embeddable":true,"href":"https:\/\/www.brikaelektrik.al\/al\/wp-json\/wp\/v2\/media\/3140"}],"wp:attachment":[{"href":"https:\/\/www.brikaelektrik.al\/al\/wp-json\/wp\/v2\/media?parent=3139"}],"wp:term":[{"taxonomy":"product_brand","embeddable":true,"href":"https:\/\/www.brikaelektrik.al\/al\/wp-json\/wp\/v2\/product_brand?post=3139"},{"taxonomy":"product_cat","embeddable":true,"href":"https:\/\/www.brikaelektrik.al\/al\/wp-json\/wp\/v2\/product_cat?post=3139"},{"taxonomy":"product_tag","embeddable":true,"href":"https:\/\/www.brikaelektrik.al\/al\/wp-json\/wp\/v2\/product_tag?post=3139"}],"curies":[{"name":"wp","href":"https:\/\/api.w.org\/{rel}","templated":true}]}}