{"id":3141,"date":"2025-08-20T12:45:09","date_gmt":"2025-08-20T12:45:09","guid":{"rendered":"https:\/\/www.brikaelektrik.al\/?post_type=product&#038;p=3141"},"modified":"2025-08-20T12:45:09","modified_gmt":"2025-08-20T12:45:09","slug":"kuti-automati-gipsi-12m","status":"publish","type":"product","link":"https:\/\/www.brikaelektrik.al\/al\/produkt\/kuti-automati-gipsi-12m\/","title":{"rendered":"KUTI AUTOMATI GIPSI 12M"},"content":{"rendered":"<p data-start=\"108\" data-end=\"728\"><strong data-start=\"108\" data-end=\"117\">Seria<\/strong> 40CDI<br data-start=\"123\" data-end=\"126\" \/><strong data-start=\"126\" data-end=\"135\">Lloji<\/strong> Centralino p\u00ebr montim n\u00eb mur karton-gips<br data-start=\"176\" data-end=\"179\" \/><strong data-start=\"179\" data-end=\"189\" data-is-only-node=\"\">Ngjyra<\/strong> E bardh\u00eb RAL 9016 der\u00eb transparent-tymosur<br data-start=\"232\" data-end=\"235\" \/><strong data-start=\"235\" data-end=\"248\">Materiali<\/strong> Teknopolimer pa halogjene GWT 850\u00b0C<br data-start=\"284\" data-end=\"287\" \/><strong data-start=\"287\" data-end=\"296\">Forma<\/strong> Panel modern me korniz\u00eb t\u00eb nxjerrshme dhe der\u00eb t\u00eb tymosur<br data-start=\"354\" data-end=\"357\" \/><strong data-start=\"357\" data-end=\"375\">P\u00ebrputhshm\u00ebria<\/strong> Bashkohet me elementin GW40425<br data-start=\"406\" data-end=\"409\" \/><strong data-start=\"409\" data-end=\"429\">Numri i moduleve<\/strong> 12 (1&#215;12)<br data-start=\"439\" data-end=\"442\" \/><strong data-start=\"442\" data-end=\"455\">Standardi<\/strong> CE i certifikuar<br data-start=\"472\" data-end=\"475\" \/><strong data-start=\"475\" data-end=\"487\">P\u00ebrmasat<\/strong> Gjer\u00ebsia 330 mm Lart\u00ebsia 270 mm Thell\u00ebsia 85 mm<br data-start=\"535\" data-end=\"538\" \/><strong data-start=\"538\" data-end=\"568\">Temperatura e funksionimit<\/strong> -15\u00b0C \u00f7 +60\u00b0C<br data-start=\"582\" data-end=\"585\" \/><strong data-start=\"585\" data-end=\"605\">Klasa e izolimit<\/strong> II<br data-start=\"608\" data-end=\"611\" \/><strong data-start=\"611\" data-end=\"643\">P\u00ebrputhshm\u00ebria me standardet<\/strong> EN 60670-1 IEC 60670-1 CEI 23-49<br data-start=\"676\" data-end=\"679\" \/><strong data-start=\"679\" data-end=\"722\">Testi i ngrohjes me filamentin e nxeht\u00eb<\/strong> 850\u00b0C<\/p>","protected":false},"excerpt":{"rendered":"<p>Seria 40CDILloji Centralino p\u00ebr montim n\u00eb mur karton-gipsNgjyra E bardh\u00eb RAL 9016 der\u00eb transparent-tymosurMateriali Teknopolimer pa halogjene GWT 850\u00b0CForma Panel modern me korniz\u00eb t\u00eb nxjerrshme dhe der\u00eb t\u00eb tymosurP\u00ebrputhshm\u00ebria Bashkohet me elementin GW40425Numri i moduleve 12 (1&#215;12)Standardi CE i certifikuarP\u00ebrmasat Gjer\u00ebsia 330 mm Lart\u00ebsia 270 mm Thell\u00ebsia 85 mmTemperatura e funksionimit -15\u00b0C \u00f7 +60\u00b0CKlasa e [&hellip;]<\/p>","protected":false},"featured_media":3142,"comment_status":"open","ping_status":"closed","template":"","meta":{"_acf_changed":false},"product_brand":[],"product_cat":[40,69],"product_tag":[],"class_list":{"0":"post-3141","1":"product","2":"type-product","3":"status-publish","4":"has-post-thumbnail","6":"product_cat-serite-civile","7":"product_cat-gewiss-system","9":"first","10":"instock","11":"shipping-taxable","12":"product-type-simple"},"acf":[],"_links":{"self":[{"href":"https:\/\/www.brikaelektrik.al\/al\/wp-json\/wp\/v2\/product\/3141","targetHints":{"allow":["GET"]}}],"collection":[{"href":"https:\/\/www.brikaelektrik.al\/al\/wp-json\/wp\/v2\/product"}],"about":[{"href":"https:\/\/www.brikaelektrik.al\/al\/wp-json\/wp\/v2\/types\/product"}],"replies":[{"embeddable":true,"href":"https:\/\/www.brikaelektrik.al\/al\/wp-json\/wp\/v2\/comments?post=3141"}],"wp:featuredmedia":[{"embeddable":true,"href":"https:\/\/www.brikaelektrik.al\/al\/wp-json\/wp\/v2\/media\/3142"}],"wp:attachment":[{"href":"https:\/\/www.brikaelektrik.al\/al\/wp-json\/wp\/v2\/media?parent=3141"}],"wp:term":[{"taxonomy":"product_brand","embeddable":true,"href":"https:\/\/www.brikaelektrik.al\/al\/wp-json\/wp\/v2\/product_brand?post=3141"},{"taxonomy":"product_cat","embeddable":true,"href":"https:\/\/www.brikaelektrik.al\/al\/wp-json\/wp\/v2\/product_cat?post=3141"},{"taxonomy":"product_tag","embeddable":true,"href":"https:\/\/www.brikaelektrik.al\/al\/wp-json\/wp\/v2\/product_tag?post=3141"}],"curies":[{"name":"wp","href":"https:\/\/api.w.org\/{rel}","templated":true}]}}