{"id":3143,"date":"2025-08-20T12:50:02","date_gmt":"2025-08-20T12:50:02","guid":{"rendered":"https:\/\/www.brikaelektrik.al\/?post_type=product&#038;p=3143"},"modified":"2025-08-20T12:50:02","modified_gmt":"2025-08-20T12:50:02","slug":"kuti-automati-36m-bm-e-bardhe","status":"publish","type":"product","link":"https:\/\/www.brikaelektrik.al\/al\/produkt\/kuti-automati-36m-bm-e-bardhe\/","title":{"rendered":"KUTI AUTOMATI 36M BM E BARDH\u00cb"},"content":{"rendered":"<p><strong data-start=\"100\" data-end=\"110\">Seria:<\/strong> 40CDI<br data-start=\"116\" data-end=\"119\" \/><strong data-start=\"119\" data-end=\"129\">Lloji:<\/strong> Centralino da arredo da incasso predisposto per alloggiamento morsettiere<br data-start=\"203\" data-end=\"206\" \/><strong data-start=\"206\" data-end=\"217\">Ngjyra:<\/strong> Bianco latte<br data-start=\"230\" data-end=\"233\" \/><strong data-start=\"233\" data-end=\"247\" data-is-only-node=\"\">Materiali:<\/strong> Termoplastik halogen-free, GWT 850\u00b0C<br data-start=\"284\" data-end=\"287\" \/><strong data-start=\"287\" data-end=\"297\">Forma:<\/strong> Virna moderne me der\u00eb transparente tymi<br data-start=\"398\" data-end=\"401\" \/><strong data-start=\"401\" data-end=\"422\">Numri i moduleve:<\/strong> 36 + 3 (12&#215;3) EN 50022<br data-start=\"445\" data-end=\"448\" \/><strong data-start=\"448\" data-end=\"462\">Standardi:<\/strong> CE i certifikuar<br data-start=\"479\" data-end=\"482\" \/><strong data-start=\"482\" data-end=\"495\">P\u00ebrmasat:<\/strong> Gjer\u00ebsia 328 mm, Lart\u00ebsia 493 mm, Thell\u00ebsia 28 mm<br data-start=\"545\" data-end=\"548\" \/><strong data-start=\"548\" data-end=\"579\">Temperatura e funksionimit:<\/strong> \u201315\u00b0C \u00f7 +60\u00b0C<br data-start=\"593\" data-end=\"596\" \/><strong data-start=\"596\" data-end=\"617\">Klasa e izolimit:<\/strong> II<br data-start=\"620\" data-end=\"623\" \/><strong data-start=\"623\" data-end=\"647\">Shkalla e mbrojtjes:<\/strong> IP40, IK08<br data-start=\"658\" data-end=\"661\" \/><strong data-start=\"661\" data-end=\"684\">Potenca dispersive:<\/strong> 42 W<br data-start=\"689\" data-end=\"692\" \/><strong data-start=\"692\" data-end=\"736\">Testi i ngrohjes me filamentin e nxeht\u00eb:<\/strong> 650\u00b0C<br data-start=\"742\" data-end=\"745\" \/><strong data-start=\"745\" data-end=\"766\">Tensioni nominal:<\/strong> 400 V<br data-start=\"772\" data-end=\"775\" \/><strong data-start=\"775\" data-end=\"799\">Tensioni i izolimit:<\/strong> 750 V<br data-start=\"805\" data-end=\"808\" \/><strong data-start=\"808\" data-end=\"838\">Rezistenca ndaj goditjeve:<\/strong> IK08<br data-start=\"843\" data-end=\"846\" \/><strong data-start=\"846\" data-end=\"887\">Temperatura e termopresionit me bil\u00eb:<\/strong> 70\u00b0C<br data-start=\"892\" data-end=\"895\" \/><strong data-start=\"895\" data-end=\"909\">Instalimi:<\/strong> I p\u00ebrshtatsh\u00ebm p\u00ebr mure betoni<\/p>","protected":false},"excerpt":{"rendered":"<p>Seria: 40CDILloji: Centralino da arredo da incasso predisposto per alloggiamento morsettiereNgjyra: Bianco latteMateriali: Termoplastik halogen-free, GWT 850\u00b0CForma: Virna moderne me der\u00eb transparente tymiNumri i moduleve: 36 + 3 (12&#215;3) EN 50022Standardi: CE i certifikuarP\u00ebrmasat: Gjer\u00ebsia 328 mm, Lart\u00ebsia 493 mm, Thell\u00ebsia 28 mmTemperatura e funksionimit: \u201315\u00b0C \u00f7 +60\u00b0CKlasa e izolimit: IIShkalla e mbrojtjes: IP40, IK08Potenca [&hellip;]<\/p>","protected":false},"featured_media":3144,"comment_status":"open","ping_status":"closed","template":"","meta":{"_acf_changed":false},"product_brand":[],"product_cat":[40,69],"product_tag":[],"class_list":{"0":"post-3143","1":"product","2":"type-product","3":"status-publish","4":"has-post-thumbnail","6":"product_cat-serite-civile","7":"product_cat-gewiss-system","9":"first","10":"instock","11":"shipping-taxable","12":"product-type-simple"},"acf":[],"_links":{"self":[{"href":"https:\/\/www.brikaelektrik.al\/al\/wp-json\/wp\/v2\/product\/3143","targetHints":{"allow":["GET"]}}],"collection":[{"href":"https:\/\/www.brikaelektrik.al\/al\/wp-json\/wp\/v2\/product"}],"about":[{"href":"https:\/\/www.brikaelektrik.al\/al\/wp-json\/wp\/v2\/types\/product"}],"replies":[{"embeddable":true,"href":"https:\/\/www.brikaelektrik.al\/al\/wp-json\/wp\/v2\/comments?post=3143"}],"wp:featuredmedia":[{"embeddable":true,"href":"https:\/\/www.brikaelektrik.al\/al\/wp-json\/wp\/v2\/media\/3144"}],"wp:attachment":[{"href":"https:\/\/www.brikaelektrik.al\/al\/wp-json\/wp\/v2\/media?parent=3143"}],"wp:term":[{"taxonomy":"product_brand","embeddable":true,"href":"https:\/\/www.brikaelektrik.al\/al\/wp-json\/wp\/v2\/product_brand?post=3143"},{"taxonomy":"product_cat","embeddable":true,"href":"https:\/\/www.brikaelektrik.al\/al\/wp-json\/wp\/v2\/product_cat?post=3143"},{"taxonomy":"product_tag","embeddable":true,"href":"https:\/\/www.brikaelektrik.al\/al\/wp-json\/wp\/v2\/product_tag?post=3143"}],"curies":[{"name":"wp","href":"https:\/\/api.w.org\/{rel}","templated":true}]}}