{"id":3149,"date":"2025-08-20T12:56:30","date_gmt":"2025-08-20T12:56:30","guid":{"rendered":"https:\/\/www.brikaelektrik.al\/?post_type=product&#038;p=3149"},"modified":"2025-08-20T12:56:30","modified_gmt":"2025-08-20T12:56:30","slug":"kuti-automati-j-m-24m","status":"publish","type":"product","link":"https:\/\/www.brikaelektrik.al\/al\/produkt\/kuti-automati-j-m-24m\/","title":{"rendered":"KUTI AUTOMATI J\/M 24M"},"content":{"rendered":"<p><strong data-start=\"58\" data-end=\"68\">Seria:<\/strong> 40CD<br data-start=\"73\" data-end=\"76\" \/><strong data-start=\"76\" data-end=\"86\">Lloji:<\/strong> Centralino da arredo da incasso predisposto per alloggiamento morsettiere<br data-start=\"160\" data-end=\"163\" \/><strong data-start=\"163\" data-end=\"174\">Ngjyra:<\/strong> RAL 7035 (Gri)<br data-start=\"189\" data-end=\"192\" data-is-only-node=\"\" \/><strong data-start=\"192\" data-end=\"206\">Materiali:<\/strong> Termoplastik halogen-free, GWT 850\u00b0C<br data-start=\"243\" data-end=\"246\" \/><strong data-start=\"246\" data-end=\"256\">Forma:<\/strong> Panel modern me der\u00eb transparente tymi<br data-start=\"356\" data-end=\"359\" \/><strong data-start=\"359\" data-end=\"380\">Numri i moduleve:<\/strong> 24 (12&#215;2) sipas EN 50022<br data-start=\"405\" data-end=\"408\" \/><strong data-start=\"408\" data-end=\"422\">Standardi:<\/strong> CE i certifikuar<br data-start=\"439\" data-end=\"442\" \/><strong data-start=\"442\" data-end=\"455\">P\u00ebrmasat:<\/strong> Gjer\u00ebsia 250 mm, Lart\u00ebsia 375 mm, Thell\u00ebsia 135 mm<br data-start=\"506\" data-end=\"509\" \/><strong data-start=\"509\" data-end=\"540\">Temperatura e funksionimit:<\/strong> \u201315\u00b0C \u00f7 +60\u00b0C<br data-start=\"554\" data-end=\"557\" \/><strong data-start=\"557\" data-end=\"578\">Klasa e izolimit:<\/strong> II<br data-start=\"581\" data-end=\"584\" \/><strong data-start=\"584\" data-end=\"608\">Shkalla e mbrojtjes:<\/strong> IP55<br data-start=\"613\" data-end=\"616\" \/><strong data-start=\"616\" data-end=\"639\">Potenca dispersive:<\/strong> 27 W<br data-start=\"644\" data-end=\"647\" \/><strong data-start=\"647\" data-end=\"691\">Testi i ngrohjes me filamentin e nxeht\u00eb:<\/strong> 650\u00b0C<br data-start=\"697\" data-end=\"700\" \/><strong data-start=\"700\" data-end=\"721\">Tensioni nominal:<\/strong> 400 V<br data-start=\"727\" data-end=\"730\" \/><strong data-start=\"730\" data-end=\"754\">Tensioni i izolimit:<\/strong> 750 V<br data-start=\"760\" data-end=\"763\" \/><strong data-start=\"763\" data-end=\"793\">Rezistenca ndaj goditjeve:<\/strong> IK08<br data-start=\"798\" data-end=\"801\" \/><strong data-start=\"801\" data-end=\"842\">Temperatura e termopresionit me bil\u00eb:<\/strong> 70\u00b0C<br data-start=\"847\" data-end=\"850\" \/><strong data-start=\"850\" data-end=\"864\">Instalimi:<\/strong> I p\u00ebrshtatsh\u00ebm p\u00ebr mure betoni<\/p>","protected":false},"excerpt":{"rendered":"<p>Seria: 40CDLloji: Centralino da arredo da incasso predisposto per alloggiamento morsettiereNgjyra: RAL 7035 (Gri)Materiali: Termoplastik halogen-free, GWT 850\u00b0CForma: Panel modern me der\u00eb transparente tymiNumri i moduleve: 24 (12&#215;2) sipas EN 50022Standardi: CE i certifikuarP\u00ebrmasat: Gjer\u00ebsia 250 mm, Lart\u00ebsia 375 mm, Thell\u00ebsia 135 mmTemperatura e funksionimit: \u201315\u00b0C \u00f7 +60\u00b0CKlasa e izolimit: IIShkalla e mbrojtjes: IP55Potenca dispersive: [&hellip;]<\/p>","protected":false},"featured_media":3150,"comment_status":"open","ping_status":"closed","template":"","meta":{"_acf_changed":false},"product_brand":[],"product_cat":[40,69],"product_tag":[],"class_list":{"0":"post-3149","1":"product","2":"type-product","3":"status-publish","4":"has-post-thumbnail","6":"product_cat-serite-civile","7":"product_cat-gewiss-system","9":"first","10":"instock","11":"shipping-taxable","12":"product-type-simple"},"acf":[],"_links":{"self":[{"href":"https:\/\/www.brikaelektrik.al\/al\/wp-json\/wp\/v2\/product\/3149","targetHints":{"allow":["GET"]}}],"collection":[{"href":"https:\/\/www.brikaelektrik.al\/al\/wp-json\/wp\/v2\/product"}],"about":[{"href":"https:\/\/www.brikaelektrik.al\/al\/wp-json\/wp\/v2\/types\/product"}],"replies":[{"embeddable":true,"href":"https:\/\/www.brikaelektrik.al\/al\/wp-json\/wp\/v2\/comments?post=3149"}],"wp:featuredmedia":[{"embeddable":true,"href":"https:\/\/www.brikaelektrik.al\/al\/wp-json\/wp\/v2\/media\/3150"}],"wp:attachment":[{"href":"https:\/\/www.brikaelektrik.al\/al\/wp-json\/wp\/v2\/media?parent=3149"}],"wp:term":[{"taxonomy":"product_brand","embeddable":true,"href":"https:\/\/www.brikaelektrik.al\/al\/wp-json\/wp\/v2\/product_brand?post=3149"},{"taxonomy":"product_cat","embeddable":true,"href":"https:\/\/www.brikaelektrik.al\/al\/wp-json\/wp\/v2\/product_cat?post=3149"},{"taxonomy":"product_tag","embeddable":true,"href":"https:\/\/www.brikaelektrik.al\/al\/wp-json\/wp\/v2\/product_tag?post=3149"}],"curies":[{"name":"wp","href":"https:\/\/api.w.org\/{rel}","templated":true}]}}