{"id":3151,"date":"2025-08-20T13:11:15","date_gmt":"2025-08-20T13:11:15","guid":{"rendered":"https:\/\/www.brikaelektrik.al\/?post_type=product&#038;p=3151"},"modified":"2025-08-20T13:11:15","modified_gmt":"2025-08-20T13:11:15","slug":"kuti-automati-8m-bm-e-bardhe","status":"publish","type":"product","link":"https:\/\/www.brikaelektrik.al\/al\/produkt\/kuti-automati-8m-bm-e-bardhe\/","title":{"rendered":"KUTI AUTOMATI 8M BM E BARDH\u00cb"},"content":{"rendered":"<p><strong data-start=\"143\" data-end=\"153\">Seria:<\/strong> 40 CDI<br data-start=\"160\" data-end=\"163\" \/><strong data-start=\"163\" data-end=\"173\">Lloji:<\/strong> Centralino da arredo da incasso<br data-start=\"205\" data-end=\"208\" \/><strong data-start=\"208\" data-end=\"219\" data-is-only-node=\"\">Ngjyra:<\/strong> E bardh\u00eb (RAL 9016)<br data-start=\"239\" data-end=\"242\" \/><strong data-start=\"242\" data-end=\"256\">Materiali:<\/strong> Termoplastik halogen-free<br data-start=\"282\" data-end=\"285\" \/><strong data-start=\"285\" data-end=\"295\">Forma:<\/strong> Virna moderne me p\u00ebrfundim t\u00eb shk\u00eblqyer<br data-start=\"387\" data-end=\"390\" \/><strong data-start=\"390\" data-end=\"411\">Numri i moduleve:<\/strong> 8 + 1\/2<br data-start=\"419\" data-end=\"422\" \/><strong data-start=\"422\" data-end=\"436\">Standardi:<\/strong> CE i certifikuar<br data-start=\"453\" data-end=\"456\" \/><strong data-start=\"456\" data-end=\"469\">P\u00ebrmasat:<\/strong><br data-start=\"469\" data-end=\"472\" \/>\u202f\u202f\u2022 Gjer\u00ebsia: 250\u202fmm<br data-start=\"492\" data-end=\"495\" \/>\u202f\u202f\u2022 Lart\u00ebsia: 195\u202fmm<br data-start=\"515\" data-end=\"518\" \/>\u202f\u202f\u2022 Thell\u00ebsia: 26\u202fmm<br data-start=\"538\" data-end=\"541\" \/><strong data-start=\"541\" data-end=\"572\">Temperatura e funksionimit:<\/strong> -25\u00b0C \u00f7 +60\u00b0C<br data-start=\"586\" data-end=\"589\" \/><strong data-start=\"589\" data-end=\"610\">Klasa e izolimit:<\/strong> II (sip\u00ebr IEC 61140)<br data-start=\"631\" data-end=\"634\" \/><strong data-start=\"634\" data-end=\"667\">P\u00ebrputhshm\u00ebria me standardet:<\/strong> EN 60670-1, IEC 60670-24, CEI 23-48, CEI 23-49<br data-start=\"714\" data-end=\"717\" \/><strong data-start=\"717\" data-end=\"761\">Testi i ngrohjes me filamentin e nxeht\u00eb:<\/strong> 650\u00b0C<\/p>","protected":false},"excerpt":{"rendered":"<p>Seria: 40 CDILloji: Centralino da arredo da incassoNgjyra: E bardh\u00eb (RAL 9016)Materiali: Termoplastik halogen-freeForma: Virna moderne me p\u00ebrfundim t\u00eb shk\u00eblqyerNumri i moduleve: 8 + 1\/2Standardi: CE i certifikuarP\u00ebrmasat:\u202f\u202f\u2022 Gjer\u00ebsia: 250\u202fmm\u202f\u202f\u2022 Lart\u00ebsia: 195\u202fmm\u202f\u202f\u2022 Thell\u00ebsia: 26\u202fmmTemperatura e funksionimit: -25\u00b0C \u00f7 +60\u00b0CKlasa e izolimit: II (sip\u00ebr IEC 61140)P\u00ebrputhshm\u00ebria me standardet: EN 60670-1, IEC 60670-24, CEI 23-48, CEI 23-49Testi [&hellip;]<\/p>","protected":false},"featured_media":3153,"comment_status":"open","ping_status":"closed","template":"","meta":{"_acf_changed":false},"product_brand":[],"product_cat":[40,69],"product_tag":[],"class_list":{"0":"post-3151","1":"product","2":"type-product","3":"status-publish","4":"has-post-thumbnail","6":"product_cat-serite-civile","7":"product_cat-gewiss-system","9":"first","10":"instock","11":"shipping-taxable","12":"product-type-simple"},"acf":[],"_links":{"self":[{"href":"https:\/\/www.brikaelektrik.al\/al\/wp-json\/wp\/v2\/product\/3151","targetHints":{"allow":["GET"]}}],"collection":[{"href":"https:\/\/www.brikaelektrik.al\/al\/wp-json\/wp\/v2\/product"}],"about":[{"href":"https:\/\/www.brikaelektrik.al\/al\/wp-json\/wp\/v2\/types\/product"}],"replies":[{"embeddable":true,"href":"https:\/\/www.brikaelektrik.al\/al\/wp-json\/wp\/v2\/comments?post=3151"}],"wp:featuredmedia":[{"embeddable":true,"href":"https:\/\/www.brikaelektrik.al\/al\/wp-json\/wp\/v2\/media\/3153"}],"wp:attachment":[{"href":"https:\/\/www.brikaelektrik.al\/al\/wp-json\/wp\/v2\/media?parent=3151"}],"wp:term":[{"taxonomy":"product_brand","embeddable":true,"href":"https:\/\/www.brikaelektrik.al\/al\/wp-json\/wp\/v2\/product_brand?post=3151"},{"taxonomy":"product_cat","embeddable":true,"href":"https:\/\/www.brikaelektrik.al\/al\/wp-json\/wp\/v2\/product_cat?post=3151"},{"taxonomy":"product_tag","embeddable":true,"href":"https:\/\/www.brikaelektrik.al\/al\/wp-json\/wp\/v2\/product_tag?post=3151"}],"curies":[{"name":"wp","href":"https:\/\/api.w.org\/{rel}","templated":true}]}}