{"id":3154,"date":"2025-08-20T13:14:49","date_gmt":"2025-08-20T13:14:49","guid":{"rendered":"https:\/\/www.brikaelektrik.al\/?post_type=product&#038;p=3154"},"modified":"2025-08-20T13:14:49","modified_gmt":"2025-08-20T13:14:49","slug":"kuti-automati-8m-bm-e-zeze","status":"publish","type":"product","link":"https:\/\/www.brikaelektrik.al\/al\/produkt\/kuti-automati-8m-bm-e-zeze\/","title":{"rendered":"KUTI AUTOMATI 8M BM E ZEZ\u00cb"},"content":{"rendered":"<p><strong data-start=\"143\" data-end=\"153\">Seria:<\/strong> 40 CDI<br data-start=\"160\" data-end=\"163\" \/><strong data-start=\"163\" data-end=\"173\">Lloji:<\/strong> Centralino da arredo da incasso<br data-start=\"205\" data-end=\"208\" \/><strong data-start=\"208\" data-end=\"219\" data-is-only-node=\"\">Ngjyra:<\/strong> Toner Black<br data-start=\"231\" data-end=\"234\" \/><strong data-start=\"234\" data-end=\"248\">Materiali:<\/strong> Termoplastik halogen-free<br data-start=\"274\" data-end=\"277\" \/><strong data-start=\"277\" data-end=\"287\">Forma:<\/strong> Virna moderne me p\u00ebrfundim t\u00eb shk\u00eblqyer<br data-start=\"327\" data-end=\"330\" \/><strong data-start=\"382\" data-end=\"403\">Numri i moduleve:<\/strong> 8 + 1\/2<br data-start=\"411\" data-end=\"414\" \/><strong data-start=\"414\" data-end=\"428\">Standardi:<\/strong> CE i certifikuar<br data-start=\"445\" data-end=\"448\" \/><strong data-start=\"448\" data-end=\"461\">P\u00ebrmasat:<\/strong><br data-start=\"461\" data-end=\"464\" \/>\u202f\u202f\u2022 Gjer\u00ebsia: 248\u202fmm<br data-start=\"484\" data-end=\"487\" \/>\u202f\u202f\u2022 Lart\u00ebsia: 195\u202fmm<br data-start=\"507\" data-end=\"510\" \/>\u202f\u202f\u2022 Thell\u00ebsia: 107\u202fmm<br data-start=\"531\" data-end=\"534\" \/><strong data-start=\"534\" data-end=\"565\">Temperatura e funksionimit:<\/strong> -15\u00b0C \u00f7 +60\u00b0C<br data-start=\"579\" data-end=\"582\" \/><strong data-start=\"582\" data-end=\"603\">Klasa e izolimit:<\/strong> II (sip\u00ebr IEC 61140)<br data-start=\"624\" data-end=\"627\" \/><strong data-start=\"627\" data-end=\"660\">P\u00ebrputhshm\u00ebria me standardet:<\/strong> EN 60670-1, IEC 60670-24, CEI 23-48, CEI 23-49<br data-start=\"707\" data-end=\"710\" \/><strong data-start=\"710\" data-end=\"754\">Testi i ngrohjes me filamentin e nxeht\u00eb:<\/strong> 650\u00b0C<\/p>","protected":false},"excerpt":{"rendered":"<p>Seria: 40 CDILloji: Centralino da arredo da incassoNgjyra: Toner BlackMateriali: Termoplastik halogen-freeForma: Virna moderne me p\u00ebrfundim t\u00eb shk\u00eblqyerNumri i moduleve: 8 + 1\/2Standardi: CE i certifikuarP\u00ebrmasat:\u202f\u202f\u2022 Gjer\u00ebsia: 248\u202fmm\u202f\u202f\u2022 Lart\u00ebsia: 195\u202fmm\u202f\u202f\u2022 Thell\u00ebsia: 107\u202fmmTemperatura e funksionimit: -15\u00b0C \u00f7 +60\u00b0CKlasa e izolimit: II (sip\u00ebr IEC 61140)P\u00ebrputhshm\u00ebria me standardet: EN 60670-1, IEC 60670-24, CEI 23-48, CEI 23-49Testi i ngrohjes [&hellip;]<\/p>","protected":false},"featured_media":3155,"comment_status":"open","ping_status":"closed","template":"","meta":{"_acf_changed":false},"product_brand":[],"product_cat":[40,69],"product_tag":[],"class_list":{"0":"post-3154","1":"product","2":"type-product","3":"status-publish","4":"has-post-thumbnail","6":"product_cat-serite-civile","7":"product_cat-gewiss-system","9":"first","10":"instock","11":"shipping-taxable","12":"product-type-simple"},"acf":[],"_links":{"self":[{"href":"https:\/\/www.brikaelektrik.al\/al\/wp-json\/wp\/v2\/product\/3154","targetHints":{"allow":["GET"]}}],"collection":[{"href":"https:\/\/www.brikaelektrik.al\/al\/wp-json\/wp\/v2\/product"}],"about":[{"href":"https:\/\/www.brikaelektrik.al\/al\/wp-json\/wp\/v2\/types\/product"}],"replies":[{"embeddable":true,"href":"https:\/\/www.brikaelektrik.al\/al\/wp-json\/wp\/v2\/comments?post=3154"}],"wp:featuredmedia":[{"embeddable":true,"href":"https:\/\/www.brikaelektrik.al\/al\/wp-json\/wp\/v2\/media\/3155"}],"wp:attachment":[{"href":"https:\/\/www.brikaelektrik.al\/al\/wp-json\/wp\/v2\/media?parent=3154"}],"wp:term":[{"taxonomy":"product_brand","embeddable":true,"href":"https:\/\/www.brikaelektrik.al\/al\/wp-json\/wp\/v2\/product_brand?post=3154"},{"taxonomy":"product_cat","embeddable":true,"href":"https:\/\/www.brikaelektrik.al\/al\/wp-json\/wp\/v2\/product_cat?post=3154"},{"taxonomy":"product_tag","embeddable":true,"href":"https:\/\/www.brikaelektrik.al\/al\/wp-json\/wp\/v2\/product_tag?post=3154"}],"curies":[{"name":"wp","href":"https:\/\/api.w.org\/{rel}","templated":true}]}}