{"id":3159,"date":"2025-08-20T13:21:31","date_gmt":"2025-08-20T13:21:31","guid":{"rendered":"https:\/\/www.brikaelektrik.al\/?post_type=product&#038;p=3159"},"modified":"2025-08-20T13:21:31","modified_gmt":"2025-08-20T13:21:31","slug":"kuti-cp-ip65-jashte-muri-1p","status":"publish","type":"product","link":"https:\/\/www.brikaelektrik.al\/al\/produkt\/kuti-cp-ip65-jashte-muri-1p\/","title":{"rendered":"KUTI C+P IP65 JASHT\u00cb MURI 1P"},"content":{"rendered":"<p><strong data-start=\"128\" data-end=\"138\">Seria:<\/strong> 27 COMBI<br data-start=\"147\" data-end=\"150\" \/><strong data-start=\"150\" data-end=\"160\">Lloji:<\/strong> Centralino da incasso 1 modul<br data-start=\"190\" data-end=\"193\" data-is-only-node=\"\" \/><strong data-start=\"193\" data-end=\"204\">Ngjyra:<\/strong> Gri<br data-start=\"208\" data-end=\"211\" \/><strong data-start=\"211\" data-end=\"225\">Materiali:<\/strong> Termoplastik halogen-free<br data-start=\"251\" data-end=\"254\" \/><strong data-start=\"254\" data-end=\"275\">Numri i moduleve:<\/strong> 1<br data-start=\"277\" data-end=\"280\" \/><strong data-start=\"280\" data-end=\"294\">Standardi:<\/strong> CE<br data-start=\"297\" data-end=\"300\" \/><strong data-start=\"300\" data-end=\"313\">P\u00ebrmasat:<\/strong> Gjer\u00ebsia 66 mm Lart\u00ebsia 82 mm Thell\u00ebsia 65 mm<br data-start=\"359\" data-end=\"362\" \/><strong data-start=\"362\" data-end=\"383\">Klasa e izolimit:<\/strong> II<br data-start=\"386\" data-end=\"389\" \/><strong data-start=\"389\" data-end=\"411\">Grada e mbrojtjes:<\/strong> IP55<br data-start=\"416\" data-end=\"419\" \/><strong data-start=\"419\" data-end=\"443\">Rezistenca mekanike:<\/strong> IK07<\/p>","protected":false},"excerpt":{"rendered":"<p>Seria: 27 COMBILloji: Centralino da incasso 1 modulNgjyra: GriMateriali: Termoplastik halogen-freeNumri i moduleve: 1Standardi: CEP\u00ebrmasat: Gjer\u00ebsia 66 mm Lart\u00ebsia 82 mm Thell\u00ebsia 65 mmKlasa e izolimit: IIGrada e mbrojtjes: IP55Rezistenca mekanike: IK07<\/p>","protected":false},"featured_media":3161,"comment_status":"open","ping_status":"closed","template":"","meta":{"_acf_changed":false},"product_brand":[],"product_cat":[40,69],"product_tag":[],"class_list":{"0":"post-3159","1":"product","2":"type-product","3":"status-publish","4":"has-post-thumbnail","6":"product_cat-serite-civile","7":"product_cat-gewiss-system","9":"first","10":"instock","11":"shipping-taxable","12":"product-type-simple"},"acf":[],"_links":{"self":[{"href":"https:\/\/www.brikaelektrik.al\/al\/wp-json\/wp\/v2\/product\/3159","targetHints":{"allow":["GET"]}}],"collection":[{"href":"https:\/\/www.brikaelektrik.al\/al\/wp-json\/wp\/v2\/product"}],"about":[{"href":"https:\/\/www.brikaelektrik.al\/al\/wp-json\/wp\/v2\/types\/product"}],"replies":[{"embeddable":true,"href":"https:\/\/www.brikaelektrik.al\/al\/wp-json\/wp\/v2\/comments?post=3159"}],"wp:featuredmedia":[{"embeddable":true,"href":"https:\/\/www.brikaelektrik.al\/al\/wp-json\/wp\/v2\/media\/3161"}],"wp:attachment":[{"href":"https:\/\/www.brikaelektrik.al\/al\/wp-json\/wp\/v2\/media?parent=3159"}],"wp:term":[{"taxonomy":"product_brand","embeddable":true,"href":"https:\/\/www.brikaelektrik.al\/al\/wp-json\/wp\/v2\/product_brand?post=3159"},{"taxonomy":"product_cat","embeddable":true,"href":"https:\/\/www.brikaelektrik.al\/al\/wp-json\/wp\/v2\/product_cat?post=3159"},{"taxonomy":"product_tag","embeddable":true,"href":"https:\/\/www.brikaelektrik.al\/al\/wp-json\/wp\/v2\/product_tag?post=3159"}],"curies":[{"name":"wp","href":"https:\/\/api.w.org\/{rel}","templated":true}]}}