{"id":3162,"date":"2025-08-20T13:27:18","date_gmt":"2025-08-20T13:27:18","guid":{"rendered":"https:\/\/www.brikaelektrik.al\/?post_type=product&#038;p=3162"},"modified":"2025-08-20T13:27:18","modified_gmt":"2025-08-20T13:27:18","slug":"kuti-cp-ip65-jashte-muri-2p","status":"publish","type":"product","link":"https:\/\/www.brikaelektrik.al\/al\/produkt\/kuti-cp-ip65-jashte-muri-2p\/","title":{"rendered":"KUTI C+P IP65 JASHTE MURI 2P"},"content":{"rendered":"<p><strong data-start=\"88\" data-end=\"98\">Seria:<\/strong> 27 COMBI<br data-start=\"107\" data-end=\"110\" \/><strong data-start=\"110\" data-end=\"120\">Lloji:<\/strong> Centralino da incasso 2 module<br data-start=\"151\" data-end=\"154\" data-is-only-node=\"\" \/><strong data-start=\"154\" data-end=\"165\">Ngjyra:<\/strong> Gri<br data-start=\"169\" data-end=\"172\" \/><strong data-start=\"172\" data-end=\"186\">Materiali:<\/strong> PVC halogen-free<br data-start=\"203\" data-end=\"206\" \/><strong data-start=\"206\" data-end=\"227\">Numri i moduleve:<\/strong> 2<br data-start=\"229\" data-end=\"232\" \/><strong data-start=\"232\" data-end=\"246\">Standardi:<\/strong> CE<br data-start=\"249\" data-end=\"252\" \/><strong data-start=\"252\" data-end=\"265\">P\u00ebrmasat:<\/strong> Gjer\u00ebsia 66 mm Lart\u00ebsia 82 mm Thell\u00ebsia 65 mm<br data-start=\"311\" data-end=\"314\" \/><strong data-start=\"314\" data-end=\"335\">Klasa e izolimit:<\/strong> II<br data-start=\"338\" data-end=\"341\" \/><strong data-start=\"341\" data-end=\"363\">Grada e mbrojtjes:<\/strong> IP55<br data-start=\"368\" data-end=\"371\" \/><strong data-start=\"371\" data-end=\"395\">Rezistenca mekanike:<\/strong> IK07<\/p>","protected":false},"excerpt":{"rendered":"<p>Seria: 27 COMBILloji: Centralino da incasso 2 moduleNgjyra: GriMateriali: PVC halogen-freeNumri i moduleve: 2Standardi: CEP\u00ebrmasat: Gjer\u00ebsia 66 mm Lart\u00ebsia 82 mm Thell\u00ebsia 65 mmKlasa e izolimit: IIGrada e mbrojtjes: IP55Rezistenca mekanike: IK07<\/p>","protected":false},"featured_media":3164,"comment_status":"open","ping_status":"closed","template":"","meta":{"_acf_changed":false},"product_brand":[],"product_cat":[40,69],"product_tag":[],"class_list":{"0":"post-3162","1":"product","2":"type-product","3":"status-publish","4":"has-post-thumbnail","6":"product_cat-serite-civile","7":"product_cat-gewiss-system","9":"first","10":"instock","11":"shipping-taxable","12":"product-type-simple"},"acf":[],"_links":{"self":[{"href":"https:\/\/www.brikaelektrik.al\/al\/wp-json\/wp\/v2\/product\/3162","targetHints":{"allow":["GET"]}}],"collection":[{"href":"https:\/\/www.brikaelektrik.al\/al\/wp-json\/wp\/v2\/product"}],"about":[{"href":"https:\/\/www.brikaelektrik.al\/al\/wp-json\/wp\/v2\/types\/product"}],"replies":[{"embeddable":true,"href":"https:\/\/www.brikaelektrik.al\/al\/wp-json\/wp\/v2\/comments?post=3162"}],"wp:featuredmedia":[{"embeddable":true,"href":"https:\/\/www.brikaelektrik.al\/al\/wp-json\/wp\/v2\/media\/3164"}],"wp:attachment":[{"href":"https:\/\/www.brikaelektrik.al\/al\/wp-json\/wp\/v2\/media?parent=3162"}],"wp:term":[{"taxonomy":"product_brand","embeddable":true,"href":"https:\/\/www.brikaelektrik.al\/al\/wp-json\/wp\/v2\/product_brand?post=3162"},{"taxonomy":"product_cat","embeddable":true,"href":"https:\/\/www.brikaelektrik.al\/al\/wp-json\/wp\/v2\/product_cat?post=3162"},{"taxonomy":"product_tag","embeddable":true,"href":"https:\/\/www.brikaelektrik.al\/al\/wp-json\/wp\/v2\/product_tag?post=3162"}],"curies":[{"name":"wp","href":"https:\/\/api.w.org\/{rel}","templated":true}]}}