{"id":3165,"date":"2025-08-20T13:35:10","date_gmt":"2025-08-20T13:35:10","guid":{"rendered":"https:\/\/www.brikaelektrik.al\/?post_type=product&#038;p=3165"},"modified":"2025-08-20T13:35:10","modified_gmt":"2025-08-20T13:35:10","slug":"kuti-gipsi-cp-6-poste-jeshile","status":"publish","type":"product","link":"https:\/\/www.brikaelektrik.al\/al\/produkt\/kuti-gipsi-cp-6-poste-jeshile\/","title":{"rendered":"KUTI GIPSI C+P 6 POSTE JESHILE"},"content":{"rendered":"<p><strong data-start=\"209\" data-end=\"219\">Seria:<\/strong> Green Wall<br data-start=\"230\" data-end=\"233\" \/><strong data-start=\"233\" data-end=\"243\">Lloji:<\/strong> Doz\u00eb incastrimi p\u00ebr mure rigipsi<br data-start=\"276\" data-end=\"279\" \/><strong data-start=\"279\" data-end=\"300\" data-is-only-node=\"\">Numri i moduleve:<\/strong> 6<br data-start=\"302\" data-end=\"305\" \/><strong data-start=\"305\" data-end=\"318\">P\u00ebrmasat:<\/strong> 182\u202f\u00d7\u202f73\u202f\u00d7\u202f50\u202fmm<br data-start=\"335\" data-end=\"338\" \/><strong data-start=\"338\" data-end=\"349\">Ngjyra:<\/strong> E gjelb\u00ebr<br data-start=\"359\" data-end=\"362\" \/><strong data-start=\"362\" data-end=\"376\">Materiali:<\/strong> PVC halogen-free<br data-start=\"393\" data-end=\"396\" \/><strong data-start=\"396\" data-end=\"414\">P\u00ebrputhshm\u00ebri:<\/strong> P\u00ebrdoret me mb\u00ebshtetje GW40671<br data-start=\"479\" data-end=\"482\" \/><strong data-start=\"482\" data-end=\"513\">Temperatura e funksionimit:<\/strong> -25\u00b0C \u00f7 +60\u00b0C<br data-start=\"527\" data-end=\"530\" \/><strong data-start=\"530\" data-end=\"551\">Klasa e izolimit:<\/strong> II (sip\u00ebr IEC 61140)<br data-start=\"572\" data-end=\"575\" \/><strong data-start=\"575\" data-end=\"597\">Grada e mbrojtjes:<\/strong> IP55<br data-start=\"602\" data-end=\"605\" \/><strong data-start=\"605\" data-end=\"629\">Rezistenca mekanike:<\/strong> IK07<br data-start=\"836\" data-end=\"839\" \/><strong data-start=\"839\" data-end=\"874\">Numri i vrimave p\u00ebr kabllo \u00d823:<\/strong> 3 n\u00eb an\u00eb \/ 1 n\u00eb fund<br data-start=\"895\" data-end=\"898\" \/><strong data-start=\"898\" data-end=\"943\">Numri i vrimave p\u00ebr mbush\u00ebs kabllosh \u00d823:<\/strong> 1<br data-start=\"945\" data-end=\"948\" \/><strong data-start=\"948\" data-end=\"968\">Lloji i vrimave:<\/strong> T\u00eb largueshme me mjet<br data-start=\"990\" data-end=\"993\" \/><strong data-start=\"993\" data-end=\"1022\">Temperatura e instalimit:<\/strong> -25\u00b0C \u00f7 +60\u00b0C<br data-start=\"1036\" data-end=\"1039\" \/><strong data-start=\"1039\" data-end=\"1072\">P\u00ebrputhshm\u00ebria me standardet:<\/strong> EN 60670-1<\/p>","protected":false},"excerpt":{"rendered":"<p>Seria: Green WallLloji: Doz\u00eb incastrimi p\u00ebr mure rigipsiNumri i moduleve: 6P\u00ebrmasat: 182\u202f\u00d7\u202f73\u202f\u00d7\u202f50\u202fmmNgjyra: E gjelb\u00ebrMateriali: PVC halogen-freeP\u00ebrputhshm\u00ebri: P\u00ebrdoret me mb\u00ebshtetje GW40671Temperatura e funksionimit: -25\u00b0C \u00f7 +60\u00b0CKlasa e izolimit: II (sip\u00ebr IEC 61140)Grada e mbrojtjes: IP55Rezistenca mekanike: IK07Numri i vrimave p\u00ebr kabllo \u00d823: 3 n\u00eb an\u00eb \/ 1 n\u00eb fundNumri i vrimave p\u00ebr mbush\u00ebs kabllosh \u00d823: 1Lloji [&hellip;]<\/p>","protected":false},"featured_media":3166,"comment_status":"open","ping_status":"closed","template":"","meta":{"_acf_changed":false},"product_brand":[],"product_cat":[40,69],"product_tag":[],"class_list":{"0":"post-3165","1":"product","2":"type-product","3":"status-publish","4":"has-post-thumbnail","6":"product_cat-serite-civile","7":"product_cat-gewiss-system","9":"first","10":"instock","11":"shipping-taxable","12":"product-type-simple"},"acf":[],"_links":{"self":[{"href":"https:\/\/www.brikaelektrik.al\/al\/wp-json\/wp\/v2\/product\/3165","targetHints":{"allow":["GET"]}}],"collection":[{"href":"https:\/\/www.brikaelektrik.al\/al\/wp-json\/wp\/v2\/product"}],"about":[{"href":"https:\/\/www.brikaelektrik.al\/al\/wp-json\/wp\/v2\/types\/product"}],"replies":[{"embeddable":true,"href":"https:\/\/www.brikaelektrik.al\/al\/wp-json\/wp\/v2\/comments?post=3165"}],"wp:featuredmedia":[{"embeddable":true,"href":"https:\/\/www.brikaelektrik.al\/al\/wp-json\/wp\/v2\/media\/3166"}],"wp:attachment":[{"href":"https:\/\/www.brikaelektrik.al\/al\/wp-json\/wp\/v2\/media?parent=3165"}],"wp:term":[{"taxonomy":"product_brand","embeddable":true,"href":"https:\/\/www.brikaelektrik.al\/al\/wp-json\/wp\/v2\/product_brand?post=3165"},{"taxonomy":"product_cat","embeddable":true,"href":"https:\/\/www.brikaelektrik.al\/al\/wp-json\/wp\/v2\/product_cat?post=3165"},{"taxonomy":"product_tag","embeddable":true,"href":"https:\/\/www.brikaelektrik.al\/al\/wp-json\/wp\/v2\/product_tag?post=3165"}],"curies":[{"name":"wp","href":"https:\/\/api.w.org\/{rel}","templated":true}]}}