{"id":3167,"date":"2025-08-20T14:15:38","date_gmt":"2025-08-20T14:15:38","guid":{"rendered":"https:\/\/www.brikaelektrik.al\/?post_type=product&#038;p=3167"},"modified":"2025-08-20T14:15:39","modified_gmt":"2025-08-20T14:15:39","slug":"kuti-cp-ip65-jashte-murit-3p","status":"publish","type":"product","link":"https:\/\/www.brikaelektrik.al\/al\/produkt\/kuti-cp-ip65-jashte-murit-3p\/","title":{"rendered":"KUTI C+P IP65 JASHT\u00cb MURIT 3P"},"content":{"rendered":"<p><strong data-start=\"20\" data-end=\"30\">Seria:<\/strong> 27 COMBI<br data-start=\"39\" data-end=\"42\" \/><strong data-start=\"42\" data-end=\"52\">Lloji:<\/strong> Centralino incasso 3 module<br data-start=\"80\" data-end=\"83\" \/><strong data-start=\"83\" data-end=\"94\">Ngjyra:<\/strong> Gri RAL 7035<br data-start=\"107\" data-end=\"110\" \/><strong data-start=\"110\" data-end=\"124\">Materiali:<\/strong> PVC halogen-free<br data-start=\"141\" data-end=\"144\" \/><strong data-start=\"144\" data-end=\"157\">Mbrojtja:<\/strong> IP55 \u2013 IK07<br data-start=\"169\" data-end=\"172\" \/><strong data-start=\"172\" data-end=\"184\">P\u00ebrmasa:<\/strong> 99\u00d782\u00d765 mm<br data-start=\"196\" data-end=\"199\" \/><strong data-start=\"199\" data-end=\"215\">Temperatura:<\/strong> -25\u00b0C \u00f7 +60\u00b0C<\/p>","protected":false},"excerpt":{"rendered":"<p>Seria: 27 COMBILloji: Centralino incasso 3 moduleNgjyra: Gri RAL 7035Materiali: PVC halogen-freeMbrojtja: IP55 \u2013 IK07P\u00ebrmasa: 99\u00d782\u00d765 mmTemperatura: -25\u00b0C \u00f7 +60\u00b0C<\/p>","protected":false},"featured_media":3168,"comment_status":"open","ping_status":"closed","template":"","meta":{"_acf_changed":false},"product_brand":[],"product_cat":[40,69],"product_tag":[],"class_list":{"0":"post-3167","1":"product","2":"type-product","3":"status-publish","4":"has-post-thumbnail","6":"product_cat-serite-civile","7":"product_cat-gewiss-system","9":"first","10":"instock","11":"shipping-taxable","12":"product-type-simple"},"acf":[],"_links":{"self":[{"href":"https:\/\/www.brikaelektrik.al\/al\/wp-json\/wp\/v2\/product\/3167","targetHints":{"allow":["GET"]}}],"collection":[{"href":"https:\/\/www.brikaelektrik.al\/al\/wp-json\/wp\/v2\/product"}],"about":[{"href":"https:\/\/www.brikaelektrik.al\/al\/wp-json\/wp\/v2\/types\/product"}],"replies":[{"embeddable":true,"href":"https:\/\/www.brikaelektrik.al\/al\/wp-json\/wp\/v2\/comments?post=3167"}],"wp:featuredmedia":[{"embeddable":true,"href":"https:\/\/www.brikaelektrik.al\/al\/wp-json\/wp\/v2\/media\/3168"}],"wp:attachment":[{"href":"https:\/\/www.brikaelektrik.al\/al\/wp-json\/wp\/v2\/media?parent=3167"}],"wp:term":[{"taxonomy":"product_brand","embeddable":true,"href":"https:\/\/www.brikaelektrik.al\/al\/wp-json\/wp\/v2\/product_brand?post=3167"},{"taxonomy":"product_cat","embeddable":true,"href":"https:\/\/www.brikaelektrik.al\/al\/wp-json\/wp\/v2\/product_cat?post=3167"},{"taxonomy":"product_tag","embeddable":true,"href":"https:\/\/www.brikaelektrik.al\/al\/wp-json\/wp\/v2\/product_tag?post=3167"}],"curies":[{"name":"wp","href":"https:\/\/api.w.org\/{rel}","templated":true}]}}