{"id":3173,"date":"2025-08-20T14:22:28","date_gmt":"2025-08-20T14:22:28","guid":{"rendered":"https:\/\/www.brikaelektrik.al\/?post_type=product&#038;p=3173"},"modified":"2025-08-20T14:22:28","modified_gmt":"2025-08-20T14:22:28","slug":"kuti-cp-ip65-jashte-muri-4p","status":"publish","type":"product","link":"https:\/\/www.brikaelektrik.al\/al\/produkt\/kuti-cp-ip65-jashte-muri-4p\/","title":{"rendered":"KUTI C+P IP65 JASHT\u00cb MURI 4P"},"content":{"rendered":"<p><strong data-start=\"147\" data-end=\"157\">Seria:<\/strong> 27 COMBI<br data-start=\"166\" data-end=\"169\" \/><strong data-start=\"169\" data-end=\"179\">Lloji:<\/strong> Centralino incasso 4 module<br data-start=\"207\" data-end=\"210\" data-is-only-node=\"\" \/><strong data-start=\"210\" data-end=\"221\">Ngjyra:<\/strong> Gri RAL 7035<br data-start=\"234\" data-end=\"237\" \/><strong data-start=\"237\" data-end=\"251\">Materiali:<\/strong> Plastika halogen-free<br data-start=\"273\" data-end=\"276\" \/><strong data-start=\"276\" data-end=\"289\">Mbrojtja:<\/strong> IP55 \u2013 IK07<br data-start=\"301\" data-end=\"304\" \/><strong data-start=\"304\" data-end=\"316\">P\u00ebrmasa:<\/strong> 132 \u00d7 82 \u00d7 65 mm<\/p>","protected":false},"excerpt":{"rendered":"<p>Seria: 27 COMBILloji: Centralino incasso 4 moduleNgjyra: Gri RAL 7035Materiali: Plastika halogen-freeMbrojtja: IP55 \u2013 IK07P\u00ebrmasa: 132 \u00d7 82 \u00d7 65 mm<\/p>","protected":false},"featured_media":3174,"comment_status":"open","ping_status":"closed","template":"","meta":{"_acf_changed":false},"product_brand":[],"product_cat":[40,69],"product_tag":[],"class_list":{"0":"post-3173","1":"product","2":"type-product","3":"status-publish","4":"has-post-thumbnail","6":"product_cat-serite-civile","7":"product_cat-gewiss-system","9":"first","10":"instock","11":"shipping-taxable","12":"product-type-simple"},"acf":[],"_links":{"self":[{"href":"https:\/\/www.brikaelektrik.al\/al\/wp-json\/wp\/v2\/product\/3173","targetHints":{"allow":["GET"]}}],"collection":[{"href":"https:\/\/www.brikaelektrik.al\/al\/wp-json\/wp\/v2\/product"}],"about":[{"href":"https:\/\/www.brikaelektrik.al\/al\/wp-json\/wp\/v2\/types\/product"}],"replies":[{"embeddable":true,"href":"https:\/\/www.brikaelektrik.al\/al\/wp-json\/wp\/v2\/comments?post=3173"}],"wp:featuredmedia":[{"embeddable":true,"href":"https:\/\/www.brikaelektrik.al\/al\/wp-json\/wp\/v2\/media\/3174"}],"wp:attachment":[{"href":"https:\/\/www.brikaelektrik.al\/al\/wp-json\/wp\/v2\/media?parent=3173"}],"wp:term":[{"taxonomy":"product_brand","embeddable":true,"href":"https:\/\/www.brikaelektrik.al\/al\/wp-json\/wp\/v2\/product_brand?post=3173"},{"taxonomy":"product_cat","embeddable":true,"href":"https:\/\/www.brikaelektrik.al\/al\/wp-json\/wp\/v2\/product_cat?post=3173"},{"taxonomy":"product_tag","embeddable":true,"href":"https:\/\/www.brikaelektrik.al\/al\/wp-json\/wp\/v2\/product_tag?post=3173"}],"curies":[{"name":"wp","href":"https:\/\/api.w.org\/{rel}","templated":true}]}}