{"id":3182,"date":"2025-08-21T07:20:51","date_gmt":"2025-08-21T07:20:51","guid":{"rendered":"https:\/\/www.brikaelektrik.al\/?post_type=product&#038;p=3182"},"modified":"2025-08-21T07:20:51","modified_gmt":"2025-08-21T07:20:51","slug":"kuti-gipsi-pt8","status":"publish","type":"product","link":"https:\/\/www.brikaelektrik.al\/al\/produkt\/kuti-gipsi-pt8\/","title":{"rendered":"KUTI GIPSI PT8"},"content":{"rendered":"<p><strong data-start=\"150\" data-end=\"160\">Seria:<\/strong> Green Wall<br data-start=\"171\" data-end=\"174\" \/><strong data-start=\"174\" data-end=\"184\">Lloji:<\/strong> Kutia p\u00ebr lidhje dhe bashkim p\u00ebr mur karton-gips<br data-start=\"233\" data-end=\"236\" data-is-only-node=\"\" \/><strong data-start=\"236\" data-end=\"247\">Ngjyra:<\/strong> E gjelb\u00ebr (Green Wall) me mbules\u00eb RAL 9016<br data-start=\"290\" data-end=\"293\" \/><strong data-start=\"293\" data-end=\"307\">Materiali:<\/strong> Teknopolimer halogen-free<br data-start=\"333\" data-end=\"336\" \/><strong data-start=\"336\" data-end=\"357\">Numri i moduleve:<\/strong> 5 EN 50022 (nj\u00eb p\u00ebr \u00e7do p\u00ebrb\u00ebrje)<br data-start=\"391\" data-end=\"394\" \/><strong data-start=\"394\" data-end=\"408\">Standardi:<\/strong> CE i certifikuar<br data-start=\"425\" data-end=\"428\" \/><strong data-start=\"428\" data-end=\"441\">P\u00ebrmasat:<\/strong> Gjer\u00ebsia 392 mm Lart\u00ebsia 152 mm Thell\u00ebsia 75 mm<br data-start=\"550\" data-end=\"553\" \/><strong data-start=\"553\" data-end=\"588\">Dissipimi maksimal i energjis\u00eb:<\/strong> 17 W<\/p>","protected":false},"excerpt":{"rendered":"<p>Seria: Green WallLloji: Kutia p\u00ebr lidhje dhe bashkim p\u00ebr mur karton-gipsNgjyra: E gjelb\u00ebr (Green Wall) me mbules\u00eb RAL 9016Materiali: Teknopolimer halogen-freeNumri i moduleve: 5 EN 50022 (nj\u00eb p\u00ebr \u00e7do p\u00ebrb\u00ebrje)Standardi: CE i certifikuarP\u00ebrmasat: Gjer\u00ebsia 392 mm Lart\u00ebsia 152 mm Thell\u00ebsia 75 mmDissipimi maksimal i energjis\u00eb: 17 W<\/p>","protected":false},"featured_media":3183,"comment_status":"open","ping_status":"closed","template":"","meta":{"_acf_changed":false},"product_brand":[],"product_cat":[40,69],"product_tag":[],"class_list":{"0":"post-3182","1":"product","2":"type-product","3":"status-publish","4":"has-post-thumbnail","6":"product_cat-serite-civile","7":"product_cat-gewiss-system","9":"first","10":"instock","11":"shipping-taxable","12":"product-type-simple"},"acf":[],"_links":{"self":[{"href":"https:\/\/www.brikaelektrik.al\/al\/wp-json\/wp\/v2\/product\/3182","targetHints":{"allow":["GET"]}}],"collection":[{"href":"https:\/\/www.brikaelektrik.al\/al\/wp-json\/wp\/v2\/product"}],"about":[{"href":"https:\/\/www.brikaelektrik.al\/al\/wp-json\/wp\/v2\/types\/product"}],"replies":[{"embeddable":true,"href":"https:\/\/www.brikaelektrik.al\/al\/wp-json\/wp\/v2\/comments?post=3182"}],"wp:featuredmedia":[{"embeddable":true,"href":"https:\/\/www.brikaelektrik.al\/al\/wp-json\/wp\/v2\/media\/3183"}],"wp:attachment":[{"href":"https:\/\/www.brikaelektrik.al\/al\/wp-json\/wp\/v2\/media?parent=3182"}],"wp:term":[{"taxonomy":"product_brand","embeddable":true,"href":"https:\/\/www.brikaelektrik.al\/al\/wp-json\/wp\/v2\/product_brand?post=3182"},{"taxonomy":"product_cat","embeddable":true,"href":"https:\/\/www.brikaelektrik.al\/al\/wp-json\/wp\/v2\/product_cat?post=3182"},{"taxonomy":"product_tag","embeddable":true,"href":"https:\/\/www.brikaelektrik.al\/al\/wp-json\/wp\/v2\/product_tag?post=3182"}],"curies":[{"name":"wp","href":"https:\/\/api.w.org\/{rel}","templated":true}]}}