{"id":3184,"date":"2025-08-21T07:26:18","date_gmt":"2025-08-21T07:26:18","guid":{"rendered":"https:\/\/www.brikaelektrik.al\/?post_type=product&#038;p=3184"},"modified":"2025-08-21T07:26:19","modified_gmt":"2025-08-21T07:26:19","slug":"kuti-gipsi-pt9","status":"publish","type":"product","link":"https:\/\/www.brikaelektrik.al\/al\/produkt\/kuti-gipsi-pt9\/","title":{"rendered":"KUTI GIPSI PT9"},"content":{"rendered":"<p><strong data-start=\"151\" data-end=\"161\">Seria:<\/strong> Green Wall<br data-start=\"172\" data-end=\"175\" \/><strong data-start=\"175\" data-end=\"185\">Lloji:<\/strong> Kutia flush-mount p\u00ebr mur karton-gips<br data-start=\"223\" data-end=\"226\" data-is-only-node=\"\" \/><strong data-start=\"226\" data-end=\"237\">Ngjyra:<\/strong> E gjelb\u00ebr<br data-start=\"247\" data-end=\"250\" \/><strong data-start=\"250\" data-end=\"264\">Materiali:<\/strong> Teknopolimer halogen-free, testuar me temperatur\u00eb 850 \u00b0C\u00a0<br data-start=\"359\" data-end=\"362\" \/><strong data-start=\"362\" data-end=\"394\">Numri i moduleve (EN 50022):<\/strong> 8 p\u00ebr secil\u00ebn prej 3 ndarjesh\u00a0<br data-start=\"462\" data-end=\"465\" \/><strong data-start=\"465\" data-end=\"479\">Standardi:<\/strong> CE<br data-start=\"482\" data-end=\"485\" \/><strong data-start=\"485\" data-end=\"498\">P\u00ebrmasat:<\/strong> 480 \u00d7 160 \u00d7 75 mm<br data-start=\"646\" data-end=\"649\" \/><strong data-start=\"649\" data-end=\"688\">Kapacitet i disipimit t\u00eb energjis\u00eb:<\/strong> 25 W<\/p>","protected":false},"excerpt":{"rendered":"<p>Seria: Green WallLloji: Kutia flush-mount p\u00ebr mur karton-gipsNgjyra: E gjelb\u00ebrMateriali: Teknopolimer halogen-free, testuar me temperatur\u00eb 850 \u00b0C\u00a0Numri i moduleve (EN 50022): 8 p\u00ebr secil\u00ebn prej 3 ndarjesh\u00a0Standardi: CEP\u00ebrmasat: 480 \u00d7 160 \u00d7 75 mmKapacitet i disipimit t\u00eb energjis\u00eb: 25 W<\/p>","protected":false},"featured_media":3185,"comment_status":"open","ping_status":"closed","template":"","meta":{"_acf_changed":false},"product_brand":[],"product_cat":[40,69],"product_tag":[],"class_list":{"0":"post-3184","1":"product","2":"type-product","3":"status-publish","4":"has-post-thumbnail","6":"product_cat-serite-civile","7":"product_cat-gewiss-system","9":"first","10":"instock","11":"shipping-taxable","12":"product-type-simple"},"acf":[],"_links":{"self":[{"href":"https:\/\/www.brikaelektrik.al\/al\/wp-json\/wp\/v2\/product\/3184","targetHints":{"allow":["GET"]}}],"collection":[{"href":"https:\/\/www.brikaelektrik.al\/al\/wp-json\/wp\/v2\/product"}],"about":[{"href":"https:\/\/www.brikaelektrik.al\/al\/wp-json\/wp\/v2\/types\/product"}],"replies":[{"embeddable":true,"href":"https:\/\/www.brikaelektrik.al\/al\/wp-json\/wp\/v2\/comments?post=3184"}],"wp:featuredmedia":[{"embeddable":true,"href":"https:\/\/www.brikaelektrik.al\/al\/wp-json\/wp\/v2\/media\/3185"}],"wp:attachment":[{"href":"https:\/\/www.brikaelektrik.al\/al\/wp-json\/wp\/v2\/media?parent=3184"}],"wp:term":[{"taxonomy":"product_brand","embeddable":true,"href":"https:\/\/www.brikaelektrik.al\/al\/wp-json\/wp\/v2\/product_brand?post=3184"},{"taxonomy":"product_cat","embeddable":true,"href":"https:\/\/www.brikaelektrik.al\/al\/wp-json\/wp\/v2\/product_cat?post=3184"},{"taxonomy":"product_tag","embeddable":true,"href":"https:\/\/www.brikaelektrik.al\/al\/wp-json\/wp\/v2\/product_tag?post=3184"}],"curies":[{"name":"wp","href":"https:\/\/api.w.org\/{rel}","templated":true}]}}