{"id":3187,"date":"2025-08-21T07:45:43","date_gmt":"2025-08-21T07:45:43","guid":{"rendered":"https:\/\/www.brikaelektrik.al\/?post_type=product&#038;p=3187"},"modified":"2025-08-21T07:45:43","modified_gmt":"2025-08-21T07:45:43","slug":"kuti-industriale-3-poste-4-module","status":"publish","type":"product","link":"https:\/\/www.brikaelektrik.al\/al\/produkt\/kuti-industriale-3-poste-4-module\/","title":{"rendered":"KUTI INDUSTRIALE 3 POSTE 4 MODULE"},"content":{"rendered":"<p><strong data-start=\"91\" data-end=\"101\">Seria:<\/strong> 68 Q-DIN<br data-start=\"110\" data-end=\"113\" \/><strong data-start=\"113\" data-end=\"123\" data-is-only-node=\"\">Lloji:<\/strong> Qend\u00ebr ndarjeje sip\u00ebrfaq\u00ebsore p\u00ebr 4 module DIN<br data-start=\"170\" data-end=\"173\" \/><strong data-start=\"173\" data-end=\"184\">Ngjyra:<\/strong> Gri (RAL 7035)<br data-start=\"199\" data-end=\"202\" \/><strong data-start=\"202\" data-end=\"216\">Materiali:<\/strong> Teknopolimer halogen-free<br data-start=\"242\" data-end=\"245\" \/><strong data-start=\"245\" data-end=\"258\">Mbrojtje:<\/strong> IP65 \u2022 IK08<br data-start=\"270\" data-end=\"273\" \/><strong data-start=\"273\" data-end=\"285\">P\u00ebrmasa:<\/strong> 430 \u00d7 105 \u00d7 96 mm<br data-start=\"303\" data-end=\"306\" \/><strong data-start=\"306\" data-end=\"332\">Nr. module (EN 50022):<\/strong> 5<br data-start=\"334\" data-end=\"337\" \/><strong data-start=\"337\" data-end=\"355\">Priza IEC 309:<\/strong> 3 nj\u00ebsive 16 A IP44\/67<br data-start=\"378\" data-end=\"381\" \/><strong data-start=\"381\" data-end=\"400\">Test glow-wire:<\/strong> 650 \u00b0C \u2022 ball pressure: 70 \u00b0C \u2022 Klasa izoluese II<br data-start=\"450\" data-end=\"453\" \/><strong data-start=\"453\" data-end=\"474\">Temperatur\u00eb pun\u00eb:<\/strong> \u201325 \u00b0C deri +40 \u00b0C<br data-start=\"493\" data-end=\"496\" \/><strong data-start=\"496\" data-end=\"521\">P\u00ebrformanc\u00eb disipimi:<\/strong> 10 W \/ 37 W<br data-start=\"533\" data-end=\"536\" \/><strong data-start=\"536\" data-end=\"550\">Standarde:<\/strong> EN 62208<\/p>","protected":false},"excerpt":{"rendered":"<p>Seria: 68 Q-DINLloji: Qend\u00ebr ndarjeje sip\u00ebrfaq\u00ebsore p\u00ebr 4 module DINNgjyra: Gri (RAL 7035)Materiali: Teknopolimer halogen-freeMbrojtje: IP65 \u2022 IK08P\u00ebrmasa: 430 \u00d7 105 \u00d7 96 mmNr. module (EN 50022): 5Priza IEC 309: 3 nj\u00ebsive 16 A IP44\/67Test glow-wire: 650 \u00b0C \u2022 ball pressure: 70 \u00b0C \u2022 Klasa izoluese IITemperatur\u00eb pun\u00eb: \u201325 \u00b0C deri +40 \u00b0CP\u00ebrformanc\u00eb disipimi: 10 [&hellip;]<\/p>","protected":false},"featured_media":3188,"comment_status":"open","ping_status":"closed","template":"","meta":{"_acf_changed":false},"product_brand":[],"product_cat":[40,69],"product_tag":[],"class_list":{"0":"post-3187","1":"product","2":"type-product","3":"status-publish","4":"has-post-thumbnail","6":"product_cat-serite-civile","7":"product_cat-gewiss-system","9":"first","10":"instock","11":"shipping-taxable","12":"product-type-simple"},"acf":[],"_links":{"self":[{"href":"https:\/\/www.brikaelektrik.al\/al\/wp-json\/wp\/v2\/product\/3187","targetHints":{"allow":["GET"]}}],"collection":[{"href":"https:\/\/www.brikaelektrik.al\/al\/wp-json\/wp\/v2\/product"}],"about":[{"href":"https:\/\/www.brikaelektrik.al\/al\/wp-json\/wp\/v2\/types\/product"}],"replies":[{"embeddable":true,"href":"https:\/\/www.brikaelektrik.al\/al\/wp-json\/wp\/v2\/comments?post=3187"}],"wp:featuredmedia":[{"embeddable":true,"href":"https:\/\/www.brikaelektrik.al\/al\/wp-json\/wp\/v2\/media\/3188"}],"wp:attachment":[{"href":"https:\/\/www.brikaelektrik.al\/al\/wp-json\/wp\/v2\/media?parent=3187"}],"wp:term":[{"taxonomy":"product_brand","embeddable":true,"href":"https:\/\/www.brikaelektrik.al\/al\/wp-json\/wp\/v2\/product_brand?post=3187"},{"taxonomy":"product_cat","embeddable":true,"href":"https:\/\/www.brikaelektrik.al\/al\/wp-json\/wp\/v2\/product_cat?post=3187"},{"taxonomy":"product_tag","embeddable":true,"href":"https:\/\/www.brikaelektrik.al\/al\/wp-json\/wp\/v2\/product_tag?post=3187"}],"curies":[{"name":"wp","href":"https:\/\/api.w.org\/{rel}","templated":true}]}}