{"id":3191,"date":"2025-08-21T07:51:00","date_gmt":"2025-08-21T07:51:00","guid":{"rendered":"https:\/\/www.brikaelektrik.al\/?post_type=product&#038;p=3191"},"modified":"2025-08-21T07:51:00","modified_gmt":"2025-08-21T07:51:00","slug":"kuti-jashte-muri-3p-cp","status":"publish","type":"product","link":"https:\/\/www.brikaelektrik.al\/al\/produkt\/kuti-jashte-muri-3p-cp\/","title":{"rendered":"KUTI JASHT\u00cb MURI 3P C+P"},"content":{"rendered":"<p><strong data-start=\"116\" data-end=\"126\">Seria:<\/strong> 27 COMBI<br data-start=\"135\" data-end=\"138\" \/><strong data-start=\"138\" data-end=\"148\">Lloji:<\/strong> Kutia sip\u00ebrfaq\u00ebsore e mbrojtur p\u00ebr 3 module<br data-start=\"192\" data-end=\"195\" data-is-only-node=\"\" \/><strong data-start=\"195\" data-end=\"206\">Ngjyra:<\/strong> Gri (RAL 7035)<br data-start=\"221\" data-end=\"224\" \/><strong data-start=\"224\" data-end=\"238\">Materiali:<\/strong> PVC halogen-free<br data-start=\"255\" data-end=\"258\" \/><strong data-start=\"258\" data-end=\"271\">Mbrojtje:<\/strong> IP40 \u2022 IK07<br data-start=\"283\" data-end=\"286\" \/><strong data-start=\"286\" data-end=\"298\">P\u00ebrmasa:<\/strong> Gjer\u00ebsia 99 mm Lart\u00ebsia 82 mm Thell\u00ebsia 55 mm<br data-start=\"344\" data-end=\"347\" \/><strong data-start=\"347\" data-end=\"366\">Klasa izoluese:<\/strong> II<br data-start=\"369\" data-end=\"372\" \/><strong data-start=\"372\" data-end=\"391\">Test glow-wire:<\/strong> 650 \u00b0C \u2022 ball pressure 70 \u00b0C<br data-start=\"420\" data-end=\"423\" \/><strong data-start=\"423\" data-end=\"449\">Temperatur\u00eb instalimi:<\/strong> \u201325 \u00b0C deri +60 \u00b0C<\/p>","protected":false},"excerpt":{"rendered":"<p>Seria: 27 COMBILloji: Kutia sip\u00ebrfaq\u00ebsore e mbrojtur p\u00ebr 3 moduleNgjyra: Gri (RAL 7035)Materiali: PVC halogen-freeMbrojtje: IP40 \u2022 IK07P\u00ebrmasa: Gjer\u00ebsia 99 mm Lart\u00ebsia 82 mm Thell\u00ebsia 55 mmKlasa izoluese: IITest glow-wire: 650 \u00b0C \u2022 ball pressure 70 \u00b0CTemperatur\u00eb instalimi: \u201325 \u00b0C deri +60 \u00b0C<\/p>","protected":false},"featured_media":3192,"comment_status":"open","ping_status":"closed","template":"","meta":{"_acf_changed":false},"product_brand":[],"product_cat":[40,69],"product_tag":[],"class_list":{"0":"post-3191","1":"product","2":"type-product","3":"status-publish","4":"has-post-thumbnail","6":"product_cat-serite-civile","7":"product_cat-gewiss-system","9":"first","10":"instock","11":"shipping-taxable","12":"product-type-simple"},"acf":[],"_links":{"self":[{"href":"https:\/\/www.brikaelektrik.al\/al\/wp-json\/wp\/v2\/product\/3191","targetHints":{"allow":["GET"]}}],"collection":[{"href":"https:\/\/www.brikaelektrik.al\/al\/wp-json\/wp\/v2\/product"}],"about":[{"href":"https:\/\/www.brikaelektrik.al\/al\/wp-json\/wp\/v2\/types\/product"}],"replies":[{"embeddable":true,"href":"https:\/\/www.brikaelektrik.al\/al\/wp-json\/wp\/v2\/comments?post=3191"}],"wp:featuredmedia":[{"embeddable":true,"href":"https:\/\/www.brikaelektrik.al\/al\/wp-json\/wp\/v2\/media\/3192"}],"wp:attachment":[{"href":"https:\/\/www.brikaelektrik.al\/al\/wp-json\/wp\/v2\/media?parent=3191"}],"wp:term":[{"taxonomy":"product_brand","embeddable":true,"href":"https:\/\/www.brikaelektrik.al\/al\/wp-json\/wp\/v2\/product_brand?post=3191"},{"taxonomy":"product_cat","embeddable":true,"href":"https:\/\/www.brikaelektrik.al\/al\/wp-json\/wp\/v2\/product_cat?post=3191"},{"taxonomy":"product_tag","embeddable":true,"href":"https:\/\/www.brikaelektrik.al\/al\/wp-json\/wp\/v2\/product_tag?post=3191"}],"curies":[{"name":"wp","href":"https:\/\/api.w.org\/{rel}","templated":true}]}}