{"id":3194,"date":"2025-08-21T07:52:38","date_gmt":"2025-08-21T07:52:38","guid":{"rendered":"https:\/\/www.brikaelektrik.al\/?post_type=product&#038;p=3194"},"modified":"2025-08-21T07:52:38","modified_gmt":"2025-08-21T07:52:38","slug":"kuti-jashte-muri-4p-cp","status":"publish","type":"product","link":"https:\/\/www.brikaelektrik.al\/al\/produkt\/kuti-jashte-muri-4p-cp\/","title":{"rendered":"KUTI JASHT\u00cb MURI 4P C+P"},"content":{"rendered":"<p><strong data-start=\"159\" data-end=\"169\">Seria:<\/strong> 27 COMBI<br data-start=\"178\" data-end=\"181\" \/><strong data-start=\"181\" data-end=\"191\">Lloji:<\/strong> Kutia sip\u00ebrfaq\u00ebsore e mbrojtur p\u00ebr 4 module<br data-start=\"235\" data-end=\"238\" data-is-only-node=\"\" \/><strong data-start=\"238\" data-end=\"249\">Ngjyra:<\/strong> Gri RAL 7035<br data-start=\"262\" data-end=\"265\" \/><strong data-start=\"265\" data-end=\"279\">Materiali:<\/strong> PVC halogen-free<br data-start=\"296\" data-end=\"299\" \/><strong data-start=\"299\" data-end=\"312\">Mbrojtje:<\/strong> IP40 \u2022 IK07<br data-start=\"324\" data-end=\"327\" \/><strong data-start=\"327\" data-end=\"340\">P\u00ebrmasat:<\/strong> 132 \u00d7 82 \u00d7 55 mm<br data-start=\"395\" data-end=\"398\" \/><strong data-start=\"398\" data-end=\"417\">Klasa izoluese:<\/strong> II<br data-start=\"420\" data-end=\"423\" \/><strong data-start=\"423\" data-end=\"442\">Test glow-wire:<\/strong> 650 \u00b0C \u2022 Ball pressure 70 \u00b0C\u00a0<br data-start=\"509\" data-end=\"512\" \/><strong data-start=\"512\" data-end=\"539\">Temperatur\u00eb installimi:<\/strong> \u201325 \u00b0C deri +60 \u00b0C<\/p>","protected":false},"excerpt":{"rendered":"<p>Seria: 27 COMBILloji: Kutia sip\u00ebrfaq\u00ebsore e mbrojtur p\u00ebr 4 moduleNgjyra: Gri RAL 7035Materiali: PVC halogen-freeMbrojtje: IP40 \u2022 IK07P\u00ebrmasat: 132 \u00d7 82 \u00d7 55 mmKlasa izoluese: IITest glow-wire: 650 \u00b0C \u2022 Ball pressure 70 \u00b0C\u00a0Temperatur\u00eb installimi: \u201325 \u00b0C deri +60 \u00b0C<\/p>","protected":false},"featured_media":3195,"comment_status":"open","ping_status":"closed","template":"","meta":{"_acf_changed":false},"product_brand":[],"product_cat":[40,69],"product_tag":[],"class_list":{"0":"post-3194","1":"product","2":"type-product","3":"status-publish","4":"has-post-thumbnail","6":"product_cat-serite-civile","7":"product_cat-gewiss-system","9":"first","10":"instock","11":"shipping-taxable","12":"product-type-simple"},"acf":[],"_links":{"self":[{"href":"https:\/\/www.brikaelektrik.al\/al\/wp-json\/wp\/v2\/product\/3194","targetHints":{"allow":["GET"]}}],"collection":[{"href":"https:\/\/www.brikaelektrik.al\/al\/wp-json\/wp\/v2\/product"}],"about":[{"href":"https:\/\/www.brikaelektrik.al\/al\/wp-json\/wp\/v2\/types\/product"}],"replies":[{"embeddable":true,"href":"https:\/\/www.brikaelektrik.al\/al\/wp-json\/wp\/v2\/comments?post=3194"}],"wp:featuredmedia":[{"embeddable":true,"href":"https:\/\/www.brikaelektrik.al\/al\/wp-json\/wp\/v2\/media\/3195"}],"wp:attachment":[{"href":"https:\/\/www.brikaelektrik.al\/al\/wp-json\/wp\/v2\/media?parent=3194"}],"wp:term":[{"taxonomy":"product_brand","embeddable":true,"href":"https:\/\/www.brikaelektrik.al\/al\/wp-json\/wp\/v2\/product_brand?post=3194"},{"taxonomy":"product_cat","embeddable":true,"href":"https:\/\/www.brikaelektrik.al\/al\/wp-json\/wp\/v2\/product_cat?post=3194"},{"taxonomy":"product_tag","embeddable":true,"href":"https:\/\/www.brikaelektrik.al\/al\/wp-json\/wp\/v2\/product_tag?post=3194"}],"curies":[{"name":"wp","href":"https:\/\/api.w.org\/{rel}","templated":true}]}}