{"id":3197,"date":"2025-08-21T07:55:33","date_gmt":"2025-08-21T07:55:33","guid":{"rendered":"https:\/\/www.brikaelektrik.al\/?post_type=product&#038;p=3197"},"modified":"2025-08-21T07:55:33","modified_gmt":"2025-08-21T07:55:33","slug":"kuti-jashte-muri-6p-cp","status":"publish","type":"product","link":"https:\/\/www.brikaelektrik.al\/al\/produkt\/kuti-jashte-muri-6p-cp\/","title":{"rendered":"KUTI JASHT\u00cb MURI 6P C+P"},"content":{"rendered":"<p><strong data-start=\"143\" data-end=\"152\">Kodi:<\/strong> GW27005<br data-start=\"160\" data-end=\"163\" \/><strong data-start=\"163\" data-end=\"173\">Seria:<\/strong> 27 COMBI<br data-start=\"182\" data-end=\"185\" \/><strong data-start=\"185\" data-end=\"195\">Lloji:<\/strong> Kutia e mbrojtjes horizontale p\u00ebr 6 module (konfigurim 3\u00d72)<br data-start=\"255\" data-end=\"258\" data-is-only-node=\"\" \/><strong data-start=\"258\" data-end=\"269\">Ngjyra:<\/strong> Gri (RAL 7035)<br data-start=\"284\" data-end=\"287\" \/><strong data-start=\"287\" data-end=\"301\">Materiali:<\/strong> PVC halogen-free<br data-start=\"318\" data-end=\"321\" \/><strong data-start=\"321\" data-end=\"334\">Mbrojtje:<\/strong> IP40 \u2022 IK07<br data-start=\"346\" data-end=\"349\" \/><strong data-start=\"349\" data-end=\"361\">P\u00ebrmasa:<\/strong> Gjer\u00ebsia 198 mm Lart\u00ebsia 82 mm Thell\u00ebsia 55 mm<br data-start=\"408\" data-end=\"411\" \/><strong data-start=\"411\" data-end=\"430\">Klasa izoluese:<\/strong> II<br data-start=\"433\" data-end=\"436\" \/><strong data-start=\"436\" data-end=\"455\">Test glow-wire:<\/strong> 650 \u00b0C \u2022 Ball pressure 70 \u00b0C<br data-start=\"484\" data-end=\"487\" \/><strong data-start=\"487\" data-end=\"513\">Temperatur\u00eb instalimi:<\/strong> \u201325 \u00b0C deri +60 \u00b0C<\/p>","protected":false},"excerpt":{"rendered":"<p>Kodi: GW27005Seria: 27 COMBILloji: Kutia e mbrojtjes horizontale p\u00ebr 6 module (konfigurim 3\u00d72)Ngjyra: Gri (RAL 7035)Materiali: PVC halogen-freeMbrojtje: IP40 \u2022 IK07P\u00ebrmasa: Gjer\u00ebsia 198 mm Lart\u00ebsia 82 mm Thell\u00ebsia 55 mmKlasa izoluese: IITest glow-wire: 650 \u00b0C \u2022 Ball pressure 70 \u00b0CTemperatur\u00eb instalimi: \u201325 \u00b0C deri +60 \u00b0C<\/p>","protected":false},"featured_media":3198,"comment_status":"open","ping_status":"closed","template":"","meta":{"_acf_changed":false},"product_brand":[],"product_cat":[40,69],"product_tag":[],"class_list":{"0":"post-3197","1":"product","2":"type-product","3":"status-publish","4":"has-post-thumbnail","6":"product_cat-serite-civile","7":"product_cat-gewiss-system","9":"first","10":"instock","11":"shipping-taxable","12":"product-type-simple"},"acf":[],"_links":{"self":[{"href":"https:\/\/www.brikaelektrik.al\/al\/wp-json\/wp\/v2\/product\/3197","targetHints":{"allow":["GET"]}}],"collection":[{"href":"https:\/\/www.brikaelektrik.al\/al\/wp-json\/wp\/v2\/product"}],"about":[{"href":"https:\/\/www.brikaelektrik.al\/al\/wp-json\/wp\/v2\/types\/product"}],"replies":[{"embeddable":true,"href":"https:\/\/www.brikaelektrik.al\/al\/wp-json\/wp\/v2\/comments?post=3197"}],"wp:featuredmedia":[{"embeddable":true,"href":"https:\/\/www.brikaelektrik.al\/al\/wp-json\/wp\/v2\/media\/3198"}],"wp:attachment":[{"href":"https:\/\/www.brikaelektrik.al\/al\/wp-json\/wp\/v2\/media?parent=3197"}],"wp:term":[{"taxonomy":"product_brand","embeddable":true,"href":"https:\/\/www.brikaelektrik.al\/al\/wp-json\/wp\/v2\/product_brand?post=3197"},{"taxonomy":"product_cat","embeddable":true,"href":"https:\/\/www.brikaelektrik.al\/al\/wp-json\/wp\/v2\/product_cat?post=3197"},{"taxonomy":"product_tag","embeddable":true,"href":"https:\/\/www.brikaelektrik.al\/al\/wp-json\/wp\/v2\/product_tag?post=3197"}],"curies":[{"name":"wp","href":"https:\/\/api.w.org\/{rel}","templated":true}]}}