{"id":3200,"date":"2025-08-21T08:00:17","date_gmt":"2025-08-21T08:00:17","guid":{"rendered":"https:\/\/www.brikaelektrik.al\/?post_type=product&#038;p=3200"},"modified":"2025-08-21T08:00:17","modified_gmt":"2025-08-21T08:00:17","slug":"kuti-jashte-muri-8p-cp","status":"publish","type":"product","link":"https:\/\/www.brikaelektrik.al\/al\/produkt\/kuti-jashte-muri-8p-cp\/","title":{"rendered":"KUTI JASHT\u00cb MURI 8P C+P"},"content":{"rendered":"<p><strong data-start=\"126\" data-end=\"136\">Seria:<\/strong> 27 COMBI<br data-start=\"145\" data-end=\"148\" \/><strong data-start=\"148\" data-end=\"158\">Lloji:<\/strong> Kutia e mbrojtjes horizontale p\u00ebr 8 module (4 \u00d7 2)<br data-start=\"209\" data-end=\"212\" data-is-only-node=\"\" \/><strong data-start=\"212\" data-end=\"223\">Ngjyra:<\/strong> Gri (RAL 7035)<br data-start=\"238\" data-end=\"241\" \/><strong data-start=\"241\" data-end=\"255\">Materiali:<\/strong> PVC halogen-free<br data-start=\"272\" data-end=\"275\" \/><strong data-start=\"275\" data-end=\"288\">Mbrojtje:<\/strong> IP40 \u2022 IK07<br data-start=\"300\" data-end=\"303\" \/><strong data-start=\"303\" data-end=\"315\">P\u00ebrmasa:<\/strong> Gjer\u00ebsia 231 mm Lart\u00ebsia 82 mm Thell\u00ebsia 55 mm<br data-start=\"362\" data-end=\"365\" \/><strong data-start=\"365\" data-end=\"384\">Klasa izoluese:<\/strong> II<br data-start=\"387\" data-end=\"390\" \/><strong data-start=\"390\" data-end=\"409\">Test glow-wire:<\/strong> 650 \u00b0C \u2022 Ball pressure 70 \u00b0C<br data-start=\"438\" data-end=\"441\" \/><strong data-start=\"441\" data-end=\"467\">Temperatur\u00eb instalimi:<\/strong> \u201325 \u00b0C deri +60 \u00b0C<\/p>","protected":false},"excerpt":{"rendered":"<p>Seria: 27 COMBILloji: Kutia e mbrojtjes horizontale p\u00ebr 8 module (4 \u00d7 2)Ngjyra: Gri (RAL 7035)Materiali: PVC halogen-freeMbrojtje: IP40 \u2022 IK07P\u00ebrmasa: Gjer\u00ebsia 231 mm Lart\u00ebsia 82 mm Thell\u00ebsia 55 mmKlasa izoluese: IITest glow-wire: 650 \u00b0C \u2022 Ball pressure 70 \u00b0CTemperatur\u00eb instalimi: \u201325 \u00b0C deri +60 \u00b0C<\/p>","protected":false},"featured_media":3201,"comment_status":"open","ping_status":"closed","template":"","meta":{"_acf_changed":false},"product_brand":[],"product_cat":[40,69],"product_tag":[],"class_list":{"0":"post-3200","1":"product","2":"type-product","3":"status-publish","4":"has-post-thumbnail","6":"product_cat-serite-civile","7":"product_cat-gewiss-system","9":"first","10":"instock","11":"shipping-taxable","12":"product-type-simple"},"acf":[],"_links":{"self":[{"href":"https:\/\/www.brikaelektrik.al\/al\/wp-json\/wp\/v2\/product\/3200","targetHints":{"allow":["GET"]}}],"collection":[{"href":"https:\/\/www.brikaelektrik.al\/al\/wp-json\/wp\/v2\/product"}],"about":[{"href":"https:\/\/www.brikaelektrik.al\/al\/wp-json\/wp\/v2\/types\/product"}],"replies":[{"embeddable":true,"href":"https:\/\/www.brikaelektrik.al\/al\/wp-json\/wp\/v2\/comments?post=3200"}],"wp:featuredmedia":[{"embeddable":true,"href":"https:\/\/www.brikaelektrik.al\/al\/wp-json\/wp\/v2\/media\/3201"}],"wp:attachment":[{"href":"https:\/\/www.brikaelektrik.al\/al\/wp-json\/wp\/v2\/media?parent=3200"}],"wp:term":[{"taxonomy":"product_brand","embeddable":true,"href":"https:\/\/www.brikaelektrik.al\/al\/wp-json\/wp\/v2\/product_brand?post=3200"},{"taxonomy":"product_cat","embeddable":true,"href":"https:\/\/www.brikaelektrik.al\/al\/wp-json\/wp\/v2\/product_cat?post=3200"},{"taxonomy":"product_tag","embeddable":true,"href":"https:\/\/www.brikaelektrik.al\/al\/wp-json\/wp\/v2\/product_tag?post=3200"}],"curies":[{"name":"wp","href":"https:\/\/api.w.org\/{rel}","templated":true}]}}