{"id":3203,"date":"2025-08-21T08:04:59","date_gmt":"2025-08-21T08:04:59","guid":{"rendered":"https:\/\/www.brikaelektrik.al\/?post_type=product&#038;p=3203"},"modified":"2025-08-21T08:04:59","modified_gmt":"2025-08-21T08:04:59","slug":"kuti-jashte-muri-12p-cp","status":"publish","type":"product","link":"https:\/\/www.brikaelektrik.al\/al\/produkt\/kuti-jashte-muri-12p-cp\/","title":{"rendered":"KUTI JASHT\u00cb MURI 12P C+P"},"content":{"rendered":"<p><strong data-start=\"74\" data-end=\"84\">Seria:<\/strong> 27 COMBI<br data-start=\"93\" data-end=\"96\" \/><strong data-start=\"96\" data-end=\"106\" data-is-only-node=\"\">Lloji:<\/strong> Kutia e mbrojtjes horizontale p\u00ebr 12 module (6 \u00d7 2)<br data-start=\"158\" data-end=\"161\" \/><strong data-start=\"161\" data-end=\"172\">Ngjyra:<\/strong> Gri (RAL 7035)<br data-start=\"187\" data-end=\"190\" \/><strong data-start=\"190\" data-end=\"204\">Materiali:<\/strong> PVC halogen-free<br data-start=\"221\" data-end=\"224\" \/><strong data-start=\"224\" data-end=\"237\">Mbrojtje:<\/strong> IP40 \u2022 IK07<br data-start=\"249\" data-end=\"252\" \/><strong data-start=\"252\" data-end=\"264\">P\u00ebrmasa:<\/strong> Gjer\u00ebsia 305 mm Lart\u00ebsia 82 mm Thell\u00ebsia 55 mm<br data-start=\"311\" data-end=\"314\" \/><strong data-start=\"314\" data-end=\"333\">Klasa izoluese:<\/strong> II<br data-start=\"336\" data-end=\"339\" \/><strong data-start=\"339\" data-end=\"358\">Test glow-wire:<\/strong> 650 \u00b0C \u2022 Ball pressure 70 \u00b0C<br data-start=\"387\" data-end=\"390\" \/><strong data-start=\"390\" data-end=\"416\">Temperatur\u00eb instalimi:<\/strong> \u201325 \u00b0C deri +60 \u00b0C<\/p>","protected":false},"excerpt":{"rendered":"<p>Seria: 27 COMBILloji: Kutia e mbrojtjes horizontale p\u00ebr 12 module (6 \u00d7 2)Ngjyra: Gri (RAL 7035)Materiali: PVC halogen-freeMbrojtje: IP40 \u2022 IK07P\u00ebrmasa: Gjer\u00ebsia 305 mm Lart\u00ebsia 82 mm Thell\u00ebsia 55 mmKlasa izoluese: IITest glow-wire: 650 \u00b0C \u2022 Ball pressure 70 \u00b0CTemperatur\u00eb instalimi: \u201325 \u00b0C deri +60 \u00b0C<\/p>","protected":false},"featured_media":3204,"comment_status":"open","ping_status":"closed","template":"","meta":{"_acf_changed":false},"product_brand":[],"product_cat":[40,69],"product_tag":[],"class_list":{"0":"post-3203","1":"product","2":"type-product","3":"status-publish","4":"has-post-thumbnail","6":"product_cat-serite-civile","7":"product_cat-gewiss-system","9":"first","10":"instock","11":"shipping-taxable","12":"product-type-simple"},"acf":[],"_links":{"self":[{"href":"https:\/\/www.brikaelektrik.al\/al\/wp-json\/wp\/v2\/product\/3203","targetHints":{"allow":["GET"]}}],"collection":[{"href":"https:\/\/www.brikaelektrik.al\/al\/wp-json\/wp\/v2\/product"}],"about":[{"href":"https:\/\/www.brikaelektrik.al\/al\/wp-json\/wp\/v2\/types\/product"}],"replies":[{"embeddable":true,"href":"https:\/\/www.brikaelektrik.al\/al\/wp-json\/wp\/v2\/comments?post=3203"}],"wp:featuredmedia":[{"embeddable":true,"href":"https:\/\/www.brikaelektrik.al\/al\/wp-json\/wp\/v2\/media\/3204"}],"wp:attachment":[{"href":"https:\/\/www.brikaelektrik.al\/al\/wp-json\/wp\/v2\/media?parent=3203"}],"wp:term":[{"taxonomy":"product_brand","embeddable":true,"href":"https:\/\/www.brikaelektrik.al\/al\/wp-json\/wp\/v2\/product_brand?post=3203"},{"taxonomy":"product_cat","embeddable":true,"href":"https:\/\/www.brikaelektrik.al\/al\/wp-json\/wp\/v2\/product_cat?post=3203"},{"taxonomy":"product_tag","embeddable":true,"href":"https:\/\/www.brikaelektrik.al\/al\/wp-json\/wp\/v2\/product_tag?post=3203"}],"curies":[{"name":"wp","href":"https:\/\/api.w.org\/{rel}","templated":true}]}}