{"id":3205,"date":"2025-08-21T08:13:14","date_gmt":"2025-08-21T08:13:14","guid":{"rendered":"https:\/\/www.brikaelektrik.al\/?post_type=product&#038;p=3205"},"modified":"2025-08-21T08:13:14","modified_gmt":"2025-08-21T08:13:14","slug":"kuti-jashte-muri-16p-cp","status":"publish","type":"product","link":"https:\/\/www.brikaelektrik.al\/al\/produkt\/kuti-jashte-muri-16p-cp\/","title":{"rendered":"KUTI JASHT\u00cb MURI 16P C+P"},"content":{"rendered":"<p><strong data-start=\"169\" data-end=\"179\">Seria:<\/strong> 27 COMBI<br data-start=\"188\" data-end=\"191\" \/><strong data-start=\"191\" data-end=\"201\">Lloji:<\/strong> Kutia e mbrojtjes horizontale p\u00ebr 16 module (4\u00d74)<br data-start=\"251\" data-end=\"254\" \/><strong data-start=\"254\" data-end=\"265\" data-is-only-node=\"\">Ngjyra:<\/strong> Gri RAL 7035<br data-start=\"278\" data-end=\"281\" \/><strong data-start=\"281\" data-end=\"295\">Materiali:<\/strong> PVC halogen-free<br data-start=\"312\" data-end=\"315\" \/><strong data-start=\"315\" data-end=\"328\">Mbrojtje:<\/strong> IP40 \u2022 IK07<br data-start=\"340\" data-end=\"343\" \/><strong data-start=\"343\" data-end=\"355\">P\u00ebrmasa:<\/strong> Gjer\u00ebsia 429 mm Lart\u00ebsia 82 mm Thell\u00ebsia 55 mm<br data-start=\"402\" data-end=\"405\" \/><strong data-start=\"405\" data-end=\"431\">Nr. module (EN 50022):<\/strong> 16<br data-start=\"434\" data-end=\"437\" \/><strong data-start=\"437\" data-end=\"464\">Konfigurimi i moduleve:<\/strong> 4\u00d74<br data-start=\"468\" data-end=\"471\" \/><strong data-start=\"471\" data-end=\"496\">Ndarje e paracaktuar:<\/strong> 2<br data-start=\"498\" data-end=\"501\" \/><strong data-start=\"501\" data-end=\"520\">Test glow-wire:<\/strong> 650 \u00b0C<br data-start=\"527\" data-end=\"530\" \/><strong data-start=\"530\" data-end=\"561\">Test termopressioni me top:<\/strong> 70 \u00b0C<br data-start=\"567\" data-end=\"570\" \/><strong data-start=\"570\" data-end=\"589\">Klasa izoluese:<\/strong> II<br data-start=\"592\" data-end=\"595\" \/><strong data-start=\"595\" data-end=\"624\">Temperatura e instalimit:<\/strong> \u201325 \u00b0C deri +60 \u00b0C<br data-start=\"643\" data-end=\"646\" \/><strong data-start=\"646\" data-end=\"660\">Standardi:<\/strong> EN 60670-1<\/p>","protected":false},"excerpt":{"rendered":"<p>Seria: 27 COMBILloji: Kutia e mbrojtjes horizontale p\u00ebr 16 module (4\u00d74)Ngjyra: Gri RAL 7035Materiali: PVC halogen-freeMbrojtje: IP40 \u2022 IK07P\u00ebrmasa: Gjer\u00ebsia 429 mm Lart\u00ebsia 82 mm Thell\u00ebsia 55 mmNr. module (EN 50022): 16Konfigurimi i moduleve: 4\u00d74Ndarje e paracaktuar: 2Test glow-wire: 650 \u00b0CTest termopressioni me top: 70 \u00b0CKlasa izoluese: IITemperatura e instalimit: \u201325 \u00b0C deri +60 \u00b0CStandardi: [&hellip;]<\/p>","protected":false},"featured_media":3206,"comment_status":"open","ping_status":"closed","template":"","meta":{"_acf_changed":false},"product_brand":[],"product_cat":[40,69],"product_tag":[],"class_list":{"0":"post-3205","1":"product","2":"type-product","3":"status-publish","4":"has-post-thumbnail","6":"product_cat-serite-civile","7":"product_cat-gewiss-system","9":"first","10":"instock","11":"shipping-taxable","12":"product-type-simple"},"acf":[],"_links":{"self":[{"href":"https:\/\/www.brikaelektrik.al\/al\/wp-json\/wp\/v2\/product\/3205","targetHints":{"allow":["GET"]}}],"collection":[{"href":"https:\/\/www.brikaelektrik.al\/al\/wp-json\/wp\/v2\/product"}],"about":[{"href":"https:\/\/www.brikaelektrik.al\/al\/wp-json\/wp\/v2\/types\/product"}],"replies":[{"embeddable":true,"href":"https:\/\/www.brikaelektrik.al\/al\/wp-json\/wp\/v2\/comments?post=3205"}],"wp:featuredmedia":[{"embeddable":true,"href":"https:\/\/www.brikaelektrik.al\/al\/wp-json\/wp\/v2\/media\/3206"}],"wp:attachment":[{"href":"https:\/\/www.brikaelektrik.al\/al\/wp-json\/wp\/v2\/media?parent=3205"}],"wp:term":[{"taxonomy":"product_brand","embeddable":true,"href":"https:\/\/www.brikaelektrik.al\/al\/wp-json\/wp\/v2\/product_brand?post=3205"},{"taxonomy":"product_cat","embeddable":true,"href":"https:\/\/www.brikaelektrik.al\/al\/wp-json\/wp\/v2\/product_cat?post=3205"},{"taxonomy":"product_tag","embeddable":true,"href":"https:\/\/www.brikaelektrik.al\/al\/wp-json\/wp\/v2\/product_tag?post=3205"}],"curies":[{"name":"wp","href":"https:\/\/api.w.org\/{rel}","templated":true}]}}