{"id":3207,"date":"2025-08-21T08:20:34","date_gmt":"2025-08-21T08:20:34","guid":{"rendered":"https:\/\/www.brikaelektrik.al\/?post_type=product&#038;p=3207"},"modified":"2025-08-21T08:20:34","modified_gmt":"2025-08-21T08:20:34","slug":"kuti-gipsi-pt6","status":"publish","type":"product","link":"https:\/\/www.brikaelektrik.al\/al\/produkt\/kuti-gipsi-pt6\/","title":{"rendered":"KUTI GIPSI PT6"},"content":{"rendered":"<p><strong data-start=\"231\" data-end=\"240\">Seria<\/strong>: Green Wall \u2013 48\u202fPT\u202fDIN GREENWALL (kuti flush-mount p\u00ebr mure karton-plaster)\u00a0<br data-start=\"355\" data-end=\"358\" \/><strong data-start=\"358\" data-end=\"367\">Lloji<\/strong>: Kuti lidhjesh (junction box) e montuar flush n\u00eb murra karton-plaster, me shin\u00eb DIN t\u00eb integruar p\u00ebr pajisje domotike\u00a0<br data-start=\"523\" data-end=\"526\" \/><strong data-start=\"526\" data-end=\"539\">Materiali<\/strong>: Tehnopolimer pa halogjene (Halogen\u2011free), i certifikuar sipas EN\u202f60754\u20112, test i shk\u00eblqyesh\u00ebm p\u00ebr sigurin\u00eb kimike\u00a0<br data-start=\"692\" data-end=\"695\" \/><strong data-start=\"695\" data-end=\"720\">Testi Glow-Wire (GWT)<\/strong>: 850\u202f\u00b0C, sipas EN\u202f60695\u20112\u201111\u00a0<br data-start=\"787\" data-end=\"790\" \/><strong data-start=\"790\" data-end=\"815\">Temperatura operative<\/strong>: \u201315\u202f\u00b0C deri +60\u202f\u00b0C\u00a0<br data-start=\"873\" data-end=\"876\" \/><strong data-start=\"876\" data-end=\"898\">Mbrojtja (IP \/ IK)<\/strong>: IP40, rezistenc\u00eb mekanike IK07\u00a0<br data-start=\"968\" data-end=\"971\" \/><strong data-start=\"971\" data-end=\"1012\">P\u00ebrmasat (Gjata \u00d7 Lart\u00ebsi \u00d7 Thell\u00ebsi)<\/strong>: 196 \u00d7 152 \u00d7 75\u202fmm\u00a0<br data-start=\"1069\" data-end=\"1072\" \/><strong data-start=\"1072\" data-end=\"1126\">Ndarje e paracaktuar<\/strong>: 2\u00a0<br data-start=\"1167\" data-end=\"1170\" \/><strong data-start=\"1170\" data-end=\"1216\">Nr. modulave EN\u202f50022 p\u00ebr \u00e7do kompartiment<\/strong>: 4,5 module\u00a0<br data-start=\"1266\" data-end=\"1269\" \/><strong data-start=\"1269\" data-end=\"1324\">Fuqi e shp\u00ebrndar\u00eb maksimale <\/strong>: 11\u202fW\u00a0<br data-start=\"1368\" data-end=\"1371\" \/><strong data-start=\"1371\" data-end=\"1398\">Ngjyra e mbules\u00ebs<\/strong>: E bardh\u00eb<\/p>","protected":false},"excerpt":{"rendered":"<p>Seria: Green Wall \u2013 48\u202fPT\u202fDIN GREENWALL (kuti flush-mount p\u00ebr mure karton-plaster)\u00a0Lloji: Kuti lidhjesh (junction box) e montuar flush n\u00eb murra karton-plaster, me shin\u00eb DIN t\u00eb integruar p\u00ebr pajisje domotike\u00a0Materiali: Tehnopolimer pa halogjene (Halogen\u2011free), i certifikuar sipas EN\u202f60754\u20112, test i shk\u00eblqyesh\u00ebm p\u00ebr sigurin\u00eb kimike\u00a0Testi Glow-Wire (GWT): 850\u202f\u00b0C, sipas EN\u202f60695\u20112\u201111\u00a0Temperatura operative: \u201315\u202f\u00b0C deri +60\u202f\u00b0C\u00a0Mbrojtja (IP \/ IK): [&hellip;]<\/p>","protected":false},"featured_media":3208,"comment_status":"open","ping_status":"closed","template":"","meta":{"_acf_changed":false},"product_brand":[],"product_cat":[40,69],"product_tag":[],"class_list":{"0":"post-3207","1":"product","2":"type-product","3":"status-publish","4":"has-post-thumbnail","6":"product_cat-serite-civile","7":"product_cat-gewiss-system","9":"first","10":"instock","11":"shipping-taxable","12":"product-type-simple"},"acf":[],"_links":{"self":[{"href":"https:\/\/www.brikaelektrik.al\/al\/wp-json\/wp\/v2\/product\/3207","targetHints":{"allow":["GET"]}}],"collection":[{"href":"https:\/\/www.brikaelektrik.al\/al\/wp-json\/wp\/v2\/product"}],"about":[{"href":"https:\/\/www.brikaelektrik.al\/al\/wp-json\/wp\/v2\/types\/product"}],"replies":[{"embeddable":true,"href":"https:\/\/www.brikaelektrik.al\/al\/wp-json\/wp\/v2\/comments?post=3207"}],"wp:featuredmedia":[{"embeddable":true,"href":"https:\/\/www.brikaelektrik.al\/al\/wp-json\/wp\/v2\/media\/3208"}],"wp:attachment":[{"href":"https:\/\/www.brikaelektrik.al\/al\/wp-json\/wp\/v2\/media?parent=3207"}],"wp:term":[{"taxonomy":"product_brand","embeddable":true,"href":"https:\/\/www.brikaelektrik.al\/al\/wp-json\/wp\/v2\/product_brand?post=3207"},{"taxonomy":"product_cat","embeddable":true,"href":"https:\/\/www.brikaelektrik.al\/al\/wp-json\/wp\/v2\/product_cat?post=3207"},{"taxonomy":"product_tag","embeddable":true,"href":"https:\/\/www.brikaelektrik.al\/al\/wp-json\/wp\/v2\/product_tag?post=3207"}],"curies":[{"name":"wp","href":"https:\/\/api.w.org\/{rel}","templated":true}]}}