{"id":3209,"date":"2025-08-21T08:29:15","date_gmt":"2025-08-21T08:29:15","guid":{"rendered":"https:\/\/www.brikaelektrik.al\/?post_type=product&#038;p=3209"},"modified":"2025-08-21T08:29:16","modified_gmt":"2025-08-21T08:29:16","slug":"kapak-4p-jeshil","status":"publish","type":"product","link":"https:\/\/www.brikaelektrik.al\/al\/produkt\/kapak-4p-jeshil\/","title":{"rendered":"KAPAK 4P JESHIL"},"content":{"rendered":"<p><strong data-start=\"212\" data-end=\"222\">Seria:<\/strong> Matrix<br data-start=\"229\" data-end=\"232\" \/><strong data-start=\"232\" data-end=\"242\">Lloji:<\/strong> Pllak\u00eb dekorative Virna p\u00ebr 4 module<br data-start=\"279\" data-end=\"282\" \/><strong data-start=\"282\" data-end=\"293\" data-is-only-node=\"\">Ngjyra:<\/strong> Jeshile<br \/>\n<strong data-start=\"312\" data-end=\"326\">Materiali:<\/strong> Teknopolimer\u00a0<br data-start=\"364\" data-end=\"367\" \/><strong data-start=\"367\" data-end=\"377\">Forma:<\/strong> Virna<br data-start=\"472\" data-end=\"475\" \/><strong data-start=\"475\" data-end=\"496\">Numri i moduleve:<\/strong> 4<br data-start=\"498\" data-end=\"501\" \/><strong data-start=\"501\" data-end=\"515\">Standardi:<\/strong> CE i certifikuar<br \/>\n<strong data-start=\"450\" data-end=\"463\">P\u00ebrmasat:<\/strong> Gjer\u00ebsia 143,7 mm Lart\u00ebsia 84 mm<\/p>","protected":false},"excerpt":{"rendered":"<p>Seria: MatrixLloji: Pllak\u00eb dekorative Virna p\u00ebr 4 moduleNgjyra: Jeshile Materiali: Teknopolimer\u00a0Forma: VirnaNumri i moduleve: 4Standardi: CE i certifikuar P\u00ebrmasat: Gjer\u00ebsia 143,7 mm Lart\u00ebsia 84 mm<\/p>","protected":false},"featured_media":3216,"comment_status":"open","ping_status":"closed","template":"","meta":{"_acf_changed":false},"product_brand":[],"product_cat":[40,66],"product_tag":[],"class_list":{"0":"post-3209","1":"product","2":"type-product","3":"status-publish","4":"has-post-thumbnail","6":"product_cat-serite-civile","7":"product_cat-matix","9":"first","10":"instock","11":"shipping-taxable","12":"product-type-simple"},"acf":[],"_links":{"self":[{"href":"https:\/\/www.brikaelektrik.al\/al\/wp-json\/wp\/v2\/product\/3209","targetHints":{"allow":["GET"]}}],"collection":[{"href":"https:\/\/www.brikaelektrik.al\/al\/wp-json\/wp\/v2\/product"}],"about":[{"href":"https:\/\/www.brikaelektrik.al\/al\/wp-json\/wp\/v2\/types\/product"}],"replies":[{"embeddable":true,"href":"https:\/\/www.brikaelektrik.al\/al\/wp-json\/wp\/v2\/comments?post=3209"}],"wp:featuredmedia":[{"embeddable":true,"href":"https:\/\/www.brikaelektrik.al\/al\/wp-json\/wp\/v2\/media\/3216"}],"wp:attachment":[{"href":"https:\/\/www.brikaelektrik.al\/al\/wp-json\/wp\/v2\/media?parent=3209"}],"wp:term":[{"taxonomy":"product_brand","embeddable":true,"href":"https:\/\/www.brikaelektrik.al\/al\/wp-json\/wp\/v2\/product_brand?post=3209"},{"taxonomy":"product_cat","embeddable":true,"href":"https:\/\/www.brikaelektrik.al\/al\/wp-json\/wp\/v2\/product_cat?post=3209"},{"taxonomy":"product_tag","embeddable":true,"href":"https:\/\/www.brikaelektrik.al\/al\/wp-json\/wp\/v2\/product_tag?post=3209"}],"curies":[{"name":"wp","href":"https:\/\/api.w.org\/{rel}","templated":true}]}}