{"id":3210,"date":"2025-08-21T08:22:47","date_gmt":"2025-08-21T08:22:47","guid":{"rendered":"https:\/\/www.brikaelektrik.al\/?post_type=product&#038;p=3210"},"modified":"2025-08-21T08:22:48","modified_gmt":"2025-08-21T08:22:48","slug":"kuti-gipsi-pt7","status":"publish","type":"product","link":"https:\/\/www.brikaelektrik.al\/al\/produkt\/kuti-gipsi-pt7\/","title":{"rendered":"KUTI GIPSI PT7"},"content":{"rendered":"<p><strong data-start=\"314\" data-end=\"329\">Kodi Gewiss<\/strong>: GW48007PM<br data-start=\"340\" data-end=\"343\" \/><strong data-start=\"343\" data-end=\"352\">Lloji<\/strong>: Kuti lidhjesh e montimit t\u00eb fsheht\u00eb p\u00ebr mure gipsi (mur karton-plaster)<br data-start=\"425\" data-end=\"428\" data-is-only-node=\"\" \/><strong data-start=\"428\" data-end=\"438\">Ngjyra<\/strong>: E bardh\u00eb RAL 9016<br data-start=\"457\" data-end=\"460\" \/><strong data-start=\"460\" data-end=\"473\">Materiali<\/strong>: Teknopolimer pa halogjene<br data-start=\"500\" data-end=\"503\" \/><strong data-start=\"503\" data-end=\"515\">Mbrojtje<\/strong>: IP40 \u2022 IK07<br data-start=\"528\" data-end=\"531\" \/><strong data-start=\"531\" data-end=\"542\">P\u00ebrmasa<\/strong>: Gjer\u00ebsia 294 mm Lart\u00ebsia 152 mm Thell\u00ebsia 75 mm<br data-start=\"591\" data-end=\"594\" \/><strong data-start=\"594\" data-end=\"619\">Nr. module (EN 50022)<\/strong>: 5 module p\u00ebr \u00e7do ndarje<br data-start=\"644\" data-end=\"647\" \/><strong data-start=\"647\" data-end=\"673\">Konfigurimi i moduleve<\/strong>: 3 ndarje paracaktuar<br data-start=\"695\" data-end=\"698\" \/><strong data-start=\"698\" data-end=\"722\">Ndarje e paracaktuar<\/strong>: 3<br data-start=\"725\" data-end=\"728\" \/><strong data-start=\"728\" data-end=\"746\">Test glow-wire<\/strong>: 850 \u00b0C<br data-start=\"754\" data-end=\"757\" \/><strong data-start=\"757\" data-end=\"786\">Test termopresioni me top<\/strong>: e paspecifikuar n\u00eb m\u00ebnyr\u00eb t\u00eb ve\u00e7ant\u00eb<br data-start=\"824\" data-end=\"827\" \/><strong data-start=\"827\" data-end=\"845\">Klasa izoluese<\/strong>: e paspecifikuar n\u00eb m\u00ebnyr\u00eb t\u00eb ve\u00e7ant\u00eb<br data-start=\"883\" data-end=\"886\" \/><strong data-start=\"886\" data-end=\"914\">Temperatura e instalimit<\/strong>: \u201315 \u00b0C deri +60 \u00b0C<br data-start=\"934\" data-end=\"937\" \/><strong data-start=\"937\" data-end=\"950\">Standardi<\/strong>: EN 60670-1 \u2022 CEI 23-49<br data-start=\"974\" data-end=\"977\" \/><strong data-start=\"977\" data-end=\"1009\">Fuqia maksimale e shp\u00ebrndar\u00eb<\/strong>: 13 W<\/p>","protected":false},"excerpt":{"rendered":"<p>Kodi Gewiss: GW48007PMLloji: Kuti lidhjesh e montimit t\u00eb fsheht\u00eb p\u00ebr mure gipsi (mur karton-plaster)Ngjyra: E bardh\u00eb RAL 9016Materiali: Teknopolimer pa halogjeneMbrojtje: IP40 \u2022 IK07P\u00ebrmasa: Gjer\u00ebsia 294 mm Lart\u00ebsia 152 mm Thell\u00ebsia 75 mmNr. module (EN 50022): 5 module p\u00ebr \u00e7do ndarjeKonfigurimi i moduleve: 3 ndarje paracaktuarNdarje e paracaktuar: 3Test glow-wire: 850 \u00b0CTest termopresioni me top: [&hellip;]<\/p>","protected":false},"featured_media":3211,"comment_status":"open","ping_status":"closed","template":"","meta":{"_acf_changed":false},"product_brand":[],"product_cat":[40,69],"product_tag":[],"class_list":{"0":"post-3210","1":"product","2":"type-product","3":"status-publish","4":"has-post-thumbnail","6":"product_cat-serite-civile","7":"product_cat-gewiss-system","9":"first","10":"instock","11":"shipping-taxable","12":"product-type-simple"},"acf":[],"_links":{"self":[{"href":"https:\/\/www.brikaelektrik.al\/al\/wp-json\/wp\/v2\/product\/3210","targetHints":{"allow":["GET"]}}],"collection":[{"href":"https:\/\/www.brikaelektrik.al\/al\/wp-json\/wp\/v2\/product"}],"about":[{"href":"https:\/\/www.brikaelektrik.al\/al\/wp-json\/wp\/v2\/types\/product"}],"replies":[{"embeddable":true,"href":"https:\/\/www.brikaelektrik.al\/al\/wp-json\/wp\/v2\/comments?post=3210"}],"wp:featuredmedia":[{"embeddable":true,"href":"https:\/\/www.brikaelektrik.al\/al\/wp-json\/wp\/v2\/media\/3211"}],"wp:attachment":[{"href":"https:\/\/www.brikaelektrik.al\/al\/wp-json\/wp\/v2\/media?parent=3210"}],"wp:term":[{"taxonomy":"product_brand","embeddable":true,"href":"https:\/\/www.brikaelektrik.al\/al\/wp-json\/wp\/v2\/product_brand?post=3210"},{"taxonomy":"product_cat","embeddable":true,"href":"https:\/\/www.brikaelektrik.al\/al\/wp-json\/wp\/v2\/product_cat?post=3210"},{"taxonomy":"product_tag","embeddable":true,"href":"https:\/\/www.brikaelektrik.al\/al\/wp-json\/wp\/v2\/product_tag?post=3210"}],"curies":[{"name":"wp","href":"https:\/\/api.w.org\/{rel}","templated":true}]}}