{"id":3212,"date":"2025-08-21T08:25:14","date_gmt":"2025-08-21T08:25:14","guid":{"rendered":"https:\/\/www.brikaelektrik.al\/?post_type=product&#038;p=3212"},"modified":"2025-08-21T08:25:14","modified_gmt":"2025-08-21T08:25:14","slug":"kuti-shperndarese-pt1","status":"publish","type":"product","link":"https:\/\/www.brikaelektrik.al\/al\/produkt\/kuti-shperndarese-pt1\/","title":{"rendered":"KUTI SHP\u00cbRNDAR\u00cbSE PT1"},"content":{"rendered":"<p><strong data-start=\"173\" data-end=\"182\">Seria<\/strong>: 48 PT<br data-start=\"189\" data-end=\"192\" \/><strong data-start=\"192\" data-end=\"207\">Kodi Gewiss<\/strong>: GW48001<br data-start=\"216\" data-end=\"219\" \/><strong data-start=\"219\" data-end=\"228\">Lloji<\/strong>: Kuti lidhjesh e montimit t\u00eb fsheht\u00eb p\u00ebr mur klasik (tull\u00eb\/lla\u00e7)<br data-start=\"293\" data-end=\"296\" data-is-only-node=\"\" \/><strong data-start=\"296\" data-end=\"306\">Ngjyra<\/strong>: E bardh\u00eb RAL 9016<br data-start=\"325\" data-end=\"328\" \/><strong data-start=\"328\" data-end=\"341\">Materiali<\/strong>: Teknopolimer pa halogjene<br data-start=\"368\" data-end=\"371\" \/><strong data-start=\"371\" data-end=\"383\">Mbrojtje<\/strong>: IP40 \u2022 IK07<br data-start=\"396\" data-end=\"399\" \/><strong data-start=\"399\" data-end=\"410\">P\u00ebrmasa<\/strong>: Gjer\u00ebsia 92 mm Lart\u00ebsia 92 mm Thell\u00ebsia 45 mm<br data-start=\"520\" data-end=\"523\" \/><strong data-start=\"523\" data-end=\"547\">Ndarje e paracaktuar<\/strong>: 1<br data-start=\"550\" data-end=\"553\" \/><strong data-start=\"553\" data-end=\"571\">Test glow-wire<\/strong>: 650 \u00b0C<br data-start=\"579\" data-end=\"582\" \/><strong data-start=\"582\" data-end=\"611\">Test termopresioni me top<\/strong>: e paspecifikuar<br data-start=\"628\" data-end=\"631\" \/><strong data-start=\"631\" data-end=\"649\">Klasa izoluese<\/strong>: e paspecifikuar<br data-start=\"666\" data-end=\"669\" \/><strong data-start=\"669\" data-end=\"697\">Temperatura e instalimit<\/strong>: \u201315 \u00b0C deri +60 \u00b0C<\/p>","protected":false},"excerpt":{"rendered":"<p>Seria: 48 PTKodi Gewiss: GW48001Lloji: Kuti lidhjesh e montimit t\u00eb fsheht\u00eb p\u00ebr mur klasik (tull\u00eb\/lla\u00e7)Ngjyra: E bardh\u00eb RAL 9016Materiali: Teknopolimer pa halogjeneMbrojtje: IP40 \u2022 IK07P\u00ebrmasa: Gjer\u00ebsia 92 mm Lart\u00ebsia 92 mm Thell\u00ebsia 45 mmNdarje e paracaktuar: 1Test glow-wire: 650 \u00b0CTest termopresioni me top: e paspecifikuarKlasa izoluese: e paspecifikuarTemperatura e instalimit: \u201315 \u00b0C deri +60 \u00b0C<\/p>","protected":false},"featured_media":3213,"comment_status":"open","ping_status":"closed","template":"","meta":{"_acf_changed":false},"product_brand":[],"product_cat":[40,69],"product_tag":[],"class_list":{"0":"post-3212","1":"product","2":"type-product","3":"status-publish","4":"has-post-thumbnail","6":"product_cat-serite-civile","7":"product_cat-gewiss-system","9":"first","10":"instock","11":"shipping-taxable","12":"product-type-simple"},"acf":[],"_links":{"self":[{"href":"https:\/\/www.brikaelektrik.al\/al\/wp-json\/wp\/v2\/product\/3212","targetHints":{"allow":["GET"]}}],"collection":[{"href":"https:\/\/www.brikaelektrik.al\/al\/wp-json\/wp\/v2\/product"}],"about":[{"href":"https:\/\/www.brikaelektrik.al\/al\/wp-json\/wp\/v2\/types\/product"}],"replies":[{"embeddable":true,"href":"https:\/\/www.brikaelektrik.al\/al\/wp-json\/wp\/v2\/comments?post=3212"}],"wp:featuredmedia":[{"embeddable":true,"href":"https:\/\/www.brikaelektrik.al\/al\/wp-json\/wp\/v2\/media\/3213"}],"wp:attachment":[{"href":"https:\/\/www.brikaelektrik.al\/al\/wp-json\/wp\/v2\/media?parent=3212"}],"wp:term":[{"taxonomy":"product_brand","embeddable":true,"href":"https:\/\/www.brikaelektrik.al\/al\/wp-json\/wp\/v2\/product_brand?post=3212"},{"taxonomy":"product_cat","embeddable":true,"href":"https:\/\/www.brikaelektrik.al\/al\/wp-json\/wp\/v2\/product_cat?post=3212"},{"taxonomy":"product_tag","embeddable":true,"href":"https:\/\/www.brikaelektrik.al\/al\/wp-json\/wp\/v2\/product_tag?post=3212"}],"curies":[{"name":"wp","href":"https:\/\/api.w.org\/{rel}","templated":true}]}}