{"id":3214,"date":"2025-08-21T08:28:02","date_gmt":"2025-08-21T08:28:02","guid":{"rendered":"https:\/\/www.brikaelektrik.al\/?post_type=product&#038;p=3214"},"modified":"2025-08-21T08:28:02","modified_gmt":"2025-08-21T08:28:02","slug":"kuti-shperndarese-pt4","status":"publish","type":"product","link":"https:\/\/www.brikaelektrik.al\/al\/produkt\/kuti-shperndarese-pt4\/","title":{"rendered":"KUTI SHP\u00cbRNDARESE PT4"},"content":{"rendered":"<p><strong data-start=\"175\" data-end=\"190\">Kodi Gewiss<\/strong>: GW48004<br data-start=\"199\" data-end=\"202\" \/><strong data-start=\"202\" data-end=\"211\">Lloji<\/strong>: Kuti lidhjesh e montimit t\u00eb fsheht\u00eb p\u00ebr mur klasik (tull\u00eb\/lla\u00e7)<br data-start=\"276\" data-end=\"279\" data-is-only-node=\"\" \/><strong data-start=\"279\" data-end=\"289\">Ngjyra<\/strong>: E bardh\u00eb RAL 9016<br data-start=\"308\" data-end=\"311\" \/><strong data-start=\"311\" data-end=\"324\">Materiali<\/strong>: Teknopolimer pa halogjene<br data-start=\"351\" data-end=\"354\" \/><strong data-start=\"354\" data-end=\"366\">Mbrojtje<\/strong>: IP40 \u2022 IK07<br data-start=\"379\" data-end=\"382\" \/><strong data-start=\"382\" data-end=\"393\">P\u00ebrmasa<\/strong>: Gjer\u00ebsia 152 mm Lart\u00ebsia 98 mm Thell\u00ebsia 70 mm<br data-start=\"504\" data-end=\"507\" \/><strong data-start=\"507\" data-end=\"531\">Ndarje e paracaktuar<\/strong>: 1<br data-start=\"534\" data-end=\"537\" \/><strong data-start=\"537\" data-end=\"555\">Test glow-wire<\/strong>: 650 \u00b0C<br data-start=\"563\" data-end=\"566\" \/><strong data-start=\"566\" data-end=\"595\">Test termopresioni me top<\/strong>: e paspecifikuar<br data-start=\"650\" data-end=\"653\" \/><strong data-start=\"653\" data-end=\"681\">Temperatura e instalimit<\/strong>: \u201315 \u00b0C deri +60 \u00b0C<\/p>","protected":false},"excerpt":{"rendered":"<p>Kodi Gewiss: GW48004Lloji: Kuti lidhjesh e montimit t\u00eb fsheht\u00eb p\u00ebr mur klasik (tull\u00eb\/lla\u00e7)Ngjyra: E bardh\u00eb RAL 9016Materiali: Teknopolimer pa halogjeneMbrojtje: IP40 \u2022 IK07P\u00ebrmasa: Gjer\u00ebsia 152 mm Lart\u00ebsia 98 mm Thell\u00ebsia 70 mmNdarje e paracaktuar: 1Test glow-wire: 650 \u00b0CTest termopresioni me top: e paspecifikuarTemperatura e instalimit: \u201315 \u00b0C deri +60 \u00b0C<\/p>","protected":false},"featured_media":3215,"comment_status":"open","ping_status":"closed","template":"","meta":{"_acf_changed":false},"product_brand":[],"product_cat":[40,69],"product_tag":[],"class_list":{"0":"post-3214","1":"product","2":"type-product","3":"status-publish","4":"has-post-thumbnail","6":"product_cat-serite-civile","7":"product_cat-gewiss-system","9":"first","10":"instock","11":"shipping-taxable","12":"product-type-simple"},"acf":[],"_links":{"self":[{"href":"https:\/\/www.brikaelektrik.al\/al\/wp-json\/wp\/v2\/product\/3214","targetHints":{"allow":["GET"]}}],"collection":[{"href":"https:\/\/www.brikaelektrik.al\/al\/wp-json\/wp\/v2\/product"}],"about":[{"href":"https:\/\/www.brikaelektrik.al\/al\/wp-json\/wp\/v2\/types\/product"}],"replies":[{"embeddable":true,"href":"https:\/\/www.brikaelektrik.al\/al\/wp-json\/wp\/v2\/comments?post=3214"}],"wp:featuredmedia":[{"embeddable":true,"href":"https:\/\/www.brikaelektrik.al\/al\/wp-json\/wp\/v2\/media\/3215"}],"wp:attachment":[{"href":"https:\/\/www.brikaelektrik.al\/al\/wp-json\/wp\/v2\/media?parent=3214"}],"wp:term":[{"taxonomy":"product_brand","embeddable":true,"href":"https:\/\/www.brikaelektrik.al\/al\/wp-json\/wp\/v2\/product_brand?post=3214"},{"taxonomy":"product_cat","embeddable":true,"href":"https:\/\/www.brikaelektrik.al\/al\/wp-json\/wp\/v2\/product_cat?post=3214"},{"taxonomy":"product_tag","embeddable":true,"href":"https:\/\/www.brikaelektrik.al\/al\/wp-json\/wp\/v2\/product_tag?post=3214"}],"curies":[{"name":"wp","href":"https:\/\/api.w.org\/{rel}","templated":true}]}}