{"id":3217,"date":"2025-08-21T08:31:06","date_gmt":"2025-08-21T08:31:06","guid":{"rendered":"https:\/\/www.brikaelektrik.al\/?post_type=product&#038;p=3217"},"modified":"2025-08-21T08:31:06","modified_gmt":"2025-08-21T08:31:06","slug":"kuti-jashte-muri-1p-cp","status":"publish","type":"product","link":"https:\/\/www.brikaelektrik.al\/al\/produkt\/kuti-jashte-muri-1p-cp\/","title":{"rendered":"KUTI JASHT\u00cb MURI 1P C+P"},"content":{"rendered":"<p><strong data-start=\"210\" data-end=\"219\">Seria: <\/strong>27\u202fCOMBI<strong data-start=\"210\" data-end=\"219\"><br \/>\nLloji<\/strong>: Kuti mbrojt\u00ebse p\u00ebr pajisje SYSTEM, 1 modul, montim n\u00eb mur horizontal<br data-start=\"289\" data-end=\"292\" \/><strong data-start=\"292\" data-end=\"302\">Ngjyra<\/strong>: Gri RAL\u202f7035<br data-start=\"316\" data-end=\"319\" data-is-only-node=\"\" \/><strong data-start=\"319\" data-end=\"332\">Materiali<\/strong>: Pa halogjene (Halogen\u2011free)\u00a0<br data-start=\"399\" data-end=\"402\" \/><strong data-start=\"402\" data-end=\"414\">Mbrojtje<\/strong>: IP40\u00a0<br data-start=\"458\" data-end=\"461\" \/><strong data-start=\"461\" data-end=\"506\">P\u00ebrmasa (Gjer\u00ebsia\u202f\u00d7\u202fLart\u00ebsia\u202f\u00d7\u202fThell\u00ebsia)<\/strong>: 66\u202f\u00d7\u202f82\u202f\u00d7\u202f55\u202fmm\u00a0<br data-start=\"561\" data-end=\"564\" \/><strong data-start=\"564\" data-end=\"589\">Nr. module (EN\u202f50022)<\/strong>: 1 modul<\/p>","protected":false},"excerpt":{"rendered":"<p>Seria: 27\u202fCOMBI Lloji: Kuti mbrojt\u00ebse p\u00ebr pajisje SYSTEM, 1 modul, montim n\u00eb mur horizontalNgjyra: Gri RAL\u202f7035Materiali: Pa halogjene (Halogen\u2011free)\u00a0Mbrojtje: IP40\u00a0P\u00ebrmasa (Gjer\u00ebsia\u202f\u00d7\u202fLart\u00ebsia\u202f\u00d7\u202fThell\u00ebsia): 66\u202f\u00d7\u202f82\u202f\u00d7\u202f55\u202fmm\u00a0Nr. module (EN\u202f50022): 1 modul<\/p>","protected":false},"featured_media":3218,"comment_status":"open","ping_status":"closed","template":"","meta":{"_acf_changed":false},"product_brand":[],"product_cat":[40,69],"product_tag":[],"class_list":{"0":"post-3217","1":"product","2":"type-product","3":"status-publish","4":"has-post-thumbnail","6":"product_cat-serite-civile","7":"product_cat-gewiss-system","9":"first","10":"instock","11":"shipping-taxable","12":"product-type-simple"},"acf":[],"_links":{"self":[{"href":"https:\/\/www.brikaelektrik.al\/al\/wp-json\/wp\/v2\/product\/3217","targetHints":{"allow":["GET"]}}],"collection":[{"href":"https:\/\/www.brikaelektrik.al\/al\/wp-json\/wp\/v2\/product"}],"about":[{"href":"https:\/\/www.brikaelektrik.al\/al\/wp-json\/wp\/v2\/types\/product"}],"replies":[{"embeddable":true,"href":"https:\/\/www.brikaelektrik.al\/al\/wp-json\/wp\/v2\/comments?post=3217"}],"wp:featuredmedia":[{"embeddable":true,"href":"https:\/\/www.brikaelektrik.al\/al\/wp-json\/wp\/v2\/media\/3218"}],"wp:attachment":[{"href":"https:\/\/www.brikaelektrik.al\/al\/wp-json\/wp\/v2\/media?parent=3217"}],"wp:term":[{"taxonomy":"product_brand","embeddable":true,"href":"https:\/\/www.brikaelektrik.al\/al\/wp-json\/wp\/v2\/product_brand?post=3217"},{"taxonomy":"product_cat","embeddable":true,"href":"https:\/\/www.brikaelektrik.al\/al\/wp-json\/wp\/v2\/product_cat?post=3217"},{"taxonomy":"product_tag","embeddable":true,"href":"https:\/\/www.brikaelektrik.al\/al\/wp-json\/wp\/v2\/product_tag?post=3217"}],"curies":[{"name":"wp","href":"https:\/\/api.w.org\/{rel}","templated":true}]}}