{"id":3221,"date":"2025-08-21T08:33:59","date_gmt":"2025-08-21T08:33:59","guid":{"rendered":"https:\/\/www.brikaelektrik.al\/?post_type=product&#038;p=3221"},"modified":"2025-08-21T08:33:59","modified_gmt":"2025-08-21T08:33:59","slug":"kuti-jashte-muri-2p-cp","status":"publish","type":"product","link":"https:\/\/www.brikaelektrik.al\/al\/produkt\/kuti-jashte-muri-2p-cp\/","title":{"rendered":"KUTI JASHT\u00cb MURI 2P C+P"},"content":{"rendered":"<p><strong data-start=\"164\" data-end=\"173\">Seria<\/strong>: 27 COMBI<br data-start=\"210\" data-end=\"213\" \/><strong data-start=\"213\" data-end=\"222\">Lloji<\/strong>: Kuti mbrojt\u00ebse p\u00ebr pajisje SYSTEM, 2 module, montim n\u00eb mur horizontal<br data-start=\"293\" data-end=\"296\" \/><strong data-start=\"296\" data-end=\"306\">Ngjyra<\/strong>: Gri RAL 7035<br data-start=\"320\" data-end=\"323\" data-is-only-node=\"\" \/><strong data-start=\"323\" data-end=\"336\">Materiali<\/strong>: PVC pa halogjene<br data-start=\"354\" data-end=\"357\" \/><strong data-start=\"357\" data-end=\"369\">Mbrojtje<\/strong>: IP40 \u2022 IK07<br data-start=\"382\" data-end=\"385\" \/><strong data-start=\"385\" data-end=\"396\">P\u00ebrmasa<\/strong>: Gjer\u00ebsia 66 mm Lart\u00ebsia 82 mm Thell\u00ebsia 55 mm<br data-start=\"443\" data-end=\"446\" \/><strong data-start=\"446\" data-end=\"471\">Nr. module (EN 50022)<\/strong>: 2<br data-start=\"474\" data-end=\"477\" \/><strong data-start=\"477\" data-end=\"503\">Konfigurimi i moduleve<\/strong>: 2\u00d71<br data-start=\"508\" data-end=\"511\" \/><strong data-start=\"511\" data-end=\"535\">Ndarje e paracaktuar<\/strong>: 1<br data-start=\"538\" data-end=\"541\" \/><strong data-start=\"541\" data-end=\"559\">Test glow-wire<\/strong>: 650 \u00b0C<br data-start=\"567\" data-end=\"570\" \/><strong data-start=\"570\" data-end=\"599\">Test termopresioni me top<\/strong>: 70 \u00b0C<br data-start=\"606\" data-end=\"609\" \/><strong data-start=\"609\" data-end=\"627\">Klasa izoluese<\/strong>: II<br data-start=\"631\" data-end=\"634\" \/><strong data-start=\"634\" data-end=\"662\">Temperatura e instalimit<\/strong>: \u201325 \u00b0C deri +60 \u00b0C<\/p>","protected":false},"excerpt":{"rendered":"<p>Seria: 27 COMBILloji: Kuti mbrojt\u00ebse p\u00ebr pajisje SYSTEM, 2 module, montim n\u00eb mur horizontalNgjyra: Gri RAL 7035Materiali: PVC pa halogjeneMbrojtje: IP40 \u2022 IK07P\u00ebrmasa: Gjer\u00ebsia 66 mm Lart\u00ebsia 82 mm Thell\u00ebsia 55 mmNr. module (EN 50022): 2Konfigurimi i moduleve: 2\u00d71Ndarje e paracaktuar: 1Test glow-wire: 650 \u00b0CTest termopresioni me top: 70 \u00b0CKlasa izoluese: IITemperatura e instalimit: \u201325 [&hellip;]<\/p>","protected":false},"featured_media":3222,"comment_status":"open","ping_status":"closed","template":"","meta":{"_acf_changed":false},"product_brand":[],"product_cat":[40,69],"product_tag":[],"class_list":{"0":"post-3221","1":"product","2":"type-product","3":"status-publish","4":"has-post-thumbnail","6":"product_cat-serite-civile","7":"product_cat-gewiss-system","9":"first","10":"instock","11":"shipping-taxable","12":"product-type-simple"},"acf":[],"_links":{"self":[{"href":"https:\/\/www.brikaelektrik.al\/al\/wp-json\/wp\/v2\/product\/3221","targetHints":{"allow":["GET"]}}],"collection":[{"href":"https:\/\/www.brikaelektrik.al\/al\/wp-json\/wp\/v2\/product"}],"about":[{"href":"https:\/\/www.brikaelektrik.al\/al\/wp-json\/wp\/v2\/types\/product"}],"replies":[{"embeddable":true,"href":"https:\/\/www.brikaelektrik.al\/al\/wp-json\/wp\/v2\/comments?post=3221"}],"wp:featuredmedia":[{"embeddable":true,"href":"https:\/\/www.brikaelektrik.al\/al\/wp-json\/wp\/v2\/media\/3222"}],"wp:attachment":[{"href":"https:\/\/www.brikaelektrik.al\/al\/wp-json\/wp\/v2\/media?parent=3221"}],"wp:term":[{"taxonomy":"product_brand","embeddable":true,"href":"https:\/\/www.brikaelektrik.al\/al\/wp-json\/wp\/v2\/product_brand?post=3221"},{"taxonomy":"product_cat","embeddable":true,"href":"https:\/\/www.brikaelektrik.al\/al\/wp-json\/wp\/v2\/product_cat?post=3221"},{"taxonomy":"product_tag","embeddable":true,"href":"https:\/\/www.brikaelektrik.al\/al\/wp-json\/wp\/v2\/product_tag?post=3221"}],"curies":[{"name":"wp","href":"https:\/\/api.w.org\/{rel}","templated":true}]}}