{"id":3225,"date":"2025-08-21T08:39:02","date_gmt":"2025-08-21T08:39:02","guid":{"rendered":"https:\/\/www.brikaelektrik.al\/?post_type=product&#038;p=3225"},"modified":"2025-08-21T08:39:02","modified_gmt":"2025-08-21T08:39:02","slug":"kapak-4p-trt-rosso","status":"publish","type":"product","link":"https:\/\/www.brikaelektrik.al\/al\/produkt\/kapak-4p-trt-rosso\/","title":{"rendered":"KAPAK 4P TRT ROSSO"},"content":{"rendered":"<p><strong data-start=\"169\" data-end=\"179\">Seria:<\/strong> Matrix<br data-start=\"186\" data-end=\"189\" \/><strong data-start=\"189\" data-end=\"199\">Lloji:<\/strong> Pllak\u00eb mbuluese per 4 module<br data-start=\"236\" data-end=\"239\" data-is-only-node=\"\" \/><strong data-start=\"239\" data-end=\"250\">Ngjyra:<\/strong> E kuqe toke (red ground)\u00a0<br data-start=\"273\" data-end=\"276\" \/><strong data-start=\"276\" data-end=\"290\">Materiali:<\/strong> Teknopolimer\u00a0<br data-start=\"328\" data-end=\"331\" \/><strong data-start=\"331\" data-end=\"341\">Forma:<\/strong> Virna\u00a0<br data-start=\"436\" data-end=\"439\" \/><strong data-start=\"439\" data-end=\"460\">Numri i moduleve:<\/strong> 4<br data-start=\"462\" data-end=\"465\" \/><strong data-start=\"465\" data-end=\"479\">Standardi:<\/strong> CE i certifikuar<br \/>\n<strong data-start=\"450\" data-end=\"463\">P\u00ebrmasat:<\/strong> Gjer\u00ebsia 143,7 mm Lart\u00ebsia 84 mm<\/p>","protected":false},"excerpt":{"rendered":"<p>Seria: MatrixLloji: Pllak\u00eb mbuluese per 4 moduleNgjyra: E kuqe toke (red ground)\u00a0Materiali: Teknopolimer\u00a0Forma: Virna\u00a0Numri i moduleve: 4Standardi: CE i certifikuar P\u00ebrmasat: Gjer\u00ebsia 143,7 mm Lart\u00ebsia 84 mm<\/p>","protected":false},"featured_media":3228,"comment_status":"open","ping_status":"closed","template":"","meta":{"_acf_changed":false},"product_brand":[],"product_cat":[40,66],"product_tag":[],"class_list":{"0":"post-3225","1":"product","2":"type-product","3":"status-publish","4":"has-post-thumbnail","6":"product_cat-serite-civile","7":"product_cat-matix","9":"first","10":"instock","11":"shipping-taxable","12":"product-type-simple"},"acf":[],"_links":{"self":[{"href":"https:\/\/www.brikaelektrik.al\/al\/wp-json\/wp\/v2\/product\/3225","targetHints":{"allow":["GET"]}}],"collection":[{"href":"https:\/\/www.brikaelektrik.al\/al\/wp-json\/wp\/v2\/product"}],"about":[{"href":"https:\/\/www.brikaelektrik.al\/al\/wp-json\/wp\/v2\/types\/product"}],"replies":[{"embeddable":true,"href":"https:\/\/www.brikaelektrik.al\/al\/wp-json\/wp\/v2\/comments?post=3225"}],"wp:featuredmedia":[{"embeddable":true,"href":"https:\/\/www.brikaelektrik.al\/al\/wp-json\/wp\/v2\/media\/3228"}],"wp:attachment":[{"href":"https:\/\/www.brikaelektrik.al\/al\/wp-json\/wp\/v2\/media?parent=3225"}],"wp:term":[{"taxonomy":"product_brand","embeddable":true,"href":"https:\/\/www.brikaelektrik.al\/al\/wp-json\/wp\/v2\/product_brand?post=3225"},{"taxonomy":"product_cat","embeddable":true,"href":"https:\/\/www.brikaelektrik.al\/al\/wp-json\/wp\/v2\/product_cat?post=3225"},{"taxonomy":"product_tag","embeddable":true,"href":"https:\/\/www.brikaelektrik.al\/al\/wp-json\/wp\/v2\/product_tag?post=3225"}],"curies":[{"name":"wp","href":"https:\/\/api.w.org\/{rel}","templated":true}]}}