{"id":3226,"date":"2025-08-21T08:35:56","date_gmt":"2025-08-21T08:35:56","guid":{"rendered":"https:\/\/www.brikaelektrik.al\/?post_type=product&#038;p=3226"},"modified":"2025-08-21T08:35:56","modified_gmt":"2025-08-21T08:35:56","slug":"llampe-sinjali-mono-kuqe","status":"publish","type":"product","link":"https:\/\/www.brikaelektrik.al\/al\/produkt\/llampe-sinjali-mono-kuqe\/","title":{"rendered":"LLAMP\u00cb SINJALI MONO KUQE"},"content":{"rendered":"<p><strong data-start=\"217\" data-end=\"226\">Seria<\/strong>: 90 AM<br data-start=\"260\" data-end=\"263\" \/><strong data-start=\"263\" data-end=\"272\">Lloji<\/strong>: Drit\u00eb treguese e vetme me LED, ngjyr\u00eb e kuqe<br data-start=\"318\" data-end=\"321\" data-is-only-node=\"\" \/><strong data-start=\"321\" data-end=\"331\">Ngjyra<\/strong>: E kuqe<br data-start=\"339\" data-end=\"342\" \/><strong data-start=\"342\" data-end=\"355\">Materiali<\/strong>: Polikarbonat<br data-start=\"369\" data-end=\"372\" \/><strong data-start=\"372\" data-end=\"384\">Mbrojtje<\/strong>: IP20<br data-start=\"390\" data-end=\"393\" \/><strong data-start=\"393\" data-end=\"404\">P\u00ebrmasa<\/strong>: Thell\u00ebsia 72 mm<br data-start=\"421\" data-end=\"424\" \/><strong data-start=\"424\" data-end=\"449\">Nr. module (EN 50022)<\/strong>: 1<br data-start=\"452\" data-end=\"455\" \/><strong data-start=\"455\" data-end=\"475\">Tensioni i pun\u00ebs<\/strong>: 230 V AC<br data-start=\"485\" data-end=\"488\" \/><strong data-start=\"488\" data-end=\"497\">Fuqia<\/strong>: 0.8 W<\/p>","protected":false},"excerpt":{"rendered":"<p>Seria: 90 AMLloji: Drit\u00eb treguese e vetme me LED, ngjyr\u00eb e kuqeNgjyra: E kuqeMateriali: PolikarbonatMbrojtje: IP20P\u00ebrmasa: Thell\u00ebsia 72 mmNr. module (EN 50022): 1Tensioni i pun\u00ebs: 230 V ACFuqia: 0.8 W<\/p>","protected":false},"featured_media":3227,"comment_status":"open","ping_status":"closed","template":"","meta":{"_acf_changed":false},"product_brand":[],"product_cat":[40,69],"product_tag":[],"class_list":{"0":"post-3226","1":"product","2":"type-product","3":"status-publish","4":"has-post-thumbnail","6":"product_cat-serite-civile","7":"product_cat-gewiss-system","9":"first","10":"instock","11":"shipping-taxable","12":"product-type-simple"},"acf":[],"_links":{"self":[{"href":"https:\/\/www.brikaelektrik.al\/al\/wp-json\/wp\/v2\/product\/3226","targetHints":{"allow":["GET"]}}],"collection":[{"href":"https:\/\/www.brikaelektrik.al\/al\/wp-json\/wp\/v2\/product"}],"about":[{"href":"https:\/\/www.brikaelektrik.al\/al\/wp-json\/wp\/v2\/types\/product"}],"replies":[{"embeddable":true,"href":"https:\/\/www.brikaelektrik.al\/al\/wp-json\/wp\/v2\/comments?post=3226"}],"wp:featuredmedia":[{"embeddable":true,"href":"https:\/\/www.brikaelektrik.al\/al\/wp-json\/wp\/v2\/media\/3227"}],"wp:attachment":[{"href":"https:\/\/www.brikaelektrik.al\/al\/wp-json\/wp\/v2\/media?parent=3226"}],"wp:term":[{"taxonomy":"product_brand","embeddable":true,"href":"https:\/\/www.brikaelektrik.al\/al\/wp-json\/wp\/v2\/product_brand?post=3226"},{"taxonomy":"product_cat","embeddable":true,"href":"https:\/\/www.brikaelektrik.al\/al\/wp-json\/wp\/v2\/product_cat?post=3226"},{"taxonomy":"product_tag","embeddable":true,"href":"https:\/\/www.brikaelektrik.al\/al\/wp-json\/wp\/v2\/product_tag?post=3226"}],"curies":[{"name":"wp","href":"https:\/\/api.w.org\/{rel}","templated":true}]}}