{"id":3229,"date":"2025-08-21T08:38:56","date_gmt":"2025-08-21T08:38:56","guid":{"rendered":"https:\/\/www.brikaelektrik.al\/?post_type=product&#038;p=3229"},"modified":"2025-08-21T08:38:56","modified_gmt":"2025-08-21T08:38:56","slug":"llampe-sinjali-mono-jeshile","status":"publish","type":"product","link":"https:\/\/www.brikaelektrik.al\/al\/produkt\/llampe-sinjali-mono-jeshile\/","title":{"rendered":"LLAMP\u00cb SINJALI MONO JESHILE"},"content":{"rendered":"<p><strong data-start=\"173\" data-end=\"182\">Seria<\/strong>: 90 AM<br data-start=\"216\" data-end=\"219\" \/><strong data-start=\"219\" data-end=\"228\">Lloji<\/strong>: Drit\u00eb treguese e vetme me LED, ngjyr\u00eb e gjelb\u00ebr<br data-start=\"277\" data-end=\"280\" \/><strong data-start=\"280\" data-end=\"290\">Ngjyra<\/strong>: E gjelb\u00ebr<br data-start=\"301\" data-end=\"304\" data-is-only-node=\"\" \/><strong data-start=\"304\" data-end=\"317\">Materiali<\/strong>: Polikarbonat<br data-start=\"331\" data-end=\"334\" \/><strong data-start=\"334\" data-end=\"346\">Mbrojtje<\/strong>: IP20<br data-start=\"352\" data-end=\"355\" \/><strong data-start=\"355\" data-end=\"366\">P\u00ebrmasa<\/strong>: Thell\u00ebsia 72 mm<br data-start=\"383\" data-end=\"386\" \/><strong data-start=\"386\" data-end=\"411\">Nr. module (EN 50022)<\/strong>: 1<br data-start=\"414\" data-end=\"417\" \/><strong data-start=\"417\" data-end=\"437\">Tensioni i pun\u00ebs<\/strong>: 230 V AC<br data-start=\"447\" data-end=\"450\" \/><strong data-start=\"450\" data-end=\"459\">Fuqia<\/strong>: 0.8 W<\/p>","protected":false},"excerpt":{"rendered":"<p>Seria: 90 AMLloji: Drit\u00eb treguese e vetme me LED, ngjyr\u00eb e gjelb\u00ebrNgjyra: E gjelb\u00ebrMateriali: PolikarbonatMbrojtje: IP20P\u00ebrmasa: Thell\u00ebsia 72 mmNr. module (EN 50022): 1Tensioni i pun\u00ebs: 230 V ACFuqia: 0.8 W<\/p>","protected":false},"featured_media":3230,"comment_status":"open","ping_status":"closed","template":"","meta":{"_acf_changed":false},"product_brand":[],"product_cat":[40,69],"product_tag":[],"class_list":{"0":"post-3229","1":"product","2":"type-product","3":"status-publish","4":"has-post-thumbnail","6":"product_cat-serite-civile","7":"product_cat-gewiss-system","9":"first","10":"instock","11":"shipping-taxable","12":"product-type-simple"},"acf":[],"_links":{"self":[{"href":"https:\/\/www.brikaelektrik.al\/al\/wp-json\/wp\/v2\/product\/3229","targetHints":{"allow":["GET"]}}],"collection":[{"href":"https:\/\/www.brikaelektrik.al\/al\/wp-json\/wp\/v2\/product"}],"about":[{"href":"https:\/\/www.brikaelektrik.al\/al\/wp-json\/wp\/v2\/types\/product"}],"replies":[{"embeddable":true,"href":"https:\/\/www.brikaelektrik.al\/al\/wp-json\/wp\/v2\/comments?post=3229"}],"wp:featuredmedia":[{"embeddable":true,"href":"https:\/\/www.brikaelektrik.al\/al\/wp-json\/wp\/v2\/media\/3230"}],"wp:attachment":[{"href":"https:\/\/www.brikaelektrik.al\/al\/wp-json\/wp\/v2\/media?parent=3229"}],"wp:term":[{"taxonomy":"product_brand","embeddable":true,"href":"https:\/\/www.brikaelektrik.al\/al\/wp-json\/wp\/v2\/product_brand?post=3229"},{"taxonomy":"product_cat","embeddable":true,"href":"https:\/\/www.brikaelektrik.al\/al\/wp-json\/wp\/v2\/product_cat?post=3229"},{"taxonomy":"product_tag","embeddable":true,"href":"https:\/\/www.brikaelektrik.al\/al\/wp-json\/wp\/v2\/product_tag?post=3229"}],"curies":[{"name":"wp","href":"https:\/\/api.w.org\/{rel}","templated":true}]}}