{"id":3232,"date":"2025-08-21T08:40:44","date_gmt":"2025-08-21T08:40:44","guid":{"rendered":"https:\/\/www.brikaelektrik.al\/?post_type=product&#038;p=3232"},"modified":"2025-08-21T08:40:44","modified_gmt":"2025-08-21T08:40:44","slug":"llampe-sinjali-3-fazore","status":"publish","type":"product","link":"https:\/\/www.brikaelektrik.al\/al\/produkt\/llampe-sinjali-3-fazore\/","title":{"rendered":"LLAMP\u00cb SINJALI 3 FAZORE"},"content":{"rendered":"<p><strong data-start=\"164\" data-end=\"173\">Seria<\/strong>: 90 AM<br data-start=\"207\" data-end=\"210\" \/><strong data-start=\"210\" data-end=\"219\">Lloji<\/strong>: Drit\u00eb treguese e trefisht\u00eb me LED, ngjyr\u00eb e kuqe<br data-start=\"269\" data-end=\"272\" \/><strong data-start=\"272\" data-end=\"282\">Ngjyra<\/strong>: E kuqe<br data-start=\"290\" data-end=\"293\" data-is-only-node=\"\" \/><strong data-start=\"293\" data-end=\"306\">Materiali<\/strong>: Polikarbonat<br data-start=\"320\" data-end=\"323\" \/><strong data-start=\"323\" data-end=\"335\">Mbrojtje<\/strong>: IP20<br data-start=\"341\" data-end=\"344\" \/><strong data-start=\"344\" data-end=\"355\">P\u00ebrmasa<\/strong>: 72 mm thell\u00ebsi<br data-start=\"371\" data-end=\"374\" \/><strong data-start=\"374\" data-end=\"399\">Nr. module (EN 50022)<\/strong>: 1<br data-start=\"402\" data-end=\"405\" \/><strong data-start=\"405\" data-end=\"425\">Tensioni i pun\u00ebs<\/strong>: 230 V AC<br data-start=\"435\" data-end=\"438\" \/><strong data-start=\"438\" data-end=\"447\">Fuqia<\/strong>: 0.8 W<\/p>","protected":false},"excerpt":{"rendered":"<p>Seria: 90 AMLloji: Drit\u00eb treguese e trefisht\u00eb me LED, ngjyr\u00eb e kuqeNgjyra: E kuqeMateriali: PolikarbonatMbrojtje: IP20P\u00ebrmasa: 72 mm thell\u00ebsiNr. module (EN 50022): 1Tensioni i pun\u00ebs: 230 V ACFuqia: 0.8 W<\/p>","protected":false},"featured_media":3233,"comment_status":"open","ping_status":"closed","template":"","meta":{"_acf_changed":false},"product_brand":[],"product_cat":[40,69],"product_tag":[],"class_list":{"0":"post-3232","1":"product","2":"type-product","3":"status-publish","4":"has-post-thumbnail","6":"product_cat-serite-civile","7":"product_cat-gewiss-system","9":"first","10":"instock","11":"shipping-taxable","12":"product-type-simple"},"acf":[],"_links":{"self":[{"href":"https:\/\/www.brikaelektrik.al\/al\/wp-json\/wp\/v2\/product\/3232","targetHints":{"allow":["GET"]}}],"collection":[{"href":"https:\/\/www.brikaelektrik.al\/al\/wp-json\/wp\/v2\/product"}],"about":[{"href":"https:\/\/www.brikaelektrik.al\/al\/wp-json\/wp\/v2\/types\/product"}],"replies":[{"embeddable":true,"href":"https:\/\/www.brikaelektrik.al\/al\/wp-json\/wp\/v2\/comments?post=3232"}],"wp:featuredmedia":[{"embeddable":true,"href":"https:\/\/www.brikaelektrik.al\/al\/wp-json\/wp\/v2\/media\/3233"}],"wp:attachment":[{"href":"https:\/\/www.brikaelektrik.al\/al\/wp-json\/wp\/v2\/media?parent=3232"}],"wp:term":[{"taxonomy":"product_brand","embeddable":true,"href":"https:\/\/www.brikaelektrik.al\/al\/wp-json\/wp\/v2\/product_brand?post=3232"},{"taxonomy":"product_cat","embeddable":true,"href":"https:\/\/www.brikaelektrik.al\/al\/wp-json\/wp\/v2\/product_cat?post=3232"},{"taxonomy":"product_tag","embeddable":true,"href":"https:\/\/www.brikaelektrik.al\/al\/wp-json\/wp\/v2\/product_tag?post=3232"}],"curies":[{"name":"wp","href":"https:\/\/api.w.org\/{rel}","templated":true}]}}