{"id":3234,"date":"2025-08-21T08:43:10","date_gmt":"2025-08-21T08:43:10","guid":{"rendered":"https:\/\/www.brikaelektrik.al\/?post_type=product&#038;p=3234"},"modified":"2025-08-21T08:43:11","modified_gmt":"2025-08-21T08:43:11","slug":"kuti-shperndarese-pt5","status":"publish","type":"product","link":"https:\/\/www.brikaelektrik.al\/al\/produkt\/kuti-shperndarese-pt5\/","title":{"rendered":"KUTI SHP\u00cbRNDAR\u00cbSE PT5"},"content":{"rendered":"<p><strong data-start=\"164\" data-end=\"173\">Seria<\/strong>: 48<br data-start=\"177\" data-end=\"180\" \/><strong data-start=\"207\" data-end=\"216\">Lloji<\/strong>: Kuti lidh\u00ebse e montuar n\u00eb mur p\u00ebr mure me tulla<br data-start=\"265\" data-end=\"268\" \/><strong data-start=\"268\" data-end=\"278\">Ngjyra<\/strong>: E bardh\u00eb (kapak RAL 9016)<br data-start=\"305\" data-end=\"308\" data-is-only-node=\"\" \/><strong data-start=\"308\" data-end=\"321\">Materiali<\/strong>: Polimer pa halogjen<br data-start=\"342\" data-end=\"345\" \/><strong data-start=\"345\" data-end=\"357\">Mbrojtje<\/strong>: IP40<br data-start=\"363\" data-end=\"366\" \/><strong data-start=\"366\" data-end=\"377\">P\u00ebrmasa<\/strong>: Gjer\u00ebsia 160 mm, Lart\u00ebsia 130 mm, Thell\u00ebsia 70 mm<\/p>","protected":false},"excerpt":{"rendered":"<p>Seria: 48Lloji: Kuti lidh\u00ebse e montuar n\u00eb mur p\u00ebr mure me tullaNgjyra: E bardh\u00eb (kapak RAL 9016)Materiali: Polimer pa halogjenMbrojtje: IP40P\u00ebrmasa: Gjer\u00ebsia 160 mm, Lart\u00ebsia 130 mm, Thell\u00ebsia 70 mm<\/p>","protected":false},"featured_media":3235,"comment_status":"open","ping_status":"closed","template":"","meta":{"_acf_changed":false},"product_brand":[],"product_cat":[40,69],"product_tag":[],"class_list":{"0":"post-3234","1":"product","2":"type-product","3":"status-publish","4":"has-post-thumbnail","6":"product_cat-serite-civile","7":"product_cat-gewiss-system","9":"first","10":"instock","11":"shipping-taxable","12":"product-type-simple"},"acf":[],"_links":{"self":[{"href":"https:\/\/www.brikaelektrik.al\/al\/wp-json\/wp\/v2\/product\/3234","targetHints":{"allow":["GET"]}}],"collection":[{"href":"https:\/\/www.brikaelektrik.al\/al\/wp-json\/wp\/v2\/product"}],"about":[{"href":"https:\/\/www.brikaelektrik.al\/al\/wp-json\/wp\/v2\/types\/product"}],"replies":[{"embeddable":true,"href":"https:\/\/www.brikaelektrik.al\/al\/wp-json\/wp\/v2\/comments?post=3234"}],"wp:featuredmedia":[{"embeddable":true,"href":"https:\/\/www.brikaelektrik.al\/al\/wp-json\/wp\/v2\/media\/3235"}],"wp:attachment":[{"href":"https:\/\/www.brikaelektrik.al\/al\/wp-json\/wp\/v2\/media?parent=3234"}],"wp:term":[{"taxonomy":"product_brand","embeddable":true,"href":"https:\/\/www.brikaelektrik.al\/al\/wp-json\/wp\/v2\/product_brand?post=3234"},{"taxonomy":"product_cat","embeddable":true,"href":"https:\/\/www.brikaelektrik.al\/al\/wp-json\/wp\/v2\/product_cat?post=3234"},{"taxonomy":"product_tag","embeddable":true,"href":"https:\/\/www.brikaelektrik.al\/al\/wp-json\/wp\/v2\/product_tag?post=3234"}],"curies":[{"name":"wp","href":"https:\/\/api.w.org\/{rel}","templated":true}]}}