{"id":3236,"date":"2025-08-21T08:46:43","date_gmt":"2025-08-21T08:46:43","guid":{"rendered":"https:\/\/www.brikaelektrik.al\/?post_type=product&#038;p=3236"},"modified":"2025-08-21T08:46:43","modified_gmt":"2025-08-21T08:46:43","slug":"kuti-shperndarese-pt6","status":"publish","type":"product","link":"https:\/\/www.brikaelektrik.al\/al\/produkt\/kuti-shperndarese-pt6\/","title":{"rendered":"KUTI SHP\u00cbRNDAR\u00cbSE PT6"},"content":{"rendered":"<p><strong data-start=\"194\" data-end=\"203\">Seria<\/strong>: 48 \/ 48 PT DIN<br data-start=\"219\" data-end=\"222\" \/><strong data-start=\"249\" data-end=\"258\">Lloji<\/strong>: Kuti lidhjesh p\u00ebr mure me tulla, montim i fsheht\u00eb, me shin\u00eb DIN t\u00eb integruar<br data-start=\"336\" data-end=\"339\" data-is-only-node=\"\" \/><strong data-start=\"339\" data-end=\"349\">Ngjyra<\/strong>: E bardh\u00eb, kapaku RAL 9016<br data-start=\"376\" data-end=\"379\" \/><strong data-start=\"379\" data-end=\"392\">Materiali<\/strong>: Teknopolimer pa halogjen<br data-start=\"418\" data-end=\"421\" \/><strong data-start=\"421\" data-end=\"433\">Mbrojtje<\/strong>: IP40 \u2022 IK07<br data-start=\"446\" data-end=\"449\" \/><strong data-start=\"449\" data-end=\"460\">P\u00ebrmasa<\/strong>: Gjer\u00ebsia 196 mm Lart\u00ebsia 152 mm Thell\u00ebsia 75 mm<br data-start=\"509\" data-end=\"512\" \/><strong data-start=\"512\" data-end=\"537\">Nr. module (EN 50022)<\/strong>: 4.5 module p\u00ebr ndarje<br data-start=\"592\" data-end=\"595\" \/><strong data-start=\"595\" data-end=\"619\">Ndarje e paracaktuar<\/strong>: 2<br data-start=\"622\" data-end=\"625\" \/><strong data-start=\"625\" data-end=\"643\">Test glow-wire<\/strong>: 650 \u00b0C<br data-start=\"651\" data-end=\"654\" \/><strong data-start=\"654\" data-end=\"683\">Test termopresioni me top<\/strong>: 70 \u00b0C<br data-start=\"714\" data-end=\"717\" \/><strong data-start=\"717\" data-end=\"745\">Temperatura e instalimit<\/strong>: \u201315 \u00b0C deri +60 \u00b0C<br data-start=\"765\" data-end=\"768\" \/><strong data-start=\"768\" data-end=\"781\">Standardi<\/strong>: EN 60670-1, CEI 23-48\/23-49<\/p>","protected":false},"excerpt":{"rendered":"<p>Seria: 48 \/ 48 PT DINLloji: Kuti lidhjesh p\u00ebr mure me tulla, montim i fsheht\u00eb, me shin\u00eb DIN t\u00eb integruarNgjyra: E bardh\u00eb, kapaku RAL 9016Materiali: Teknopolimer pa halogjenMbrojtje: IP40 \u2022 IK07P\u00ebrmasa: Gjer\u00ebsia 196 mm Lart\u00ebsia 152 mm Thell\u00ebsia 75 mmNr. module (EN 50022): 4.5 module p\u00ebr ndarjeNdarje e paracaktuar: 2Test glow-wire: 650 \u00b0CTest termopresioni me [&hellip;]<\/p>","protected":false},"featured_media":3238,"comment_status":"open","ping_status":"closed","template":"","meta":{"_acf_changed":false},"product_brand":[],"product_cat":[40,69],"product_tag":[],"class_list":{"0":"post-3236","1":"product","2":"type-product","3":"status-publish","4":"has-post-thumbnail","6":"product_cat-serite-civile","7":"product_cat-gewiss-system","9":"first","10":"instock","11":"shipping-taxable","12":"product-type-simple"},"acf":[],"_links":{"self":[{"href":"https:\/\/www.brikaelektrik.al\/al\/wp-json\/wp\/v2\/product\/3236","targetHints":{"allow":["GET"]}}],"collection":[{"href":"https:\/\/www.brikaelektrik.al\/al\/wp-json\/wp\/v2\/product"}],"about":[{"href":"https:\/\/www.brikaelektrik.al\/al\/wp-json\/wp\/v2\/types\/product"}],"replies":[{"embeddable":true,"href":"https:\/\/www.brikaelektrik.al\/al\/wp-json\/wp\/v2\/comments?post=3236"}],"wp:featuredmedia":[{"embeddable":true,"href":"https:\/\/www.brikaelektrik.al\/al\/wp-json\/wp\/v2\/media\/3238"}],"wp:attachment":[{"href":"https:\/\/www.brikaelektrik.al\/al\/wp-json\/wp\/v2\/media?parent=3236"}],"wp:term":[{"taxonomy":"product_brand","embeddable":true,"href":"https:\/\/www.brikaelektrik.al\/al\/wp-json\/wp\/v2\/product_brand?post=3236"},{"taxonomy":"product_cat","embeddable":true,"href":"https:\/\/www.brikaelektrik.al\/al\/wp-json\/wp\/v2\/product_cat?post=3236"},{"taxonomy":"product_tag","embeddable":true,"href":"https:\/\/www.brikaelektrik.al\/al\/wp-json\/wp\/v2\/product_tag?post=3236"}],"curies":[{"name":"wp","href":"https:\/\/api.w.org\/{rel}","templated":true}]}}