{"id":3240,"date":"2025-08-21T08:48:17","date_gmt":"2025-08-21T08:48:17","guid":{"rendered":"https:\/\/www.brikaelektrik.al\/?post_type=product&#038;p=3240"},"modified":"2025-08-21T08:48:17","modified_gmt":"2025-08-21T08:48:17","slug":"kuti-shperndarese-pt8","status":"publish","type":"product","link":"https:\/\/www.brikaelektrik.al\/al\/produkt\/kuti-shperndarese-pt8\/","title":{"rendered":"KUTI SHP\u00cbRNDAR\u00cbSE PT8"},"content":{"rendered":"<p><strong data-start=\"182\" data-end=\"191\">Seria<\/strong>: 48 PT \/ 48 PT DIN<br data-start=\"237\" data-end=\"240\" \/><strong data-start=\"240\" data-end=\"249\">Lloji<\/strong>: Kuti lidhjesh p\u00ebr murra prej tullash, montim i fsheht\u00eb, me shin\u00eb DIN t\u00eb integruar<br data-start=\"332\" data-end=\"335\" \/><strong data-start=\"335\" data-end=\"345\" data-is-only-node=\"\">Ngjyra<\/strong>: E bardh\u00eb, kapaku RAL\u202f9016<br data-start=\"372\" data-end=\"375\" \/><strong data-start=\"375\" data-end=\"388\">Materiali<\/strong>: Teknopolimer pa halogjen<br data-start=\"414\" data-end=\"417\" \/><strong data-start=\"417\" data-end=\"429\">Mbrojtja<\/strong>: IP40 \u2022 IK07<br data-start=\"442\" data-end=\"445\" \/><strong data-start=\"445\" data-end=\"490\">P\u00ebrmasa (Gjer\u00ebsia\u202f\u00d7\u202fLart\u00ebsia\u202f\u00d7\u202fThell\u00ebsia)<\/strong>: 392\u202f\u00d7\u202f152\u202f\u00d7\u202f75\u202fmm<br data-start=\"509\" data-end=\"512\" \/><strong data-start=\"512\" data-end=\"536\">Ndarje e paracaktuar<\/strong>: 4<\/p>","protected":false},"excerpt":{"rendered":"<p>Seria: 48 PT \/ 48 PT DINLloji: Kuti lidhjesh p\u00ebr murra prej tullash, montim i fsheht\u00eb, me shin\u00eb DIN t\u00eb integruarNgjyra: E bardh\u00eb, kapaku RAL\u202f9016Materiali: Teknopolimer pa halogjenMbrojtja: IP40 \u2022 IK07P\u00ebrmasa (Gjer\u00ebsia\u202f\u00d7\u202fLart\u00ebsia\u202f\u00d7\u202fThell\u00ebsia): 392\u202f\u00d7\u202f152\u202f\u00d7\u202f75\u202fmmNdarje e paracaktuar: 4<\/p>","protected":false},"featured_media":3241,"comment_status":"open","ping_status":"closed","template":"","meta":{"_acf_changed":false},"product_brand":[],"product_cat":[40,69],"product_tag":[],"class_list":{"0":"post-3240","1":"product","2":"type-product","3":"status-publish","4":"has-post-thumbnail","6":"product_cat-serite-civile","7":"product_cat-gewiss-system","9":"first","10":"instock","11":"shipping-taxable","12":"product-type-simple"},"acf":[],"_links":{"self":[{"href":"https:\/\/www.brikaelektrik.al\/al\/wp-json\/wp\/v2\/product\/3240","targetHints":{"allow":["GET"]}}],"collection":[{"href":"https:\/\/www.brikaelektrik.al\/al\/wp-json\/wp\/v2\/product"}],"about":[{"href":"https:\/\/www.brikaelektrik.al\/al\/wp-json\/wp\/v2\/types\/product"}],"replies":[{"embeddable":true,"href":"https:\/\/www.brikaelektrik.al\/al\/wp-json\/wp\/v2\/comments?post=3240"}],"wp:featuredmedia":[{"embeddable":true,"href":"https:\/\/www.brikaelektrik.al\/al\/wp-json\/wp\/v2\/media\/3241"}],"wp:attachment":[{"href":"https:\/\/www.brikaelektrik.al\/al\/wp-json\/wp\/v2\/media?parent=3240"}],"wp:term":[{"taxonomy":"product_brand","embeddable":true,"href":"https:\/\/www.brikaelektrik.al\/al\/wp-json\/wp\/v2\/product_brand?post=3240"},{"taxonomy":"product_cat","embeddable":true,"href":"https:\/\/www.brikaelektrik.al\/al\/wp-json\/wp\/v2\/product_cat?post=3240"},{"taxonomy":"product_tag","embeddable":true,"href":"https:\/\/www.brikaelektrik.al\/al\/wp-json\/wp\/v2\/product_tag?post=3240"}],"curies":[{"name":"wp","href":"https:\/\/api.w.org\/{rel}","templated":true}]}}