{"id":3242,"date":"2025-08-21T08:51:14","date_gmt":"2025-08-21T08:51:14","guid":{"rendered":"https:\/\/www.brikaelektrik.al\/?post_type=product&#038;p=3242"},"modified":"2025-08-21T08:51:30","modified_gmt":"2025-08-21T08:51:30","slug":"kuti-shperndarese-pt7","status":"publish","type":"product","link":"https:\/\/www.brikaelektrik.al\/al\/produkt\/kuti-shperndarese-pt7\/","title":{"rendered":"KUTI SHP\u00cbRNDAR\u00cbSE PT7"},"content":{"rendered":"<p><strong data-start=\"212\" data-end=\"221\">Seria<\/strong>: 48 PT \/ 48 PT DIN<br data-start=\"240\" data-end=\"243\" \/><strong data-start=\"270\" data-end=\"279\">Lloji<\/strong>: Kuti lidhjesh e montimit t\u00eb fsheht\u00eb p\u00ebr mure prej tullash (brick wall), me shin\u00eb DIN t\u00eb integruar<br data-start=\"378\" data-end=\"381\" \/><strong data-start=\"381\" data-end=\"391\" data-is-only-node=\"\">Ngjyra<\/strong>: E bardh\u00eb, kapaku RAL\u202f9016<br data-start=\"418\" data-end=\"421\" \/><strong data-start=\"421\" data-end=\"434\">Materiali<\/strong>: Teknopolimer pa halogjene<br data-start=\"461\" data-end=\"464\" \/><strong data-start=\"464\" data-end=\"476\">Mbrojtje<\/strong>: IP40 \u2022 IK07<br data-start=\"489\" data-end=\"492\" \/><strong data-start=\"492\" data-end=\"537\">P\u00ebrmasa (Gjer\u00ebsia \u00d7 Lart\u00ebsia \u00d7 Thell\u00ebsia)<\/strong>: 294\u202f\u00d7\u202f152\u202f\u00d7\u202f75\u202fmm\u00a0<br data-start=\"594\" data-end=\"597\" \/><strong data-start=\"597\" data-end=\"621\">Ndarje e paracaktuar<\/strong>: 3\u00a0<br data-start=\"662\" data-end=\"665\" \/><strong data-start=\"665\" data-end=\"690\">Nr. module (EN 50022)<\/strong>: 5 module p\u00ebr \u00e7do ndarje<br data-start=\"753\" data-end=\"756\" \/><strong data-start=\"756\" data-end=\"812\">Fuqia maksimale e shp\u00ebrndar\u00eb (Dispersible max power)<\/strong>: 13\u202fW<\/p>","protected":false},"excerpt":{"rendered":"<p>Seria: 48 PT \/ 48 PT DINLloji: Kuti lidhjesh e montimit t\u00eb fsheht\u00eb p\u00ebr mure prej tullash (brick wall), me shin\u00eb DIN t\u00eb integruarNgjyra: E bardh\u00eb, kapaku RAL\u202f9016Materiali: Teknopolimer pa halogjeneMbrojtje: IP40 \u2022 IK07P\u00ebrmasa (Gjer\u00ebsia \u00d7 Lart\u00ebsia \u00d7 Thell\u00ebsia): 294\u202f\u00d7\u202f152\u202f\u00d7\u202f75\u202fmm\u00a0Ndarje e paracaktuar: 3\u00a0Nr. module (EN 50022): 5 module p\u00ebr \u00e7do ndarjeFuqia maksimale e shp\u00ebrndar\u00eb (Dispersible [&hellip;]<\/p>","protected":false},"featured_media":3243,"comment_status":"open","ping_status":"closed","template":"","meta":{"_acf_changed":false},"product_brand":[],"product_cat":[40,69],"product_tag":[],"class_list":{"0":"post-3242","1":"product","2":"type-product","3":"status-publish","4":"has-post-thumbnail","6":"product_cat-serite-civile","7":"product_cat-gewiss-system","9":"first","10":"instock","11":"shipping-taxable","12":"product-type-simple"},"acf":[],"_links":{"self":[{"href":"https:\/\/www.brikaelektrik.al\/al\/wp-json\/wp\/v2\/product\/3242","targetHints":{"allow":["GET"]}}],"collection":[{"href":"https:\/\/www.brikaelektrik.al\/al\/wp-json\/wp\/v2\/product"}],"about":[{"href":"https:\/\/www.brikaelektrik.al\/al\/wp-json\/wp\/v2\/types\/product"}],"replies":[{"embeddable":true,"href":"https:\/\/www.brikaelektrik.al\/al\/wp-json\/wp\/v2\/comments?post=3242"}],"wp:featuredmedia":[{"embeddable":true,"href":"https:\/\/www.brikaelektrik.al\/al\/wp-json\/wp\/v2\/media\/3243"}],"wp:attachment":[{"href":"https:\/\/www.brikaelektrik.al\/al\/wp-json\/wp\/v2\/media?parent=3242"}],"wp:term":[{"taxonomy":"product_brand","embeddable":true,"href":"https:\/\/www.brikaelektrik.al\/al\/wp-json\/wp\/v2\/product_brand?post=3242"},{"taxonomy":"product_cat","embeddable":true,"href":"https:\/\/www.brikaelektrik.al\/al\/wp-json\/wp\/v2\/product_cat?post=3242"},{"taxonomy":"product_tag","embeddable":true,"href":"https:\/\/www.brikaelektrik.al\/al\/wp-json\/wp\/v2\/product_tag?post=3242"}],"curies":[{"name":"wp","href":"https:\/\/api.w.org\/{rel}","templated":true}]}}