{"id":3244,"date":"2025-08-21T08:54:33","date_gmt":"2025-08-21T08:54:33","guid":{"rendered":"https:\/\/www.brikaelektrik.al\/?post_type=product&#038;p=3244"},"modified":"2025-08-21T08:54:33","modified_gmt":"2025-08-21T08:54:33","slug":"morseteri-4p-250a","status":"publish","type":"product","link":"https:\/\/www.brikaelektrik.al\/al\/produkt\/morseteri-4p-250a\/","title":{"rendered":"MORSETERI 4P 250A"},"content":{"rendered":"<p><strong data-start=\"197\" data-end=\"206\">Seria<\/strong>: BUSBAR Range<br data-start=\"247\" data-end=\"250\" \/><strong data-start=\"250\" data-end=\"259\">Lloji<\/strong>: Divider horizontal kat\u00ebr-pol\u00ebsh (four\u2011pole divider) me kapacitet deri 250\u202fA, p\u00ebr sistemin CVX 630K\/630M\/1600<br data-start=\"369\" data-end=\"372\" \/><strong data-start=\"372\" data-end=\"382\" data-is-only-node=\"\">Ngjyra<\/strong>: Gri\/alumin (standard n\u00eb komponent\u00eb industriake)<br data-start=\"431\" data-end=\"434\" \/><strong data-start=\"434\" data-end=\"447\">Materiali<\/strong>: Termoplastik (plastik\u00eb teknike)<br data-start=\"480\" data-end=\"483\" \/><strong data-start=\"483\" data-end=\"495\">Mbrojtje<\/strong>: \u2013 (jo specifikuar; p\u00ebrdorim n\u00eb brendi panelesh t\u00eb mbyllura)<br data-start=\"556\" data-end=\"559\" \/><strong data-start=\"559\" data-end=\"604\">P\u00ebrmasa (Gjer\u00ebsia\u202f\u00d7\u202fThell\u00ebsia\u202f\u00d7\u202fLart\u00ebsia)<\/strong>: 285\u202f\u00d7\u202f70\u202f\u00d7\u202f190\u202fmm<br data-start=\"661\" data-end=\"664\" \/><strong data-start=\"664\" data-end=\"689\">Nr. module (EN\u202f50022)<\/strong>: 16 module t\u00eb lejuar n\u00eb profilin EN 50022\u00a0<br data-start=\"769\" data-end=\"772\" \/><strong data-start=\"772\" data-end=\"809\">Kapacitet lidhjeje<\/strong>: 1 \u00d7 M12 (ingres) dhe 10 \u00d7 M6 (dalje)\u00a0<br data-start=\"885\" data-end=\"888\" \/><strong data-start=\"888\" data-end=\"901\">ICW (1 s)<\/strong> (kapaciteti i rrym\u00ebs s\u00eb shkurt\u00ebrkohore): 17\u202fkA<br data-start=\"986\" data-end=\"989\" \/><strong data-start=\"989\" data-end=\"1027\">Tensioni nominal \/ Curenti nominal<\/strong>: 250\u202fA<\/p>","protected":false},"excerpt":{"rendered":"<p>Seria: BUSBAR RangeLloji: Divider horizontal kat\u00ebr-pol\u00ebsh (four\u2011pole divider) me kapacitet deri 250\u202fA, p\u00ebr sistemin CVX 630K\/630M\/1600Ngjyra: Gri\/alumin (standard n\u00eb komponent\u00eb industriake)Materiali: Termoplastik (plastik\u00eb teknike)Mbrojtje: \u2013 (jo specifikuar; p\u00ebrdorim n\u00eb brendi panelesh t\u00eb mbyllura)P\u00ebrmasa (Gjer\u00ebsia\u202f\u00d7\u202fThell\u00ebsia\u202f\u00d7\u202fLart\u00ebsia): 285\u202f\u00d7\u202f70\u202f\u00d7\u202f190\u202fmmNr. module (EN\u202f50022): 16 module t\u00eb lejuar n\u00eb profilin EN 50022\u00a0Kapacitet lidhjeje: 1 \u00d7 M12 (ingres) dhe 10 \u00d7 M6 (dalje)\u00a0ICW [&hellip;]<\/p>","protected":false},"featured_media":3245,"comment_status":"open","ping_status":"closed","template":"","meta":{"_acf_changed":false},"product_brand":[],"product_cat":[40,69],"product_tag":[],"class_list":{"0":"post-3244","1":"product","2":"type-product","3":"status-publish","4":"has-post-thumbnail","6":"product_cat-serite-civile","7":"product_cat-gewiss-system","9":"first","10":"instock","11":"shipping-taxable","12":"product-type-simple"},"acf":[],"_links":{"self":[{"href":"https:\/\/www.brikaelektrik.al\/al\/wp-json\/wp\/v2\/product\/3244","targetHints":{"allow":["GET"]}}],"collection":[{"href":"https:\/\/www.brikaelektrik.al\/al\/wp-json\/wp\/v2\/product"}],"about":[{"href":"https:\/\/www.brikaelektrik.al\/al\/wp-json\/wp\/v2\/types\/product"}],"replies":[{"embeddable":true,"href":"https:\/\/www.brikaelektrik.al\/al\/wp-json\/wp\/v2\/comments?post=3244"}],"wp:featuredmedia":[{"embeddable":true,"href":"https:\/\/www.brikaelektrik.al\/al\/wp-json\/wp\/v2\/media\/3245"}],"wp:attachment":[{"href":"https:\/\/www.brikaelektrik.al\/al\/wp-json\/wp\/v2\/media?parent=3244"}],"wp:term":[{"taxonomy":"product_brand","embeddable":true,"href":"https:\/\/www.brikaelektrik.al\/al\/wp-json\/wp\/v2\/product_brand?post=3244"},{"taxonomy":"product_cat","embeddable":true,"href":"https:\/\/www.brikaelektrik.al\/al\/wp-json\/wp\/v2\/product_cat?post=3244"},{"taxonomy":"product_tag","embeddable":true,"href":"https:\/\/www.brikaelektrik.al\/al\/wp-json\/wp\/v2\/product_tag?post=3244"}],"curies":[{"name":"wp","href":"https:\/\/api.w.org\/{rel}","templated":true}]}}