{"id":3247,"date":"2025-08-21T08:57:11","date_gmt":"2025-08-21T08:57:11","guid":{"rendered":"https:\/\/www.brikaelektrik.al\/?post_type=product&#038;p=3247"},"modified":"2025-08-21T08:57:11","modified_gmt":"2025-08-21T08:57:11","slug":"prize-bivalente-1pt-16a","status":"publish","type":"product","link":"https:\/\/www.brikaelektrik.al\/al\/produkt\/prize-bivalente-1pt-16a\/","title":{"rendered":"PRIZ\u00cb BIVALENTE 1P+T 16A"},"content":{"rendered":"<p><strong data-start=\"172\" data-end=\"181\">Seria<\/strong>: 27 COMBI \/ System White<br data-start=\"233\" data-end=\"236\" \/><strong data-start=\"236\" data-end=\"245\">Lloji<\/strong>: Priz\u00eb standarde italiane bivalente (2P+E), 16\u202fA, 250\u202fV AC, p\u00ebr nj\u00eb modul<br data-start=\"319\" data-end=\"322\" \/><strong data-start=\"322\" data-end=\"332\" data-is-only-node=\"\">Ngjyra<\/strong>: E bardh\u00eb (Gloss White)<br data-start=\"356\" data-end=\"359\" \/><strong data-start=\"359\" data-end=\"372\">Materiali<\/strong>: Technopolymer (plastik\u00eb teknike)<br data-start=\"406\" data-end=\"409\" \/><strong data-start=\"409\" data-end=\"421\">Mbrojtje<\/strong>: IP20, me mburoja sigurie p\u00ebr kontakte<br data-start=\"460\" data-end=\"463\" \/><strong data-start=\"463\" data-end=\"488\">Nr. module (EN\u202f50022)<\/strong>: 1<br data-start=\"491\" data-end=\"494\" \/><strong data-start=\"494\" data-end=\"514\">Tensioni nominal<\/strong>: 250\u202fV AC<br data-start=\"524\" data-end=\"527\" \/><strong data-start=\"527\" data-end=\"547\">Currenti nominal<\/strong>: 16\u202fA<br data-start=\"582\" data-end=\"585\" \/><strong data-start=\"585\" data-end=\"607\">Test termopresioni<\/strong>: 125\u202f\u00b0C (thermo-pressure ball test)<br data-start=\"643\" data-end=\"646\" \/><strong data-start=\"646\" data-end=\"670\">Kapaciteti i lidhjes<\/strong>: Update p\u00ebr kabulla fleksib\u00ebl 0,75\u20134 mm\u00b2 (max 2&#215;4 mm\u00b2) dhe kabulla t\u00eb forta 0,5\u20132,5 mm\u00b2<\/p>","protected":false},"excerpt":{"rendered":"<p>Seria: 27 COMBI \/ System WhiteLloji: Priz\u00eb standarde italiane bivalente (2P+E), 16\u202fA, 250\u202fV AC, p\u00ebr nj\u00eb modulNgjyra: E bardh\u00eb (Gloss White)Materiali: Technopolymer (plastik\u00eb teknike)Mbrojtje: IP20, me mburoja sigurie p\u00ebr kontakteNr. module (EN\u202f50022): 1Tensioni nominal: 250\u202fV ACCurrenti nominal: 16\u202fATest termopresioni: 125\u202f\u00b0C (thermo-pressure ball test)Kapaciteti i lidhjes: Update p\u00ebr kabulla fleksib\u00ebl 0,75\u20134 mm\u00b2 (max 2&#215;4 mm\u00b2) dhe [&hellip;]<\/p>","protected":false},"featured_media":3248,"comment_status":"open","ping_status":"closed","template":"","meta":{"_acf_changed":false},"product_brand":[],"product_cat":[40,69],"product_tag":[],"class_list":{"0":"post-3247","1":"product","2":"type-product","3":"status-publish","4":"has-post-thumbnail","6":"product_cat-serite-civile","7":"product_cat-gewiss-system","9":"first","10":"instock","11":"shipping-taxable","12":"product-type-simple"},"acf":[],"_links":{"self":[{"href":"https:\/\/www.brikaelektrik.al\/al\/wp-json\/wp\/v2\/product\/3247","targetHints":{"allow":["GET"]}}],"collection":[{"href":"https:\/\/www.brikaelektrik.al\/al\/wp-json\/wp\/v2\/product"}],"about":[{"href":"https:\/\/www.brikaelektrik.al\/al\/wp-json\/wp\/v2\/types\/product"}],"replies":[{"embeddable":true,"href":"https:\/\/www.brikaelektrik.al\/al\/wp-json\/wp\/v2\/comments?post=3247"}],"wp:featuredmedia":[{"embeddable":true,"href":"https:\/\/www.brikaelektrik.al\/al\/wp-json\/wp\/v2\/media\/3248"}],"wp:attachment":[{"href":"https:\/\/www.brikaelektrik.al\/al\/wp-json\/wp\/v2\/media?parent=3247"}],"wp:term":[{"taxonomy":"product_brand","embeddable":true,"href":"https:\/\/www.brikaelektrik.al\/al\/wp-json\/wp\/v2\/product_brand?post=3247"},{"taxonomy":"product_cat","embeddable":true,"href":"https:\/\/www.brikaelektrik.al\/al\/wp-json\/wp\/v2\/product_cat?post=3247"},{"taxonomy":"product_tag","embeddable":true,"href":"https:\/\/www.brikaelektrik.al\/al\/wp-json\/wp\/v2\/product_tag?post=3247"}],"curies":[{"name":"wp","href":"https:\/\/api.w.org\/{rel}","templated":true}]}}