{"id":3250,"date":"2025-08-21T09:01:58","date_gmt":"2025-08-21T09:01:58","guid":{"rendered":"https:\/\/www.brikaelektrik.al\/?post_type=product&#038;p=3250"},"modified":"2025-08-21T09:04:30","modified_gmt":"2025-08-21T09:04:30","slug":"kapak-6-poste-mgl","status":"publish","type":"product","link":"https:\/\/www.brikaelektrik.al\/al\/produkt\/kapak-6-poste-mgl\/","title":{"rendered":"KAPAK 6 POSTE MGL"},"content":{"rendered":"<p><strong data-start=\"169\" data-end=\"179\">Seria:<\/strong> Matrix<br data-start=\"186\" data-end=\"189\" \/><strong data-start=\"189\" data-end=\"199\">Lloji:<\/strong> Pllak\u00eb mbuluese per 6 module<br data-start=\"236\" data-end=\"239\" data-is-only-node=\"\" \/><strong data-start=\"239\" data-end=\"250\">Ngjyra:<\/strong> Bezh\u00eb (gold)<br data-start=\"273\" data-end=\"276\" \/><strong data-start=\"276\" data-end=\"290\">Materiali:<\/strong> Teknopolimer\u00a0<br data-start=\"328\" data-end=\"331\" \/><strong data-start=\"331\" data-end=\"341\">Forma:<\/strong> Virna\u00a0<br data-start=\"436\" data-end=\"439\" \/><strong data-start=\"439\" data-end=\"460\">Numri i moduleve:<\/strong> 6<br data-start=\"462\" data-end=\"465\" \/><strong data-start=\"465\" data-end=\"479\">Standardi:<\/strong> CE i certifikuar<br \/>\n<strong data-start=\"450\" data-end=\"463\">P\u00ebrmasat:<\/strong> Gjer\u00ebsia 191 mm Lart\u00ebsia 84 mm<\/p>","protected":false},"excerpt":{"rendered":"<p>Seria: MatrixLloji: Pllak\u00eb mbuluese per 6 moduleNgjyra: Bezh\u00eb (gold)Materiali: Teknopolimer\u00a0Forma: Virna\u00a0Numri i moduleve: 6Standardi: CE i certifikuar P\u00ebrmasat: Gjer\u00ebsia 191 mm Lart\u00ebsia 84 mm<\/p>","protected":false},"featured_media":3259,"comment_status":"open","ping_status":"closed","template":"","meta":{"_acf_changed":false},"product_brand":[],"product_cat":[40,66],"product_tag":[],"class_list":{"0":"post-3250","1":"product","2":"type-product","3":"status-publish","4":"has-post-thumbnail","6":"product_cat-serite-civile","7":"product_cat-matix","9":"first","10":"instock","11":"shipping-taxable","12":"product-type-simple"},"acf":[],"_links":{"self":[{"href":"https:\/\/www.brikaelektrik.al\/al\/wp-json\/wp\/v2\/product\/3250","targetHints":{"allow":["GET"]}}],"collection":[{"href":"https:\/\/www.brikaelektrik.al\/al\/wp-json\/wp\/v2\/product"}],"about":[{"href":"https:\/\/www.brikaelektrik.al\/al\/wp-json\/wp\/v2\/types\/product"}],"replies":[{"embeddable":true,"href":"https:\/\/www.brikaelektrik.al\/al\/wp-json\/wp\/v2\/comments?post=3250"}],"wp:featuredmedia":[{"embeddable":true,"href":"https:\/\/www.brikaelektrik.al\/al\/wp-json\/wp\/v2\/media\/3259"}],"wp:attachment":[{"href":"https:\/\/www.brikaelektrik.al\/al\/wp-json\/wp\/v2\/media?parent=3250"}],"wp:term":[{"taxonomy":"product_brand","embeddable":true,"href":"https:\/\/www.brikaelektrik.al\/al\/wp-json\/wp\/v2\/product_brand?post=3250"},{"taxonomy":"product_cat","embeddable":true,"href":"https:\/\/www.brikaelektrik.al\/al\/wp-json\/wp\/v2\/product_cat?post=3250"},{"taxonomy":"product_tag","embeddable":true,"href":"https:\/\/www.brikaelektrik.al\/al\/wp-json\/wp\/v2\/product_tag?post=3250"}],"curies":[{"name":"wp","href":"https:\/\/api.w.org\/{rel}","templated":true}]}}