{"id":3251,"date":"2025-08-21T09:00:02","date_gmt":"2025-08-21T09:00:02","guid":{"rendered":"https:\/\/www.brikaelektrik.al\/?post_type=product&#038;p=3251"},"modified":"2025-08-21T09:00:02","modified_gmt":"2025-08-21T09:00:02","slug":"prize-bivalente-1pt-16a-e-zeze","status":"publish","type":"product","link":"https:\/\/www.brikaelektrik.al\/al\/produkt\/prize-bivalente-1pt-16a-e-zeze\/","title":{"rendered":"PRIZ\u00cb BIVALENTE 1P+T 16A E ZEZ\u00cb"},"content":{"rendered":"<p><strong data-start=\"159\" data-end=\"168\">Seria<\/strong>: SYSTEM BLACK<br data-start=\"209\" data-end=\"212\" \/><strong data-start=\"212\" data-end=\"221\">Lloji<\/strong>: Priz\u00eb standarde italiane bivalente (2P+E), 16\u202fA, 250\u202fV AC, p\u00ebr nj\u00eb modul<br data-start=\"295\" data-end=\"298\" \/><strong data-start=\"298\" data-end=\"308\" data-is-only-node=\"\">Ngjyra<\/strong>: E zez\u00eb (satin\u00eb)<br data-start=\"325\" data-end=\"328\" \/><strong data-start=\"328\" data-end=\"341\">Materiali<\/strong>: Technopolymer (plastik\u00eb teknike)<br data-start=\"375\" data-end=\"378\" \/><strong data-start=\"378\" data-end=\"390\">Mbrojtje<\/strong>: IP20, me mburoj\u00eb sigurie p\u00ebr kontaktet<br data-start=\"430\" data-end=\"433\" \/><strong data-start=\"433\" data-end=\"456\">Nr. module (SYSTEM)<\/strong>: 1<br data-start=\"459\" data-end=\"462\" \/><strong data-start=\"462\" data-end=\"482\">Tensioni nominal<\/strong>: 250\u202fV AC<br data-start=\"492\" data-end=\"495\" \/><strong data-start=\"495\" data-end=\"515\">Currenti nominal<\/strong>: 16\u202fA<br data-start=\"550\" data-end=\"553\" \/><strong data-start=\"553\" data-end=\"582\">Test termopresioni me top<\/strong>: 125\u202f\u00b0C<br data-start=\"590\" data-end=\"593\" \/><strong data-start=\"593\" data-end=\"634\">Kapaciteti lidhjesh \u2013 kabuj fleksib\u00ebl<\/strong>: 0,75\u20132\u00d74\u202fmm\u00b2<br data-start=\"648\" data-end=\"651\" \/><strong data-start=\"651\" data-end=\"691\">Kapaciteti lidhjesh \u2013 kabuj t\u00eb fort\u00eb<\/strong>: 0,5\u20132\u00d72,5\u202fmm\u00b2<br data-start=\"706\" data-end=\"709\" \/><strong data-start=\"709\" data-end=\"740\">Forca e mbajtes s\u00eb kabullit<\/strong>: &gt;\u202f50\u202fN<\/p>","protected":false},"excerpt":{"rendered":"<p>Seria: SYSTEM BLACKLloji: Priz\u00eb standarde italiane bivalente (2P+E), 16\u202fA, 250\u202fV AC, p\u00ebr nj\u00eb modulNgjyra: E zez\u00eb (satin\u00eb)Materiali: Technopolymer (plastik\u00eb teknike)Mbrojtje: IP20, me mburoj\u00eb sigurie p\u00ebr kontaktetNr. module (SYSTEM): 1Tensioni nominal: 250\u202fV ACCurrenti nominal: 16\u202fATest termopresioni me top: 125\u202f\u00b0CKapaciteti lidhjesh \u2013 kabuj fleksib\u00ebl: 0,75\u20132\u00d74\u202fmm\u00b2Kapaciteti lidhjesh \u2013 kabuj t\u00eb fort\u00eb: 0,5\u20132\u00d72,5\u202fmm\u00b2Forca e mbajtes s\u00eb kabullit: &gt;\u202f50\u202fN<\/p>","protected":false},"featured_media":3254,"comment_status":"open","ping_status":"closed","template":"","meta":{"_acf_changed":false},"product_brand":[],"product_cat":[40,69],"product_tag":[],"class_list":{"0":"post-3251","1":"product","2":"type-product","3":"status-publish","4":"has-post-thumbnail","6":"product_cat-serite-civile","7":"product_cat-gewiss-system","9":"first","10":"instock","11":"shipping-taxable","12":"product-type-simple"},"acf":[],"_links":{"self":[{"href":"https:\/\/www.brikaelektrik.al\/al\/wp-json\/wp\/v2\/product\/3251","targetHints":{"allow":["GET"]}}],"collection":[{"href":"https:\/\/www.brikaelektrik.al\/al\/wp-json\/wp\/v2\/product"}],"about":[{"href":"https:\/\/www.brikaelektrik.al\/al\/wp-json\/wp\/v2\/types\/product"}],"replies":[{"embeddable":true,"href":"https:\/\/www.brikaelektrik.al\/al\/wp-json\/wp\/v2\/comments?post=3251"}],"wp:featuredmedia":[{"embeddable":true,"href":"https:\/\/www.brikaelektrik.al\/al\/wp-json\/wp\/v2\/media\/3254"}],"wp:attachment":[{"href":"https:\/\/www.brikaelektrik.al\/al\/wp-json\/wp\/v2\/media?parent=3251"}],"wp:term":[{"taxonomy":"product_brand","embeddable":true,"href":"https:\/\/www.brikaelektrik.al\/al\/wp-json\/wp\/v2\/product_brand?post=3251"},{"taxonomy":"product_cat","embeddable":true,"href":"https:\/\/www.brikaelektrik.al\/al\/wp-json\/wp\/v2\/product_cat?post=3251"},{"taxonomy":"product_tag","embeddable":true,"href":"https:\/\/www.brikaelektrik.al\/al\/wp-json\/wp\/v2\/product_tag?post=3251"}],"curies":[{"name":"wp","href":"https:\/\/api.w.org\/{rel}","templated":true}]}}