{"id":3255,"date":"2025-08-21T09:02:27","date_gmt":"2025-08-21T09:02:27","guid":{"rendered":"https:\/\/www.brikaelektrik.al\/?post_type=product&#038;p=3255"},"modified":"2025-08-21T09:02:27","modified_gmt":"2025-08-21T09:02:27","slug":"llampe-sinjali-mono-portokalli","status":"publish","type":"product","link":"https:\/\/www.brikaelektrik.al\/al\/produkt\/llampe-sinjali-mono-portokalli\/","title":{"rendered":"LLAMP\u00cb SINJALI MONO PORTOKALLI"},"content":{"rendered":"<p><strong data-start=\"199\" data-end=\"208\">Seria<\/strong>: 90 AM<br data-start=\"242\" data-end=\"245\" \/><strong data-start=\"245\" data-end=\"254\">Lloji<\/strong>: Drit\u00eb treguese e vetme me LED, ngjyr\u00eb t\u00eb verdh\u00eb n\u00eb tension 230\u202fV AC<br data-start=\"323\" data-end=\"326\" \/><strong data-start=\"326\" data-end=\"336\" data-is-only-node=\"\">Ngjyra<\/strong>: Portokalli<br data-start=\"346\" data-end=\"349\" \/><strong data-start=\"349\" data-end=\"362\">Materiali<\/strong>: LED (p\u00ebr komponentin e drit\u00ebs); modeli \u00ebsht\u00eb modul i p\u00ebrshtatsh\u00ebm p\u00ebr instalim n\u00eb shin\u00eb DIN<br data-start=\"455\" data-end=\"458\" \/><strong data-start=\"458\" data-end=\"470\">Mbrojtje<\/strong>: IP20<br data-start=\"476\" data-end=\"479\" \/><strong data-start=\"479\" data-end=\"490\">P\u00ebrmasa<\/strong>: 1 modul (sipas standardit EN 50022)<br data-start=\"527\" data-end=\"530\" \/><strong data-start=\"530\" data-end=\"550\">Tensioni i pun\u00ebs<\/strong>: 230\u202fV AC<br data-start=\"560\" data-end=\"563\" \/><strong data-start=\"563\" data-end=\"587\">Fuqia e drit\u00ebs (LED)<\/strong>: rreth 0.8\u202fW<br data-start=\"600\" data-end=\"603\" \/><strong data-start=\"603\" data-end=\"634\">Numri i moduleve (EN\u202f50022)<\/strong>: 1<\/p>","protected":false},"excerpt":{"rendered":"<p>Seria: 90 AMLloji: Drit\u00eb treguese e vetme me LED, ngjyr\u00eb t\u00eb verdh\u00eb n\u00eb tension 230\u202fV ACNgjyra: PortokalliMateriali: LED (p\u00ebr komponentin e drit\u00ebs); modeli \u00ebsht\u00eb modul i p\u00ebrshtatsh\u00ebm p\u00ebr instalim n\u00eb shin\u00eb DINMbrojtje: IP20P\u00ebrmasa: 1 modul (sipas standardit EN 50022)Tensioni i pun\u00ebs: 230\u202fV ACFuqia e drit\u00ebs (LED): rreth 0.8\u202fWNumri i moduleve (EN\u202f50022): 1<\/p>","protected":false},"featured_media":3257,"comment_status":"open","ping_status":"closed","template":"","meta":{"_acf_changed":false},"product_brand":[],"product_cat":[40,69],"product_tag":[],"class_list":{"0":"post-3255","1":"product","2":"type-product","3":"status-publish","4":"has-post-thumbnail","6":"product_cat-serite-civile","7":"product_cat-gewiss-system","9":"first","10":"instock","11":"shipping-taxable","12":"product-type-simple"},"acf":[],"_links":{"self":[{"href":"https:\/\/www.brikaelektrik.al\/al\/wp-json\/wp\/v2\/product\/3255","targetHints":{"allow":["GET"]}}],"collection":[{"href":"https:\/\/www.brikaelektrik.al\/al\/wp-json\/wp\/v2\/product"}],"about":[{"href":"https:\/\/www.brikaelektrik.al\/al\/wp-json\/wp\/v2\/types\/product"}],"replies":[{"embeddable":true,"href":"https:\/\/www.brikaelektrik.al\/al\/wp-json\/wp\/v2\/comments?post=3255"}],"wp:featuredmedia":[{"embeddable":true,"href":"https:\/\/www.brikaelektrik.al\/al\/wp-json\/wp\/v2\/media\/3257"}],"wp:attachment":[{"href":"https:\/\/www.brikaelektrik.al\/al\/wp-json\/wp\/v2\/media?parent=3255"}],"wp:term":[{"taxonomy":"product_brand","embeddable":true,"href":"https:\/\/www.brikaelektrik.al\/al\/wp-json\/wp\/v2\/product_brand?post=3255"},{"taxonomy":"product_cat","embeddable":true,"href":"https:\/\/www.brikaelektrik.al\/al\/wp-json\/wp\/v2\/product_cat?post=3255"},{"taxonomy":"product_tag","embeddable":true,"href":"https:\/\/www.brikaelektrik.al\/al\/wp-json\/wp\/v2\/product_tag?post=3255"}],"curies":[{"name":"wp","href":"https:\/\/api.w.org\/{rel}","templated":true}]}}