{"id":3261,"date":"2025-08-21T09:11:18","date_gmt":"2025-08-21T09:11:18","guid":{"rendered":"https:\/\/www.brikaelektrik.al\/?post_type=product&#038;p=3261"},"modified":"2025-08-21T09:11:18","modified_gmt":"2025-08-21T09:11:18","slug":"prize-e-drejte-5x32a-ip67","status":"publish","type":"product","link":"https:\/\/www.brikaelektrik.al\/al\/produkt\/prize-e-drejte-5x32a-ip67\/","title":{"rendered":"PRIZ\u00cb E DREJT\u00cb 5X32A IP67"},"content":{"rendered":"<p><strong data-start=\"136\" data-end=\"145\">Seria<\/strong>: IEC 309 HP<br data-start=\"184\" data-end=\"187\" \/><strong data-start=\"187\" data-end=\"196\">Lloji<\/strong>: Priz\u00eb fiks\u00eb murale 3P+N+E, 32 A, 400 V, k\u00ebnd 10\u00b0<br data-start=\"246\" data-end=\"249\" data-is-only-node=\"\" \/><strong data-start=\"249\" data-end=\"259\">Ngjyra<\/strong>: E kuqe<br data-start=\"267\" data-end=\"270\" \/><strong data-start=\"270\" data-end=\"283\">Materiali<\/strong>: Teknopolimer<br data-start=\"297\" data-end=\"300\" \/><strong data-start=\"300\" data-end=\"312\">Mbrojtje<\/strong>: IP67 \u2022 IK08<br data-start=\"325\" data-end=\"328\" \/><strong data-start=\"328\" data-end=\"348\">Tensioni nominal<\/strong>: 380\u2013415 V AC<br data-start=\"362\" data-end=\"365\" \/><strong data-start=\"365\" data-end=\"385\">Currenti nominal<\/strong>: 32 A<br data-start=\"391\" data-end=\"394\" \/><strong data-start=\"394\" data-end=\"416\">Kapacitet lidhjeje<\/strong>: 2.5\u20136 mm\u00b2 fleksib\u00ebl \u2022 2.5\u201310 mm\u00b2 i ngurt\u00eb<br data-start=\"459\" data-end=\"462\" \/><strong data-start=\"462\" data-end=\"472\">Lidhja<\/strong>: Me vida<br data-start=\"481\" data-end=\"484\" \/><strong data-start=\"484\" data-end=\"512\">Temperatura e instalimit<\/strong>: \u201325 \u00b0C deri +55 \u00b0C<br data-start=\"532\" data-end=\"535\" \/><strong data-start=\"535\" data-end=\"553\">Test glow-wire<\/strong>: 850 \u00b0C (aktive) \u2022 650 \u00b0C (pasive)<br data-start=\"588\" data-end=\"591\" \/><strong data-start=\"591\" data-end=\"613\">Test termopresioni<\/strong>: 125 \u00b0C (aktive) \u2022 80 \u00b0C (pasive)<br data-start=\"647\" data-end=\"650\" \/><strong data-start=\"650\" data-end=\"663\">Standardi<\/strong>: EN 60309-1 \/ EN 60309-2<\/p>","protected":false},"excerpt":{"rendered":"<p>Seria: IEC 309 HPLloji: Priz\u00eb fiks\u00eb murale 3P+N+E, 32 A, 400 V, k\u00ebnd 10\u00b0Ngjyra: E kuqeMateriali: TeknopolimerMbrojtje: IP67 \u2022 IK08Tensioni nominal: 380\u2013415 V ACCurrenti nominal: 32 AKapacitet lidhjeje: 2.5\u20136 mm\u00b2 fleksib\u00ebl \u2022 2.5\u201310 mm\u00b2 i ngurt\u00ebLidhja: Me vidaTemperatura e instalimit: \u201325 \u00b0C deri +55 \u00b0CTest glow-wire: 850 \u00b0C (aktive) \u2022 650 \u00b0C (pasive)Test termopresioni: 125 [&hellip;]<\/p>","protected":false},"featured_media":3262,"comment_status":"open","ping_status":"closed","template":"","meta":{"_acf_changed":false},"product_brand":[],"product_cat":[40,69],"product_tag":[],"class_list":{"0":"post-3261","1":"product","2":"type-product","3":"status-publish","4":"has-post-thumbnail","6":"product_cat-serite-civile","7":"product_cat-gewiss-system","9":"first","10":"instock","11":"shipping-taxable","12":"product-type-simple"},"acf":[],"_links":{"self":[{"href":"https:\/\/www.brikaelektrik.al\/al\/wp-json\/wp\/v2\/product\/3261","targetHints":{"allow":["GET"]}}],"collection":[{"href":"https:\/\/www.brikaelektrik.al\/al\/wp-json\/wp\/v2\/product"}],"about":[{"href":"https:\/\/www.brikaelektrik.al\/al\/wp-json\/wp\/v2\/types\/product"}],"replies":[{"embeddable":true,"href":"https:\/\/www.brikaelektrik.al\/al\/wp-json\/wp\/v2\/comments?post=3261"}],"wp:featuredmedia":[{"embeddable":true,"href":"https:\/\/www.brikaelektrik.al\/al\/wp-json\/wp\/v2\/media\/3262"}],"wp:attachment":[{"href":"https:\/\/www.brikaelektrik.al\/al\/wp-json\/wp\/v2\/media?parent=3261"}],"wp:term":[{"taxonomy":"product_brand","embeddable":true,"href":"https:\/\/www.brikaelektrik.al\/al\/wp-json\/wp\/v2\/product_brand?post=3261"},{"taxonomy":"product_cat","embeddable":true,"href":"https:\/\/www.brikaelektrik.al\/al\/wp-json\/wp\/v2\/product_cat?post=3261"},{"taxonomy":"product_tag","embeddable":true,"href":"https:\/\/www.brikaelektrik.al\/al\/wp-json\/wp\/v2\/product_tag?post=3261"}],"curies":[{"name":"wp","href":"https:\/\/api.w.org\/{rel}","templated":true}]}}