{"id":3264,"date":"2025-08-21T09:13:57","date_gmt":"2025-08-21T09:13:57","guid":{"rendered":"https:\/\/www.brikaelektrik.al\/?post_type=product&#038;p=3264"},"modified":"2025-08-21T09:13:57","modified_gmt":"2025-08-21T09:13:57","slug":"prize-fikse-3x16a","status":"publish","type":"product","link":"https:\/\/www.brikaelektrik.al\/al\/produkt\/prize-fikse-3x16a\/","title":{"rendered":"PRIZ\u00cb FIKSE 3x16A"},"content":{"rendered":"<p><strong data-start=\"176\" data-end=\"185\">Seria<\/strong>: IEC 309 HP<br data-start=\"224\" data-end=\"227\" \/><strong data-start=\"227\" data-end=\"236\">Lloji<\/strong>: Priz\u00eb fiks\u00eb murale 2P+E, 16\u202fA, 230\u202fV, k\u00ebnd 90\u00b0<br data-start=\"284\" data-end=\"287\" \/><strong data-start=\"287\" data-end=\"297\">Ngjyra<\/strong>: E kalt\u00ebr<br data-start=\"307\" data-end=\"310\" data-is-only-node=\"\" \/><strong data-start=\"310\" data-end=\"323\">Materiali<\/strong>: Plastike teknike vet\u00eb-shuar\u00ebse<br data-start=\"355\" data-end=\"358\" \/><strong data-start=\"358\" data-end=\"370\">Mbrojtje<\/strong>: IP44, IK08<br data-start=\"382\" data-end=\"385\" \/><strong data-start=\"385\" data-end=\"405\">Tensioni nominal<\/strong>: 200\u2013250\u202fV AC<br data-start=\"419\" data-end=\"422\" \/><strong data-start=\"422\" data-end=\"442\">Currenti nominal<\/strong>: 16\u202fA<br data-start=\"448\" data-end=\"451\" \/><strong data-start=\"451\" data-end=\"473\">Kapacitet lidhjeje<\/strong>: 1\u20132.5\u202fmm\u00b2 kabuj fleksib\u00ebl \u2022 1.5\u20134\u202fmm\u00b2 kabuj t\u00eb ngurt\u00eb<br data-start=\"528\" data-end=\"531\" \/><strong data-start=\"531\" data-end=\"541\">Lidhja<\/strong>: Me vida<br data-start=\"550\" data-end=\"553\" \/><strong data-start=\"553\" data-end=\"578\">Temperatura operative<\/strong>: \u201325\u202f\u00b0C deri +55\u202f\u00b0C<br data-start=\"598\" data-end=\"601\" \/><strong data-start=\"601\" data-end=\"619\">Test glow-wire<\/strong>: 850\u202f\u00b0C (pjes\u00eb aktive) \u2022 650\u202f\u00b0C (pjes\u00eb pasive)<br data-start=\"666\" data-end=\"669\" \/><strong data-start=\"669\" data-end=\"691\">Test termopresioni<\/strong>: 125\u202f\u00b0C (pjes\u00eb aktive) \u2022 80\u202f\u00b0C (pjes\u00eb pasive)<br data-start=\"737\" data-end=\"740\" \/><strong data-start=\"740\" data-end=\"764\">Numri i operacioneve<\/strong>: &gt;\u202f5000<br data-start=\"772\" data-end=\"775\" \/><strong data-start=\"775\" data-end=\"801\">Sundimi i mbingarkes\u00ebs<\/strong>: 22\u202fA<br data-start=\"807\" data-end=\"810\" \/><strong data-start=\"810\" data-end=\"848\">Kapaciteti i nd\u00ebrprerjes n\u00eb 1.1 Un<\/strong>: 20\u202fA<br data-start=\"854\" data-end=\"857\" \/><strong data-start=\"857\" data-end=\"882\">Rezistenca e izolimit<\/strong>: &gt;\u202f10\u202fM\u03a9<\/p>","protected":false},"excerpt":{"rendered":"<p>Seria: IEC 309 HPLloji: Priz\u00eb fiks\u00eb murale 2P+E, 16\u202fA, 230\u202fV, k\u00ebnd 90\u00b0Ngjyra: E kalt\u00ebrMateriali: Plastike teknike vet\u00eb-shuar\u00ebseMbrojtje: IP44, IK08Tensioni nominal: 200\u2013250\u202fV ACCurrenti nominal: 16\u202fAKapacitet lidhjeje: 1\u20132.5\u202fmm\u00b2 kabuj fleksib\u00ebl \u2022 1.5\u20134\u202fmm\u00b2 kabuj t\u00eb ngurt\u00ebLidhja: Me vidaTemperatura operative: \u201325\u202f\u00b0C deri +55\u202f\u00b0CTest glow-wire: 850\u202f\u00b0C (pjes\u00eb aktive) \u2022 650\u202f\u00b0C (pjes\u00eb pasive)Test termopresioni: 125\u202f\u00b0C (pjes\u00eb aktive) \u2022 80\u202f\u00b0C (pjes\u00eb pasive)Numri [&hellip;]<\/p>","protected":false},"featured_media":3266,"comment_status":"open","ping_status":"closed","template":"","meta":{"_acf_changed":false},"product_brand":[],"product_cat":[40,69],"product_tag":[],"class_list":{"0":"post-3264","1":"product","2":"type-product","3":"status-publish","4":"has-post-thumbnail","6":"product_cat-serite-civile","7":"product_cat-gewiss-system","9":"first","10":"instock","11":"shipping-taxable","12":"product-type-simple"},"acf":[],"_links":{"self":[{"href":"https:\/\/www.brikaelektrik.al\/al\/wp-json\/wp\/v2\/product\/3264","targetHints":{"allow":["GET"]}}],"collection":[{"href":"https:\/\/www.brikaelektrik.al\/al\/wp-json\/wp\/v2\/product"}],"about":[{"href":"https:\/\/www.brikaelektrik.al\/al\/wp-json\/wp\/v2\/types\/product"}],"replies":[{"embeddable":true,"href":"https:\/\/www.brikaelektrik.al\/al\/wp-json\/wp\/v2\/comments?post=3264"}],"wp:featuredmedia":[{"embeddable":true,"href":"https:\/\/www.brikaelektrik.al\/al\/wp-json\/wp\/v2\/media\/3266"}],"wp:attachment":[{"href":"https:\/\/www.brikaelektrik.al\/al\/wp-json\/wp\/v2\/media?parent=3264"}],"wp:term":[{"taxonomy":"product_brand","embeddable":true,"href":"https:\/\/www.brikaelektrik.al\/al\/wp-json\/wp\/v2\/product_brand?post=3264"},{"taxonomy":"product_cat","embeddable":true,"href":"https:\/\/www.brikaelektrik.al\/al\/wp-json\/wp\/v2\/product_cat?post=3264"},{"taxonomy":"product_tag","embeddable":true,"href":"https:\/\/www.brikaelektrik.al\/al\/wp-json\/wp\/v2\/product_tag?post=3264"}],"curies":[{"name":"wp","href":"https:\/\/api.w.org\/{rel}","templated":true}]}}