{"id":3270,"date":"2025-08-21T09:19:08","date_gmt":"2025-08-21T09:19:08","guid":{"rendered":"https:\/\/www.brikaelektrik.al\/?post_type=product&#038;p=3270"},"modified":"2025-08-21T09:19:08","modified_gmt":"2025-08-21T09:19:08","slug":"prize-ajrore-3x32a","status":"publish","type":"product","link":"https:\/\/www.brikaelektrik.al\/al\/produkt\/prize-ajrore-3x32a\/","title":{"rendered":"PRIZ\u00cb AJRORE 3X32A"},"content":{"rendered":"<p><strong data-start=\"165\" data-end=\"174\">Seria<\/strong>: IEC 309 HP<br data-start=\"214\" data-end=\"217\" \/><strong data-start=\"217\" data-end=\"226\">Lloji<\/strong>: Priz\u00eb mobile e drejt\u00eb, 2P+E, 32\u202fA, 230\u202fV AC, IP44\/IP54<br data-start=\"282\" data-end=\"285\" \/><strong data-start=\"285\" data-end=\"295\">Ngjyra<\/strong>: E kalt\u00ebr<br data-start=\"305\" data-end=\"308\" data-is-only-node=\"\" \/><strong data-start=\"308\" data-end=\"321\">Materiali<\/strong>: Teknopolimer i vet\u00eb-shuar\u00eb, pa halogjen\u00eb (sip\u00ebr EN 60754-2)<br data-start=\"382\" data-end=\"385\" \/><strong data-start=\"385\" data-end=\"397\">Mbrojtje<\/strong>: IP44\/IP54, IK09<br data-start=\"414\" data-end=\"417\" \/><strong data-start=\"417\" data-end=\"437\">Tensioni nominal<\/strong>: 200\u2013250\u202fV AC<br data-start=\"451\" data-end=\"454\" \/><strong data-start=\"454\" data-end=\"474\">Currenti nominal<\/strong>: 32\u202fA<br data-start=\"480\" data-end=\"483\" \/><strong data-start=\"483\" data-end=\"505\">Kapacitet lidhjeje<\/strong>: 2.5\u20136\u202fmm\u00b2 kabuj fleksib\u00ebl \u2022 2.5\u201310\u202fmm\u00b2 kabuj t\u00eb ngurt\u00eb<br data-start=\"561\" data-end=\"564\" \/><strong data-start=\"564\" data-end=\"574\">Lidhja<\/strong>: Me vida<br data-start=\"583\" data-end=\"586\" \/><strong data-start=\"586\" data-end=\"611\">Temperatura operative<\/strong>: \u201325\u202f\u00b0C deri +55\u202f\u00b0C<br data-start=\"631\" data-end=\"634\" \/><strong data-start=\"634\" data-end=\"652\">Test glow-wire<\/strong>: 850\u202f\u00b0C (pjes\u00eb aktive) \u2022 650\u202f\u00b0C (pjes\u00eb pasive)<br data-start=\"699\" data-end=\"702\" \/><strong data-start=\"702\" data-end=\"724\">Test termopresioni<\/strong>: 125\u202f\u00b0C (pjes\u00eb aktive) \u2022 80\u202f\u00b0C (pjes\u00eb pasive)<br data-start=\"770\" data-end=\"773\" \/><strong data-start=\"773\" data-end=\"797\">Numri i operacioneve<\/strong>: &gt;\u202f2000<br data-start=\"805\" data-end=\"808\" \/><strong data-start=\"808\" data-end=\"834\">Sundimi i mbingarkes\u00ebs<\/strong>: 42\u202fA<br data-start=\"840\" data-end=\"843\" \/><strong data-start=\"843\" data-end=\"881\">Kapaciteti i nd\u00ebrprerjes n\u00eb 1.1 Un<\/strong>: 40\u202fA<br data-start=\"887\" data-end=\"890\" \/><strong data-start=\"890\" data-end=\"915\">Rezistenca e izolimit<\/strong>: &gt;\u202f10\u202fM\u03a9<\/p>","protected":false},"excerpt":{"rendered":"<p>Seria: IEC 309 HPLloji: Priz\u00eb mobile e drejt\u00eb, 2P+E, 32\u202fA, 230\u202fV AC, IP44\/IP54Ngjyra: E kalt\u00ebrMateriali: Teknopolimer i vet\u00eb-shuar\u00eb, pa halogjen\u00eb (sip\u00ebr EN 60754-2)Mbrojtje: IP44\/IP54, IK09Tensioni nominal: 200\u2013250\u202fV ACCurrenti nominal: 32\u202fAKapacitet lidhjeje: 2.5\u20136\u202fmm\u00b2 kabuj fleksib\u00ebl \u2022 2.5\u201310\u202fmm\u00b2 kabuj t\u00eb ngurt\u00ebLidhja: Me vidaTemperatura operative: \u201325\u202f\u00b0C deri +55\u202f\u00b0CTest glow-wire: 850\u202f\u00b0C (pjes\u00eb aktive) \u2022 650\u202f\u00b0C (pjes\u00eb pasive)Test termopresioni: 125\u202f\u00b0C [&hellip;]<\/p>","protected":false},"featured_media":3271,"comment_status":"open","ping_status":"closed","template":"","meta":{"_acf_changed":false},"product_brand":[],"product_cat":[40,69],"product_tag":[],"class_list":{"0":"post-3270","1":"product","2":"type-product","3":"status-publish","4":"has-post-thumbnail","6":"product_cat-serite-civile","7":"product_cat-gewiss-system","9":"first","10":"instock","11":"shipping-taxable","12":"product-type-simple"},"acf":[],"_links":{"self":[{"href":"https:\/\/www.brikaelektrik.al\/al\/wp-json\/wp\/v2\/product\/3270","targetHints":{"allow":["GET"]}}],"collection":[{"href":"https:\/\/www.brikaelektrik.al\/al\/wp-json\/wp\/v2\/product"}],"about":[{"href":"https:\/\/www.brikaelektrik.al\/al\/wp-json\/wp\/v2\/types\/product"}],"replies":[{"embeddable":true,"href":"https:\/\/www.brikaelektrik.al\/al\/wp-json\/wp\/v2\/comments?post=3270"}],"wp:featuredmedia":[{"embeddable":true,"href":"https:\/\/www.brikaelektrik.al\/al\/wp-json\/wp\/v2\/media\/3271"}],"wp:attachment":[{"href":"https:\/\/www.brikaelektrik.al\/al\/wp-json\/wp\/v2\/media?parent=3270"}],"wp:term":[{"taxonomy":"product_brand","embeddable":true,"href":"https:\/\/www.brikaelektrik.al\/al\/wp-json\/wp\/v2\/product_brand?post=3270"},{"taxonomy":"product_cat","embeddable":true,"href":"https:\/\/www.brikaelektrik.al\/al\/wp-json\/wp\/v2\/product_cat?post=3270"},{"taxonomy":"product_tag","embeddable":true,"href":"https:\/\/www.brikaelektrik.al\/al\/wp-json\/wp\/v2\/product_tag?post=3270"}],"curies":[{"name":"wp","href":"https:\/\/api.w.org\/{rel}","templated":true}]}}