{"id":3274,"date":"2025-08-21T09:21:41","date_gmt":"2025-08-21T09:21:41","guid":{"rendered":"https:\/\/www.brikaelektrik.al\/?post_type=product&#038;p=3274"},"modified":"2025-08-21T09:21:41","modified_gmt":"2025-08-21T09:21:41","slug":"prize-tv-e-zeze-2","status":"publish","type":"product","link":"https:\/\/www.brikaelektrik.al\/al\/produkt\/prize-tv-e-zeze-2\/","title":{"rendered":"PRIZ\u00cb TV E ZEZ\u00cb"},"content":{"rendered":"<p><strong data-start=\"179\" data-end=\"188\">Seria<\/strong>: System Black<br data-start=\"229\" data-end=\"232\" \/><strong data-start=\"232\" data-end=\"241\">Lloji<\/strong>: Priz\u00eb koaksiale TV (IEC fem\u00ebr 9,5 mm)<br data-start=\"280\" data-end=\"283\" \/><strong data-start=\"283\" data-end=\"293\">Ngjyra<\/strong>: E zez\u00eb satin\u00eb<br data-start=\"308\" data-end=\"311\" data-is-only-node=\"\" \/><strong data-start=\"311\" data-end=\"324\">Materiali<\/strong>: Teknopolimer<br data-start=\"356\" data-end=\"359\" \/><strong data-start=\"359\" data-end=\"370\">P\u00ebrmasa<\/strong>: 1 modul (p\u00ebr kuti t\u00eb drejtk\u00ebnd\u00ebsha ose katrore)<\/p>","protected":false},"excerpt":{"rendered":"<p>Seria: System BlackLloji: Priz\u00eb koaksiale TV (IEC fem\u00ebr 9,5 mm)Ngjyra: E zez\u00eb satin\u00ebMateriali: TeknopolimerP\u00ebrmasa: 1 modul (p\u00ebr kuti t\u00eb drejtk\u00ebnd\u00ebsha ose katrore)<\/p>","protected":false},"featured_media":3275,"comment_status":"open","ping_status":"closed","template":"","meta":{"_acf_changed":false},"product_brand":[],"product_cat":[40,69],"product_tag":[],"class_list":{"0":"post-3274","1":"product","2":"type-product","3":"status-publish","4":"has-post-thumbnail","6":"product_cat-serite-civile","7":"product_cat-gewiss-system","9":"first","10":"instock","11":"shipping-taxable","12":"product-type-simple"},"acf":[],"_links":{"self":[{"href":"https:\/\/www.brikaelektrik.al\/al\/wp-json\/wp\/v2\/product\/3274","targetHints":{"allow":["GET"]}}],"collection":[{"href":"https:\/\/www.brikaelektrik.al\/al\/wp-json\/wp\/v2\/product"}],"about":[{"href":"https:\/\/www.brikaelektrik.al\/al\/wp-json\/wp\/v2\/types\/product"}],"replies":[{"embeddable":true,"href":"https:\/\/www.brikaelektrik.al\/al\/wp-json\/wp\/v2\/comments?post=3274"}],"wp:featuredmedia":[{"embeddable":true,"href":"https:\/\/www.brikaelektrik.al\/al\/wp-json\/wp\/v2\/media\/3275"}],"wp:attachment":[{"href":"https:\/\/www.brikaelektrik.al\/al\/wp-json\/wp\/v2\/media?parent=3274"}],"wp:term":[{"taxonomy":"product_brand","embeddable":true,"href":"https:\/\/www.brikaelektrik.al\/al\/wp-json\/wp\/v2\/product_brand?post=3274"},{"taxonomy":"product_cat","embeddable":true,"href":"https:\/\/www.brikaelektrik.al\/al\/wp-json\/wp\/v2\/product_cat?post=3274"},{"taxonomy":"product_tag","embeddable":true,"href":"https:\/\/www.brikaelektrik.al\/al\/wp-json\/wp\/v2\/product_tag?post=3274"}],"curies":[{"name":"wp","href":"https:\/\/api.w.org\/{rel}","templated":true}]}}