{"id":3278,"date":"2025-08-21T09:23:26","date_gmt":"2025-08-21T09:23:26","guid":{"rendered":"https:\/\/www.brikaelektrik.al\/?post_type=product&#038;p=3278"},"modified":"2025-08-21T09:23:26","modified_gmt":"2025-08-21T09:23:26","slug":"prize-interneti-rj-45-e-zeze","status":"publish","type":"product","link":"https:\/\/www.brikaelektrik.al\/al\/produkt\/prize-interneti-rj-45-e-zeze\/","title":{"rendered":"PRIZ\u00cb INTERNETI RJ 45 E ZEZ\u00cb"},"content":{"rendered":"<p><strong data-start=\"179\" data-end=\"188\">Seria<\/strong>: System Black<br data-start=\"229\" data-end=\"232\" \/><strong data-start=\"232\" data-end=\"241\">Lloji<\/strong>: Konektor RJ45 4P, kategoria 5e, FTP, pa vegla, 1 modul<br data-start=\"297\" data-end=\"300\" \/><strong data-start=\"300\" data-end=\"310\">Ngjyra<\/strong>: E zez\u00eb satin\u00eb<br data-start=\"325\" data-end=\"328\" data-is-only-node=\"\" \/><strong data-start=\"328\" data-end=\"341\">Materiali<\/strong>: Teknopolimer i vet\u00eb-shuar\u00eb<br data-start=\"387\" data-end=\"390\" \/><strong data-start=\"390\" data-end=\"401\">P\u00ebrmasa<\/strong>: 1 modul (p\u00ebr kuti t\u00eb drejtk\u00ebnd\u00ebsha ose katrore)<\/p>","protected":false},"excerpt":{"rendered":"<p>Seria: System BlackLloji: Konektor RJ45 4P, kategoria 5e, FTP, pa vegla, 1 modulNgjyra: E zez\u00eb satin\u00ebMateriali: Teknopolimer i vet\u00eb-shuar\u00ebP\u00ebrmasa: 1 modul (p\u00ebr kuti t\u00eb drejtk\u00ebnd\u00ebsha ose katrore)<\/p>","protected":false},"featured_media":3279,"comment_status":"open","ping_status":"closed","template":"","meta":{"_acf_changed":false},"product_brand":[],"product_cat":[40,69],"product_tag":[],"class_list":{"0":"post-3278","1":"product","2":"type-product","3":"status-publish","4":"has-post-thumbnail","6":"product_cat-serite-civile","7":"product_cat-gewiss-system","9":"first","10":"instock","11":"shipping-taxable","12":"product-type-simple"},"acf":[],"_links":{"self":[{"href":"https:\/\/www.brikaelektrik.al\/al\/wp-json\/wp\/v2\/product\/3278","targetHints":{"allow":["GET"]}}],"collection":[{"href":"https:\/\/www.brikaelektrik.al\/al\/wp-json\/wp\/v2\/product"}],"about":[{"href":"https:\/\/www.brikaelektrik.al\/al\/wp-json\/wp\/v2\/types\/product"}],"replies":[{"embeddable":true,"href":"https:\/\/www.brikaelektrik.al\/al\/wp-json\/wp\/v2\/comments?post=3278"}],"wp:featuredmedia":[{"embeddable":true,"href":"https:\/\/www.brikaelektrik.al\/al\/wp-json\/wp\/v2\/media\/3279"}],"wp:attachment":[{"href":"https:\/\/www.brikaelektrik.al\/al\/wp-json\/wp\/v2\/media?parent=3278"}],"wp:term":[{"taxonomy":"product_brand","embeddable":true,"href":"https:\/\/www.brikaelektrik.al\/al\/wp-json\/wp\/v2\/product_brand?post=3278"},{"taxonomy":"product_cat","embeddable":true,"href":"https:\/\/www.brikaelektrik.al\/al\/wp-json\/wp\/v2\/product_cat?post=3278"},{"taxonomy":"product_tag","embeddable":true,"href":"https:\/\/www.brikaelektrik.al\/al\/wp-json\/wp\/v2\/product_tag?post=3278"}],"curies":[{"name":"wp","href":"https:\/\/api.w.org\/{rel}","templated":true}]}}