{"id":3280,"date":"2025-08-21T09:25:33","date_gmt":"2025-08-21T09:25:33","guid":{"rendered":"https:\/\/www.brikaelektrik.al\/?post_type=product&#038;p=3280"},"modified":"2025-09-16T09:00:20","modified_gmt":"2025-09-16T09:00:20","slug":"prize-tv-e-bardhe-2","status":"publish","type":"product","link":"https:\/\/www.brikaelektrik.al\/al\/produkt\/prize-tv-e-bardhe-2\/","title":{"rendered":"PRIZ\u00cb TV E BARDH\u00cb"},"content":{"rendered":"<p><strong data-start=\"149\" data-end=\"158\">Seria<\/strong>: System White<br data-start=\"199\" data-end=\"202\" \/><strong data-start=\"202\" data-end=\"211\">Lloji<\/strong>: Priz\u00eb koaksiale TV (IEC fem\u00ebr 9,5 mm), 1 modul<br data-start=\"259\" data-end=\"262\" \/><strong data-start=\"262\" data-end=\"272\" data-is-only-node=\"\">Ngjyra<\/strong>: E bardh\u00eb<br data-start=\"282\" data-end=\"285\" \/><strong data-start=\"285\" data-end=\"298\">Materiali<\/strong>: Teknopolimer i vet\u00eb-shuar\u00eb<br data-start=\"326\" data-end=\"329\" \/><strong data-start=\"329\" data-end=\"341\">Mbrojtje<\/strong>: IP20<br data-start=\"347\" data-end=\"350\" \/><strong data-start=\"350\" data-end=\"370\">Tensioni nominal<\/strong>: 230\u202fV AC<\/p>","protected":false},"excerpt":{"rendered":"<p>Seria: System WhiteLloji: Priz\u00eb koaksiale TV (IEC fem\u00ebr 9,5 mm), 1 modulNgjyra: E bardh\u00ebMateriali: Teknopolimer i vet\u00eb-shuar\u00ebMbrojtje: IP20Tensioni nominal: 230\u202fV AC<\/p>","protected":false},"featured_media":3282,"comment_status":"open","ping_status":"closed","template":"","meta":{"_acf_changed":false},"product_brand":[],"product_cat":[40,69],"product_tag":[],"class_list":{"0":"post-3280","1":"product","2":"type-product","3":"status-publish","4":"has-post-thumbnail","6":"product_cat-serite-civile","7":"product_cat-gewiss-system","9":"first","10":"instock","11":"shipping-taxable","12":"product-type-simple"},"acf":[],"_links":{"self":[{"href":"https:\/\/www.brikaelektrik.al\/al\/wp-json\/wp\/v2\/product\/3280","targetHints":{"allow":["GET"]}}],"collection":[{"href":"https:\/\/www.brikaelektrik.al\/al\/wp-json\/wp\/v2\/product"}],"about":[{"href":"https:\/\/www.brikaelektrik.al\/al\/wp-json\/wp\/v2\/types\/product"}],"replies":[{"embeddable":true,"href":"https:\/\/www.brikaelektrik.al\/al\/wp-json\/wp\/v2\/comments?post=3280"}],"wp:featuredmedia":[{"embeddable":true,"href":"https:\/\/www.brikaelektrik.al\/al\/wp-json\/wp\/v2\/media\/3282"}],"wp:attachment":[{"href":"https:\/\/www.brikaelektrik.al\/al\/wp-json\/wp\/v2\/media?parent=3280"}],"wp:term":[{"taxonomy":"product_brand","embeddable":true,"href":"https:\/\/www.brikaelektrik.al\/al\/wp-json\/wp\/v2\/product_brand?post=3280"},{"taxonomy":"product_cat","embeddable":true,"href":"https:\/\/www.brikaelektrik.al\/al\/wp-json\/wp\/v2\/product_cat?post=3280"},{"taxonomy":"product_tag","embeddable":true,"href":"https:\/\/www.brikaelektrik.al\/al\/wp-json\/wp\/v2\/product_tag?post=3280"}],"curies":[{"name":"wp","href":"https:\/\/api.w.org\/{rel}","templated":true}]}}