{"id":3285,"date":"2025-08-21T09:28:18","date_gmt":"2025-08-21T09:28:18","guid":{"rendered":"https:\/\/www.brikaelektrik.al\/?post_type=product&#038;p=3285"},"modified":"2025-08-21T09:28:19","modified_gmt":"2025-08-21T09:28:19","slug":"prize-interneti-rj-45","status":"publish","type":"product","link":"https:\/\/www.brikaelektrik.al\/al\/produkt\/prize-interneti-rj-45\/","title":{"rendered":"PRIZ\u00cb INTERNETI RJ 45"},"content":{"rendered":"<p><strong data-start=\"149\" data-end=\"158\">Seria<\/strong>: System White<br data-start=\"199\" data-end=\"202\" \/><strong data-start=\"202\" data-end=\"211\">Lloji<\/strong>: Konektor RJ45 4P, kategoria 5e, FTP, pa vegla, 1 modul<br data-start=\"267\" data-end=\"270\" \/><strong data-start=\"270\" data-end=\"280\" data-is-only-node=\"\">Ngjyra<\/strong>: E bardh\u00eb<br data-start=\"290\" data-end=\"293\" \/><strong data-start=\"293\" data-end=\"306\">Materiali<\/strong>: Teknopolimer i vet\u00eb-shuar\u00eb<br data-start=\"334\" data-end=\"337\" \/><strong data-start=\"337\" data-end=\"349\">Mbrojtje<\/strong>: IP20<\/p>","protected":false},"excerpt":{"rendered":"<p>Seria: System WhiteLloji: Konektor RJ45 4P, kategoria 5e, FTP, pa vegla, 1 modulNgjyra: E bardh\u00ebMateriali: Teknopolimer i vet\u00eb-shuar\u00ebMbrojtje: IP20<\/p>","protected":false},"featured_media":3286,"comment_status":"open","ping_status":"closed","template":"","meta":{"_acf_changed":false},"product_brand":[],"product_cat":[40,69],"product_tag":[],"class_list":{"0":"post-3285","1":"product","2":"type-product","3":"status-publish","4":"has-post-thumbnail","6":"product_cat-serite-civile","7":"product_cat-gewiss-system","9":"first","10":"instock","11":"shipping-taxable","12":"product-type-simple"},"acf":[],"_links":{"self":[{"href":"https:\/\/www.brikaelektrik.al\/al\/wp-json\/wp\/v2\/product\/3285","targetHints":{"allow":["GET"]}}],"collection":[{"href":"https:\/\/www.brikaelektrik.al\/al\/wp-json\/wp\/v2\/product"}],"about":[{"href":"https:\/\/www.brikaelektrik.al\/al\/wp-json\/wp\/v2\/types\/product"}],"replies":[{"embeddable":true,"href":"https:\/\/www.brikaelektrik.al\/al\/wp-json\/wp\/v2\/comments?post=3285"}],"wp:featuredmedia":[{"embeddable":true,"href":"https:\/\/www.brikaelektrik.al\/al\/wp-json\/wp\/v2\/media\/3286"}],"wp:attachment":[{"href":"https:\/\/www.brikaelektrik.al\/al\/wp-json\/wp\/v2\/media?parent=3285"}],"wp:term":[{"taxonomy":"product_brand","embeddable":true,"href":"https:\/\/www.brikaelektrik.al\/al\/wp-json\/wp\/v2\/product_brand?post=3285"},{"taxonomy":"product_cat","embeddable":true,"href":"https:\/\/www.brikaelektrik.al\/al\/wp-json\/wp\/v2\/product_cat?post=3285"},{"taxonomy":"product_tag","embeddable":true,"href":"https:\/\/www.brikaelektrik.al\/al\/wp-json\/wp\/v2\/product_tag?post=3285"}],"curies":[{"name":"wp","href":"https:\/\/api.w.org\/{rel}","templated":true}]}}