{"id":3290,"date":"2025-08-21T09:33:46","date_gmt":"2025-08-21T09:33:46","guid":{"rendered":"https:\/\/www.brikaelektrik.al\/?post_type=product&#038;p=3290"},"modified":"2025-08-21T09:33:46","modified_gmt":"2025-08-21T09:33:46","slug":"pulsant-i-zi-me-litar","status":"publish","type":"product","link":"https:\/\/www.brikaelektrik.al\/al\/produkt\/pulsant-i-zi-me-litar\/","title":{"rendered":"PULSANT I ZI ME LITAR"},"content":{"rendered":"<p><strong data-start=\"189\" data-end=\"198\">Seria<\/strong>: System Black<br data-start=\"212\" data-end=\"215\" \/><strong data-start=\"242\" data-end=\"251\">Lloji<\/strong>: Buton i dyfisht\u00eb (2P), me \u00e7el\u00ebs t\u00ebrheq\u00ebs (pull-cord), 10\u202fA, 250\u202fV AC, 1 modul<br data-start=\"330\" data-end=\"333\" \/><strong data-start=\"333\" data-end=\"343\">Ngjyra<\/strong>: E zez\u00eb satin\u00eb<br data-start=\"358\" data-end=\"361\" data-is-only-node=\"\" \/><strong data-start=\"361\" data-end=\"374\">Materiali<\/strong>: Teknopolimer i vet\u00eb-shuar\u00eb<br data-start=\"420\" data-end=\"423\" \/><strong data-start=\"423\" data-end=\"443\">Tensioni nominal<\/strong>: 250\u202fV AC<br data-start=\"453\" data-end=\"456\" \/><strong data-start=\"456\" data-end=\"476\">Currenti nominal<\/strong>: 10\u202fA<br data-start=\"482\" data-end=\"485\" \/><strong data-start=\"485\" data-end=\"507\">Kapacitet lidhjeje<\/strong>: 0.75\u20134\u202fmm\u00b2 kabuj fleksib\u00ebl \u2022 0.5\u20132.5\u202fmm\u00b2 kabuj t\u00eb ngurt\u00eb<br data-start=\"565\" data-end=\"568\" \/><strong data-start=\"568\" data-end=\"578\">Lidhja<\/strong>: Me vida<\/p>","protected":false},"excerpt":{"rendered":"<p>Seria: System BlackLloji: Buton i dyfisht\u00eb (2P), me \u00e7el\u00ebs t\u00ebrheq\u00ebs (pull-cord), 10\u202fA, 250\u202fV AC, 1 modulNgjyra: E zez\u00eb satin\u00ebMateriali: Teknopolimer i vet\u00eb-shuar\u00ebTensioni nominal: 250\u202fV ACCurrenti nominal: 10\u202fAKapacitet lidhjeje: 0.75\u20134\u202fmm\u00b2 kabuj fleksib\u00ebl \u2022 0.5\u20132.5\u202fmm\u00b2 kabuj t\u00eb ngurt\u00ebLidhja: Me vida<\/p>","protected":false},"featured_media":3291,"comment_status":"open","ping_status":"closed","template":"","meta":{"_acf_changed":false},"product_brand":[],"product_cat":[40,69],"product_tag":[],"class_list":{"0":"post-3290","1":"product","2":"type-product","3":"status-publish","4":"has-post-thumbnail","6":"product_cat-serite-civile","7":"product_cat-gewiss-system","9":"first","10":"instock","11":"shipping-taxable","12":"product-type-simple"},"acf":[],"_links":{"self":[{"href":"https:\/\/www.brikaelektrik.al\/al\/wp-json\/wp\/v2\/product\/3290","targetHints":{"allow":["GET"]}}],"collection":[{"href":"https:\/\/www.brikaelektrik.al\/al\/wp-json\/wp\/v2\/product"}],"about":[{"href":"https:\/\/www.brikaelektrik.al\/al\/wp-json\/wp\/v2\/types\/product"}],"replies":[{"embeddable":true,"href":"https:\/\/www.brikaelektrik.al\/al\/wp-json\/wp\/v2\/comments?post=3290"}],"wp:featuredmedia":[{"embeddable":true,"href":"https:\/\/www.brikaelektrik.al\/al\/wp-json\/wp\/v2\/media\/3291"}],"wp:attachment":[{"href":"https:\/\/www.brikaelektrik.al\/al\/wp-json\/wp\/v2\/media?parent=3290"}],"wp:term":[{"taxonomy":"product_brand","embeddable":true,"href":"https:\/\/www.brikaelektrik.al\/al\/wp-json\/wp\/v2\/product_brand?post=3290"},{"taxonomy":"product_cat","embeddable":true,"href":"https:\/\/www.brikaelektrik.al\/al\/wp-json\/wp\/v2\/product_cat?post=3290"},{"taxonomy":"product_tag","embeddable":true,"href":"https:\/\/www.brikaelektrik.al\/al\/wp-json\/wp\/v2\/product_tag?post=3290"}],"curies":[{"name":"wp","href":"https:\/\/api.w.org\/{rel}","templated":true}]}}