{"id":3293,"date":"2025-08-21T09:36:26","date_gmt":"2025-08-21T09:36:26","guid":{"rendered":"https:\/\/www.brikaelektrik.al\/?post_type=product&#038;p=3293"},"modified":"2025-08-21T09:36:26","modified_gmt":"2025-08-21T09:36:26","slug":"pulsant-2-pozicione","status":"publish","type":"product","link":"https:\/\/www.brikaelektrik.al\/al\/produkt\/pulsant-2-pozicione\/","title":{"rendered":"PULSANT 2 POZICIONE"},"content":{"rendered":"<p><strong data-start=\"149\" data-end=\"158\">Seria<\/strong>: System Black<br data-start=\"199\" data-end=\"202\" \/><strong data-start=\"202\" data-end=\"211\">Lloji<\/strong>: Buton i vet\u00ebm (1P), me interblokim, simbol UP\/DOWN<br data-start=\"263\" data-end=\"266\" \/><strong data-start=\"266\" data-end=\"276\" data-is-only-node=\"\">Ngjyra<\/strong>: E zez\u00eb satin\u00eb<br data-start=\"291\" data-end=\"294\" \/><strong data-start=\"294\" data-end=\"307\">Materiali<\/strong>: Teknopolimer i vet\u00eb-shuar\u00eb<br data-start=\"353\" data-end=\"356\" \/><strong data-start=\"356\" data-end=\"367\">P\u00ebrmasa<\/strong>: 1 modul (p\u00ebr kuti t\u00eb drejtk\u00ebnd\u00ebsha ose katrore)<br data-start=\"416\" data-end=\"419\" \/><strong data-start=\"419\" data-end=\"439\">Tensioni nominal<\/strong>: 250\u202fV AC<br data-start=\"449\" data-end=\"452\" \/><strong data-start=\"452\" data-end=\"472\">Currenti nominal<\/strong>: 10\u202fA<br data-start=\"478\" data-end=\"481\" \/><strong data-start=\"481\" data-end=\"503\">Kapacitet lidhjeje<\/strong>: 0.75\u20134\u202fmm\u00b2 kabuj fleksib\u00ebl \u2022 0.5\u20132.5\u202fmm\u00b2 kabuj t\u00eb ngurt\u00eb<br data-start=\"561\" data-end=\"564\" \/><strong data-start=\"564\" data-end=\"574\">Lidhja<\/strong>: Me vida<\/p>","protected":false},"excerpt":{"rendered":"<p>Seria: System BlackLloji: Buton i vet\u00ebm (1P), me interblokim, simbol UP\/DOWNNgjyra: E zez\u00eb satin\u00ebMateriali: Teknopolimer i vet\u00eb-shuar\u00ebP\u00ebrmasa: 1 modul (p\u00ebr kuti t\u00eb drejtk\u00ebnd\u00ebsha ose katrore)Tensioni nominal: 250\u202fV ACCurrenti nominal: 10\u202fAKapacitet lidhjeje: 0.75\u20134\u202fmm\u00b2 kabuj fleksib\u00ebl \u2022 0.5\u20132.5\u202fmm\u00b2 kabuj t\u00eb ngurt\u00ebLidhja: Me vida<\/p>","protected":false},"featured_media":3294,"comment_status":"open","ping_status":"closed","template":"","meta":{"_acf_changed":false},"product_brand":[],"product_cat":[40,69],"product_tag":[],"class_list":{"0":"post-3293","1":"product","2":"type-product","3":"status-publish","4":"has-post-thumbnail","6":"product_cat-serite-civile","7":"product_cat-gewiss-system","9":"first","10":"instock","11":"shipping-taxable","12":"product-type-simple"},"acf":[],"_links":{"self":[{"href":"https:\/\/www.brikaelektrik.al\/al\/wp-json\/wp\/v2\/product\/3293","targetHints":{"allow":["GET"]}}],"collection":[{"href":"https:\/\/www.brikaelektrik.al\/al\/wp-json\/wp\/v2\/product"}],"about":[{"href":"https:\/\/www.brikaelektrik.al\/al\/wp-json\/wp\/v2\/types\/product"}],"replies":[{"embeddable":true,"href":"https:\/\/www.brikaelektrik.al\/al\/wp-json\/wp\/v2\/comments?post=3293"}],"wp:featuredmedia":[{"embeddable":true,"href":"https:\/\/www.brikaelektrik.al\/al\/wp-json\/wp\/v2\/media\/3294"}],"wp:attachment":[{"href":"https:\/\/www.brikaelektrik.al\/al\/wp-json\/wp\/v2\/media?parent=3293"}],"wp:term":[{"taxonomy":"product_brand","embeddable":true,"href":"https:\/\/www.brikaelektrik.al\/al\/wp-json\/wp\/v2\/product_brand?post=3293"},{"taxonomy":"product_cat","embeddable":true,"href":"https:\/\/www.brikaelektrik.al\/al\/wp-json\/wp\/v2\/product_cat?post=3293"},{"taxonomy":"product_tag","embeddable":true,"href":"https:\/\/www.brikaelektrik.al\/al\/wp-json\/wp\/v2\/product_tag?post=3293"}],"curies":[{"name":"wp","href":"https:\/\/api.w.org\/{rel}","templated":true}]}}