{"id":3296,"date":"2025-08-21T09:38:53","date_gmt":"2025-08-21T09:38:53","guid":{"rendered":"https:\/\/www.brikaelektrik.al\/?post_type=product&#038;p=3296"},"modified":"2025-08-21T09:38:53","modified_gmt":"2025-08-21T09:38:53","slug":"prize-tf-rj11-e-bardhe","status":"publish","type":"product","link":"https:\/\/www.brikaelektrik.al\/al\/produkt\/prize-tf-rj11-e-bardhe\/","title":{"rendered":"PRIZ\u00cb TF RJ11 E BARDH\u00cb"},"content":{"rendered":"<p><strong data-start=\"189\" data-end=\"198\">Seria<\/strong>: System White<br data-start=\"212\" data-end=\"215\" \/><strong data-start=\"242\" data-end=\"251\">Lloji<\/strong>: Priz\u00eb telefonike RJ11, 2 \u00e7ifte, kabuj t\u00eb twistuar, me terminale me vida, 1 modul<br data-start=\"333\" data-end=\"336\" \/><strong data-start=\"336\" data-end=\"346\">Ngjyra<\/strong>: E bardh\u00eb<br data-start=\"356\" data-end=\"359\" data-is-only-node=\"\" \/><strong data-start=\"359\" data-end=\"372\">Materiali<\/strong>: Teknopolimer<br data-start=\"386\" data-end=\"389\" \/><strong data-start=\"389\" data-end=\"401\">Mbrojtje<\/strong>: IP20<br data-start=\"459\" data-end=\"462\" \/><strong data-start=\"462\" data-end=\"484\">Kapacitet lidhjeje<\/strong>: Me vida<\/p>","protected":false},"excerpt":{"rendered":"<p>Seria: System WhiteLloji: Priz\u00eb telefonike RJ11, 2 \u00e7ifte, kabuj t\u00eb twistuar, me terminale me vida, 1 modulNgjyra: E bardh\u00ebMateriali: TeknopolimerMbrojtje: IP20Kapacitet lidhjeje: Me vida<\/p>","protected":false},"featured_media":3297,"comment_status":"open","ping_status":"closed","template":"","meta":{"_acf_changed":false},"product_brand":[],"product_cat":[40,69],"product_tag":[],"class_list":{"0":"post-3296","1":"product","2":"type-product","3":"status-publish","4":"has-post-thumbnail","6":"product_cat-serite-civile","7":"product_cat-gewiss-system","9":"first","10":"instock","11":"shipping-taxable","12":"product-type-simple"},"acf":[],"_links":{"self":[{"href":"https:\/\/www.brikaelektrik.al\/al\/wp-json\/wp\/v2\/product\/3296","targetHints":{"allow":["GET"]}}],"collection":[{"href":"https:\/\/www.brikaelektrik.al\/al\/wp-json\/wp\/v2\/product"}],"about":[{"href":"https:\/\/www.brikaelektrik.al\/al\/wp-json\/wp\/v2\/types\/product"}],"replies":[{"embeddable":true,"href":"https:\/\/www.brikaelektrik.al\/al\/wp-json\/wp\/v2\/comments?post=3296"}],"wp:featuredmedia":[{"embeddable":true,"href":"https:\/\/www.brikaelektrik.al\/al\/wp-json\/wp\/v2\/media\/3297"}],"wp:attachment":[{"href":"https:\/\/www.brikaelektrik.al\/al\/wp-json\/wp\/v2\/media?parent=3296"}],"wp:term":[{"taxonomy":"product_brand","embeddable":true,"href":"https:\/\/www.brikaelektrik.al\/al\/wp-json\/wp\/v2\/product_brand?post=3296"},{"taxonomy":"product_cat","embeddable":true,"href":"https:\/\/www.brikaelektrik.al\/al\/wp-json\/wp\/v2\/product_cat?post=3296"},{"taxonomy":"product_tag","embeddable":true,"href":"https:\/\/www.brikaelektrik.al\/al\/wp-json\/wp\/v2\/product_tag?post=3296"}],"curies":[{"name":"wp","href":"https:\/\/api.w.org\/{rel}","templated":true}]}}